{"id":979,"date":"2022-02-21T11:37:59","date_gmt":"2022-02-21T10:37:59","guid":{"rendered":"https:\/\/www.be-cool.nl\/?page_id=979"},"modified":"2022-03-03T10:57:01","modified_gmt":"2022-03-03T09:57:01","slug":"systemes-de-refroidissement-mobiles","status":"publish","type":"page","link":"https:\/\/www.be-cool.nl\/fr\/systemes-de-refroidissement-mobiles\/","title":{"rendered":"Syst\u00e8mes de refroidissement mobiles"},"content":{"rendered":"<h2>Syst\u00e8mes de refroidissement mobiles Be-Cool<\/h2>\n<p>Voulez-vous que les syst\u00e8mes mobiles de refroidisseur d\u2019air refroidissent les espaces de vos locaux? D\u00e9couvrez la large gamme de syst\u00e8mes de refroidissement \u00e0 Be-Cool. Les syst\u00e8mes sont de la marque Portacool et sont connus pour leur excellente qualit\u00e9. Vous achetez-vous un refroidisseur d\u2019air chez nous? Ensuite, vous pouvez compter sur un bon service. Si vous avez besoin d\u2019aide pour choisir le bon syst\u00e8me, nous sommes heureux de vous donner des conseils sur mesure.  <\/p>\n<h3>Profitez de nos refroidisseurs mobiles<\/h3>\n<p>Les syst\u00e8mes de refroidissement mobiles de Be-Cool sont \u00e9quip\u00e9s d\u2019un syst\u00e8me de refroidissement par \u00e9vaporation unique. Vous remarquez l\u2019effet du refroidissement par \u00e9vaporation lorsque vous trempez votre doigt dans un verre d\u2019eau et soufflez au-del\u00e0. Vous ressentez alors la fra\u00eecheur caus\u00e9e par l\u2019\u00e9vaporation. Les grands espaces sont refroidis de mani\u00e8re \u00e9conome en \u00e9nergie avec ce syst\u00e8me. Refroidissement avec ces refroidisseurs d\u2019air est beaucoup moins cher qu\u2019avec des refroidisseurs r\u00e9guliers. L\u2019appareil est non seulement bon pour le portefeuille, mais aussi mieux pour l\u2019environnement.  <\/p>\n<h3>Comment fonctionnent les syst\u00e8mes mobiles Portacool ?<\/h3>\n<p>Comment fonctionnent les syst\u00e8mes de refroidissement mobile de Portacool ? Les syst\u00e8mes mobiles de refroidisseur d\u2019air utilisent les plaquettes brevet\u00e9es K\u00fc\u00fcl pour extraire la chaleur de l\u2019air. Les coussinets sont faits de papier sp\u00e9cialement comprim\u00e9 et contiennent de petits canaux. La pompe \u00e0 eau dans les syst\u00e8mes mobiles pompe l\u2019eau \u00e0 travers les canaux des plaquettes. Les coussinets sont maintenus uniform\u00e9ment humides. Ensuite, l\u2019air chaud est souffl\u00e9 le long des coussinets. L\u2019eau dans les coussinets s\u2019\u00e9vapore, cr\u00e9ant l\u2019air froid. Enfin, l\u2019air froid dans votre chambre est puissamment souffl\u00e9. Avec l\u2019aide des pads K\u00fc\u00fcl, l\u2019air chaud est refroidi de 20%. Les coussinets sont \u00e9galement capables de filtrer les polluants de l\u2019air. Quel refroidisseur d\u2019air choisissez-vous? Approchez-nous et nous vous aiderons \u00e0 choisir la bonne glaci\u00e8re.  <\/p>\n<h3>Les caract\u00e9ristiques des syst\u00e8mes de refroidissement<\/h3>\n<p>Choisissez-vous nos syst\u00e8mes mobiles de refroidisseur d\u2019air ? Ensuite, vous b\u00e9n\u00e9ficierez des avantages suivants :<\/p>\n<ul>\n<li>Low cost<\/li>\n<li>\u00c9cologique<\/li>\n<li>Pratiquement sans entretien<\/li>\n<li>Pas de frais d\u2019installation<\/li>\n<li>Facile \u00e0 d\u00e9placer<\/li>\n<li>Alimentation en eau par l\u2019interm\u00e9diaire d\u2019un tuyau d\u2019arrosage ou de remplissage<\/li>\n<li>Bo\u00eetier durable en poly\u00e9thyl\u00e8ne coul\u00e9<\/li>\n<li>Id\u00e9al pour les espaces de travail de haute espace<\/li>\n<\/ul>\n<h3>Approchez-nous pour les syst\u00e8mes de refroidissement<\/h3>\n<p>Avez-vous besoin de syst\u00e8mes de refroidissement mobiles? Veuillez nous contacter au <a href=\"tel:0152002116\">015-2002116<\/a>. Vous pouvez envoyer un e-mail via <a href=mailto:info@be-cool.nl> info@be-cool.nl ou vous laisserez un message dans notre formulaire de contact en <\/a> ligne. Nous aimerions vous informer davantage sur nos syst\u00e8mes mobiles de refroidisseur d\u2019air.  <\/p>\n","protected":false},"excerpt":{"rendered":"<p>Syst\u00e8mes de refroidissement mobiles Be-Cool Voulez-vous que les syst\u00e8mes mobiles de refroidisseur d\u2019air refroidissent les espaces de vos locaux? D\u00e9couvrez la large gamme de syst\u00e8mes<a class=\"moretag\" href=\"https:\/\/www.be-cool.nl\/fr\/systemes-de-refroidissement-mobiles\/\">&#8230;<\/a><\/p>\n","protected":false},"author":1,"featured_media":0,"parent":0,"menu_order":0,"comment_status":"closed","ping_status":"closed","template":"","meta":{"_glsr_average":0,"_glsr_ranking":0,"_glsr_reviews":0,"footnotes":""},"class_list":["post-979","page","type-page","status-publish","hentry"],"yoast_head":"<!-- This site is optimized with the Yoast SEO plugin v27.5 - https:\/\/yoast.com\/product\/yoast-seo-wordpress\/ -->\n<title>Syst\u00e8mes de refroidissement mobiles - Be-Cool<\/title>\n<meta name=\"description\" content=\"Voulez-vous utiliser des syst\u00e8mes mobiles de refroidisseur d\u2019air dans votre entreprise ou \u00e0 la maison? Jetez un oeil \u00e0 la large gamme de Be-Cool. Avec nous, vous trouverez exactement le refroidisseur d\u2019air \u00e9conome en \u00e9nergie que vous voulez. Voulez-vous aussi refroidir votre espace d\u2019une mani\u00e8re \u00e9conome en \u00e9nergie? Appelez \u260e 015-2002116.\" \/>\n<meta name=\"robots\" content=\"index, follow, max-snippet:-1, max-image-preview:large, max-video-preview:-1\" \/>\n<link rel=\"canonical\" href=\"https:\/\/www.be-cool.nl\/fr\/systemes-de-refroidissement-mobiles\/\" \/>\n<meta property=\"og:locale\" content=\"fr_FR\" \/>\n<meta property=\"og:type\" content=\"article\" \/>\n<meta property=\"og:title\" content=\"Syst\u00e8mes de refroidissement mobiles - Be-Cool\" \/>\n<meta property=\"og:description\" content=\"Voulez-vous utiliser des syst\u00e8mes mobiles de refroidisseur d\u2019air dans votre entreprise ou \u00e0 la maison? Jetez un oeil \u00e0 la large gamme de Be-Cool. Avec nous, vous trouverez exactement le refroidisseur d\u2019air \u00e9conome en \u00e9nergie que vous voulez. Voulez-vous aussi refroidir votre espace d\u2019une mani\u00e8re \u00e9conome en \u00e9nergie? Appelez \u260e 015-2002116.\" \/>\n<meta property=\"og:url\" content=\"https:\/\/www.be-cool.nl\/fr\/systemes-de-refroidissement-mobiles\/\" \/>\n<meta property=\"og:site_name\" content=\"Be-Cool\" \/>\n<meta property=\"article:modified_time\" content=\"2022-03-03T09:57:01+00:00\" \/>\n<meta name=\"twitter:card\" content=\"summary_large_image\" \/>\n<meta name=\"twitter:label1\" content=\"Dur\u00e9e de lecture estim\u00e9e\" \/>\n\t<meta name=\"twitter:data1\" content=\"2 minutes\" \/>\n<script type=\"application\/ld+json\" class=\"yoast-schema-graph\">{\"@context\":\"https:\\\/\\\/schema.org\",\"@graph\":[{\"@type\":\"WebPage\",\"@id\":\"https:\\\/\\\/www.be-cool.nl\\\/fr\\\/systemes-de-refroidissement-mobiles\\\/\",\"url\":\"https:\\\/\\\/www.be-cool.nl\\\/fr\\\/systemes-de-refroidissement-mobiles\\\/\",\"name\":\"Syst\u00e8mes de refroidissement mobiles - Be-Cool\",\"isPartOf\":{\"@id\":\"https:\\\/\\\/www.be-cool.nl\\\/fr\\\/#website\"},\"datePublished\":\"2022-02-21T10:37:59+00:00\",\"dateModified\":\"2022-03-03T09:57:01+00:00\",\"description\":\"Voulez-vous utiliser des syst\u00e8mes mobiles de refroidisseur d\u2019air dans votre entreprise ou \u00e0 la maison? Jetez un oeil \u00e0 la large gamme de Be-Cool. Avec nous, vous trouverez exactement le refroidisseur d\u2019air \u00e9conome en \u00e9nergie que vous voulez. Voulez-vous aussi refroidir votre espace d\u2019une mani\u00e8re \u00e9conome en \u00e9nergie? Appelez \u260e 015-2002116.\",\"breadcrumb\":{\"@id\":\"https:\\\/\\\/www.be-cool.nl\\\/fr\\\/systemes-de-refroidissement-mobiles\\\/#breadcrumb\"},\"inLanguage\":\"fr-FR\",\"potentialAction\":[{\"@type\":\"ReadAction\",\"target\":[\"https:\\\/\\\/www.be-cool.nl\\\/fr\\\/systemes-de-refroidissement-mobiles\\\/\"]}]},{\"@type\":\"BreadcrumbList\",\"@id\":\"https:\\\/\\\/www.be-cool.nl\\\/fr\\\/systemes-de-refroidissement-mobiles\\\/#breadcrumb\",\"itemListElement\":[{\"@type\":\"ListItem\",\"position\":1,\"name\":\"Home\",\"item\":\"https:\\\/\\\/www.be-cool.nl\\\/fr\\\/\"},{\"@type\":\"ListItem\",\"position\":2,\"name\":\"Syst\u00e8mes de refroidissement mobiles\"}]},{\"@type\":\"WebSite\",\"@id\":\"https:\\\/\\\/www.be-cool.nl\\\/fr\\\/#website\",\"url\":\"https:\\\/\\\/www.be-cool.nl\\\/fr\\\/\",\"name\":\"Be-Cool\",\"description\":\"\",\"publisher\":{\"@id\":\"https:\\\/\\\/www.be-cool.nl\\\/fr\\\/#organization\"},\"potentialAction\":[{\"@type\":\"SearchAction\",\"target\":{\"@type\":\"EntryPoint\",\"urlTemplate\":\"https:\\\/\\\/www.be-cool.nl\\\/fr\\\/?s={search_term_string}\"},\"query-input\":{\"@type\":\"PropertyValueSpecification\",\"valueRequired\":true,\"valueName\":\"search_term_string\"}}],\"inLanguage\":\"fr-FR\"},{\"@type\":\"Organization\",\"@id\":\"https:\\\/\\\/www.be-cool.nl\\\/fr\\\/#organization\",\"name\":\"Be-Cool\",\"url\":\"https:\\\/\\\/www.be-cool.nl\\\/fr\\\/\",\"logo\":{\"@type\":\"ImageObject\",\"inLanguage\":\"fr-FR\",\"@id\":\"https:\\\/\\\/www.be-cool.nl\\\/fr\\\/#\\\/schema\\\/logo\\\/image\\\/\",\"url\":\"https:\\\/\\\/www.be-cool.nl\\\/wp-content\\\/uploads\\\/Be-cool_Logo.png\",\"contentUrl\":\"https:\\\/\\\/www.be-cool.nl\\\/wp-content\\\/uploads\\\/Be-cool_Logo.png\",\"width\":426,\"height\":142,\"caption\":\"Be-Cool\"},\"image\":{\"@id\":\"https:\\\/\\\/www.be-cool.nl\\\/fr\\\/#\\\/schema\\\/logo\\\/image\\\/\"}}]}<\/script>\n<!-- \/ Yoast SEO plugin. -->","yoast_head_json":{"title":"Syst\u00e8mes de refroidissement mobiles - Be-Cool","description":"Voulez-vous utiliser des syst\u00e8mes mobiles de refroidisseur d\u2019air dans votre entreprise ou \u00e0 la maison? Jetez un oeil \u00e0 la large gamme de Be-Cool. Avec nous, vous trouverez exactement le refroidisseur d\u2019air \u00e9conome en \u00e9nergie que vous voulez. Voulez-vous aussi refroidir votre espace d\u2019une mani\u00e8re \u00e9conome en \u00e9nergie? Appelez \u260e 015-2002116.","robots":{"index":"index","follow":"follow","max-snippet":"max-snippet:-1","max-image-preview":"max-image-preview:large","max-video-preview":"max-video-preview:-1"},"canonical":"https:\/\/www.be-cool.nl\/fr\/systemes-de-refroidissement-mobiles\/","og_locale":"fr_FR","og_type":"article","og_title":"Syst\u00e8mes de refroidissement mobiles - Be-Cool","og_description":"Voulez-vous utiliser des syst\u00e8mes mobiles de refroidisseur d\u2019air dans votre entreprise ou \u00e0 la maison? Jetez un oeil \u00e0 la large gamme de Be-Cool. Avec nous, vous trouverez exactement le refroidisseur d\u2019air \u00e9conome en \u00e9nergie que vous voulez. Voulez-vous aussi refroidir votre espace d\u2019une mani\u00e8re \u00e9conome en \u00e9nergie? Appelez \u260e 015-2002116.","og_url":"https:\/\/www.be-cool.nl\/fr\/systemes-de-refroidissement-mobiles\/","og_site_name":"Be-Cool","article_modified_time":"2022-03-03T09:57:01+00:00","twitter_card":"summary_large_image","twitter_misc":{"Dur\u00e9e de lecture estim\u00e9e":"2 minutes"},"schema":{"@context":"https:\/\/schema.org","@graph":[{"@type":"WebPage","@id":"https:\/\/www.be-cool.nl\/fr\/systemes-de-refroidissement-mobiles\/","url":"https:\/\/www.be-cool.nl\/fr\/systemes-de-refroidissement-mobiles\/","name":"Syst\u00e8mes de refroidissement mobiles - Be-Cool","isPartOf":{"@id":"https:\/\/www.be-cool.nl\/fr\/#website"},"datePublished":"2022-02-21T10:37:59+00:00","dateModified":"2022-03-03T09:57:01+00:00","description":"Voulez-vous utiliser des syst\u00e8mes mobiles de refroidisseur d\u2019air dans votre entreprise ou \u00e0 la maison? Jetez un oeil \u00e0 la large gamme de Be-Cool. Avec nous, vous trouverez exactement le refroidisseur d\u2019air \u00e9conome en \u00e9nergie que vous voulez. Voulez-vous aussi refroidir votre espace d\u2019une mani\u00e8re \u00e9conome en \u00e9nergie? Appelez \u260e 015-2002116.","breadcrumb":{"@id":"https:\/\/www.be-cool.nl\/fr\/systemes-de-refroidissement-mobiles\/#breadcrumb"},"inLanguage":"fr-FR","potentialAction":[{"@type":"ReadAction","target":["https:\/\/www.be-cool.nl\/fr\/systemes-de-refroidissement-mobiles\/"]}]},{"@type":"BreadcrumbList","@id":"https:\/\/www.be-cool.nl\/fr\/systemes-de-refroidissement-mobiles\/#breadcrumb","itemListElement":[{"@type":"ListItem","position":1,"name":"Home","item":"https:\/\/www.be-cool.nl\/fr\/"},{"@type":"ListItem","position":2,"name":"Syst\u00e8mes de refroidissement mobiles"}]},{"@type":"WebSite","@id":"https:\/\/www.be-cool.nl\/fr\/#website","url":"https:\/\/www.be-cool.nl\/fr\/","name":"Be-Cool","description":"","publisher":{"@id":"https:\/\/www.be-cool.nl\/fr\/#organization"},"potentialAction":[{"@type":"SearchAction","target":{"@type":"EntryPoint","urlTemplate":"https:\/\/www.be-cool.nl\/fr\/?s={search_term_string}"},"query-input":{"@type":"PropertyValueSpecification","valueRequired":true,"valueName":"search_term_string"}}],"inLanguage":"fr-FR"},{"@type":"Organization","@id":"https:\/\/www.be-cool.nl\/fr\/#organization","name":"Be-Cool","url":"https:\/\/www.be-cool.nl\/fr\/","logo":{"@type":"ImageObject","inLanguage":"fr-FR","@id":"https:\/\/www.be-cool.nl\/fr\/#\/schema\/logo\/image\/","url":"https:\/\/www.be-cool.nl\/wp-content\/uploads\/Be-cool_Logo.png","contentUrl":"https:\/\/www.be-cool.nl\/wp-content\/uploads\/Be-cool_Logo.png","width":426,"height":142,"caption":"Be-Cool"},"image":{"@id":"https:\/\/www.be-cool.nl\/fr\/#\/schema\/logo\/image\/"}}]}},"_links":{"self":[{"href":"https:\/\/www.be-cool.nl\/fr\/wp-json\/wp\/v2\/pages\/979","targetHints":{"allow":["GET"]}}],"collection":[{"href":"https:\/\/www.be-cool.nl\/fr\/wp-json\/wp\/v2\/pages"}],"about":[{"href":"https:\/\/www.be-cool.nl\/fr\/wp-json\/wp\/v2\/types\/page"}],"author":[{"embeddable":true,"href":"https:\/\/www.be-cool.nl\/fr\/wp-json\/wp\/v2\/users\/1"}],"replies":[{"embeddable":true,"href":"https:\/\/www.be-cool.nl\/fr\/wp-json\/wp\/v2\/comments?post=979"}],"version-history":[{"count":1,"href":"https:\/\/www.be-cool.nl\/fr\/wp-json\/wp\/v2\/pages\/979\/revisions"}],"predecessor-version":[{"id":980,"href":"https:\/\/www.be-cool.nl\/fr\/wp-json\/wp\/v2\/pages\/979\/revisions\/980"}],"wp:attachment":[{"href":"https:\/\/www.be-cool.nl\/fr\/wp-json\/wp\/v2\/media?parent=979"}],"curies":[{"name":"wp","href":"https:\/\/api.w.org\/{rel}","templated":true}]}}