{"id":1412,"date":"2022-03-07T12:30:17","date_gmt":"2022-03-07T11:30:17","guid":{"rendered":"https:\/\/www.be-cool.nl\/?post_type=product&#038;p=1412"},"modified":"2022-06-08T08:39:45","modified_gmt":"2022-06-08T06:39:45","slug":"rtv-a300-uv-c-purificateur-dair","status":"publish","type":"product","link":"https:\/\/www.be-cool.nl\/fr\/winkel\/be-cool-serie-fr\/rtv-a300-uv-c-purificateur-dair\/","title":{"rendered":"RTV-A300 UV-C PURIFICATEUR D&rsquo;AIR"},"content":{"rendered":"<div class=\"wpb-content-wrapper\"><p>[vc_row full_width=\u00a0\u00bbstretch_row\u00a0\u00bb css=\u00a0\u00bb.vc_custom_1644047158141{padding-top: 60px !important;padding-bottom: 60px !important;background-color: rgba(241,241,241,0.6) !important;*background-color: rgb(241,241,241) !important;}\u00a0\u00bb][vc_column][vc_row_inner equal_height=\u00a0\u00bbyes\u00a0\u00bb content_placement=\u00a0\u00bbmiddle\u00a0\u00bb][vc_column_inner width=\u00a0\u00bb2\/3&Prime;][vc_column_text]<\/p>\n<h3>Caract\u00e9ristiques<\/h3>\n<p>L&rsquo;unit\u00e9 offre une solution \u00e0 divers probl\u00e8mes dans l&rsquo;air : pollen, odeurs ou micro-organismes nocifs.<\/p>\n<p>L&rsquo;unit\u00e9 a une grande capacit\u00e9 unique en combinaison avec un prix tr\u00e8s attractif. Des ann\u00e9es de d\u00e9veloppement ont permis de rendre l&rsquo;unit\u00e9 tr\u00e8s compacte et l\u00e9g\u00e8re. Cela rend l&rsquo;appareil facile \u00e0 d\u00e9placer et prend peu de place.<\/p>\n<p>L&rsquo;air est fourni par les deux c\u00f4t\u00e9s de l&rsquo;unit\u00e9. L&rsquo;air aspir\u00e9 passe ensuite \u00e0 travers un module de d\u00e9sinfection des deux c\u00f4t\u00e9s. Le puissant ventilateur souffle ensuite l&rsquo;air pur en haut de l&rsquo;appareil dans 4 directions.[\/vc_column_text][vc_btn title=\u00a0\u00bbCliquez ici pour la pr\u00e9sentation\u00a0\u00bb style=\u00a0\u00bbcustom\u00a0\u00bb custom_background=\u00a0\u00bb#0db42d\u00a0\u00bb custom_text=\u00a0\u00bb#ffffff\u00a0\u00bb size=\u00a0\u00bblg\u00a0\u00bb link=\u00a0\u00bburl:%2Fwp-content%2Fuploads%2FBe-cool-Presentatie-ventilatie-luchtdesinfectie-2.pdf|target:_blank\u00a0\u00bb][\/vc_column_inner][vc_column_inner width=\u00a0\u00bb1\/3&Prime;][vc_single_image image=\u00a0\u00bb1255&Prime; img_size=\u00a0\u00bbfull\u00a0\u00bb][\/vc_column_inner][\/vc_row_inner][\/vc_column][\/vc_row][vc_row full_width=\u00a0\u00bbstretch_row\u00a0\u00bb el_class=\u00a0\u00bbcenter black-bg\u00a0\u00bb css=\u00a0\u00bb.vc_custom_1644050982268{padding-bottom: 20px !important;background-color: #000000 !important;}\u00a0\u00bb][vc_column][vc_column_text]<\/p>\n<h2>Curieux de conna\u00eetre les possibilit\u00e9s?<\/h2>\n<p>[\/vc_column_text][vc_btn title=\u00a0\u00bb015 \u2013 200 2116&Prime; style=\u00a0\u00bbcustom\u00a0\u00bb custom_background=\u00a0\u00bb\u00a0\u00bb custom_text=\u00a0\u00bb\u00a0\u00bb i_icon_fontawesome=\u00a0\u00bbfas fa-phone-alt\u00a0\u00bb add_icon=\u00a0\u00bbtrue\u00a0\u00bb link=\u00a0\u00bburl:tel%3A015%E2%80%932002116&Prime; el_class=\u00a0\u00bbgreen-btn\u00a0\u00bb][vc_btn title=\u00a0\u00bbinfo@be-cool.nl\u00a0\u00bb style=\u00a0\u00bbcustom\u00a0\u00bb custom_background=\u00a0\u00bb\u00a0\u00bb custom_text=\u00a0\u00bb\u00a0\u00bb i_icon_fontawesome=\u00a0\u00bbfas fa-envelope\u00a0\u00bb add_icon=\u00a0\u00bbtrue\u00a0\u00bb link=\u00a0\u00bburl:mailto%3Ainfo%40be-cool.nl\u00a0\u00bb el_class=\u00a0\u00bbborder-green-btn\u00a0\u00bb][\/vc_column][\/vc_row][vc_row full_width=\u00a0\u00bbstretch_row\u00a0\u00bb css=\u00a0\u00bb.vc_custom_1644049437861{padding-top: 40px !important;padding-bottom: 40px !important;}\u00a0\u00bb][vc_column offset=\u00a0\u00bbvc_hidden-lg vc_hidden-md vc_hidden-sm vc_hidden-xs\u00a0\u00bb][vc_row_inner][vc_column_inner][vc_column_text]<\/p>\n<h3>Kenmerken<\/h3>\n<ul class=\"check-icon\">\n<li>Deze effici\u00ebnte adiabatische koeler maakt gebruik van ongeveer dezelfde versterkers als een standaard stofzuiger<\/li>\n<li>Subsidie mogelijkheden<\/li>\n<li>Grotere afvoer zorgt voor eenvoudig en effectief onderhoud<\/li>\n<li>Uitgerust met Comfort verdamping K\u00fc\u00fcl pads , de hoogste kwaliteit K\u00fc\u00fcl pads beschikbaar en is gemaakt in de VS exclusief voor Port A Cool producten.<\/li>\n<li>Water indicator met automatische pomp uitschakeling beschermt uw product.<\/li>\n<li>Levenslange garantie op de omhulsel van de verdampingskoeler tegen fabrieksfouten en drie jaar garantie op alle elektrische componenten<\/li>\n<\/ul>\n<p>[\/vc_column_text][\/vc_column_inner][\/vc_row_inner][\/vc_column][\/vc_row]<\/p>\n<\/div>","protected":false},"excerpt":{"rendered":"<p>Le RTV-A300 est une unit\u00e9 mobile de d\u00e9sinfection de l&rsquo;air de haute qualit\u00e9 pour les pi\u00e8ces jusqu&rsquo;\u00e0 environ 400 m\u00e8tres carr\u00e9s (1200 M3). Le RTV-A300 a \u00e9t\u00e9 con\u00e7u et d\u00e9velopp\u00e9 aux Pays-Bas et est produit aux Pays-Bas.<\/p>\n","protected":false},"featured_media":1269,"template":"","meta":{"_glsr_average":0,"_glsr_ranking":0,"_glsr_reviews":0},"product_brand":[],"product_cat":[109],"product_tag":[],"class_list":{"0":"post-1412","1":"product","2":"type-product","3":"status-publish","4":"has-post-thumbnail","6":"product_cat-be-cool-serie-fr","8":"first","9":"instock","10":"shipping-taxable","11":"product-type-simple"},"yoast_head":"<!-- This site is optimized with the Yoast SEO plugin v27.4 - https:\/\/yoast.com\/product\/yoast-seo-wordpress\/ -->\n<title>RTV-A300 UV-C PURIFICATEUR D&#039;AIR - Be-Cool<\/title>\n<meta name=\"robots\" content=\"index, follow, max-snippet:-1, max-image-preview:large, max-video-preview:-1\" \/>\n<link rel=\"canonical\" href=\"https:\/\/www.be-cool.nl\/fr\/winkel\/be-cool-serie-fr\/rtv-a300-uv-c-purificateur-dair\/\" \/>\n<meta property=\"og:locale\" content=\"fr_FR\" \/>\n<meta property=\"og:type\" content=\"article\" \/>\n<meta property=\"og:title\" content=\"RTV-A300 UV-C PURIFICATEUR D&#039;AIR - Be-Cool\" \/>\n<meta property=\"og:description\" content=\"Le RTV-A300 est une unit\u00e9 mobile de d\u00e9sinfection de l&#039;air de haute qualit\u00e9 pour les pi\u00e8ces jusqu&#039;\u00e0 environ 400 m\u00e8tres carr\u00e9s (1200 M3). Le RTV-A300 a \u00e9t\u00e9 con\u00e7u et d\u00e9velopp\u00e9 aux Pays-Bas et est produit aux Pays-Bas.\" \/>\n<meta property=\"og:url\" content=\"https:\/\/www.be-cool.nl\/fr\/winkel\/be-cool-serie-fr\/rtv-a300-uv-c-purificateur-dair\/\" \/>\n<meta property=\"og:site_name\" content=\"Be-Cool\" \/>\n<meta property=\"article:modified_time\" content=\"2022-06-08T06:39:45+00:00\" \/>\n<meta property=\"og:image\" content=\"https:\/\/www.be-cool.nl\/wp-content\/uploads\/RTV-A300-UV-C-LUCHTREINIGER_1024x1024.jpg\" \/>\n\t<meta property=\"og:image:width\" content=\"1024\" \/>\n\t<meta property=\"og:image:height\" content=\"1024\" \/>\n\t<meta property=\"og:image:type\" content=\"image\/jpeg\" \/>\n<meta name=\"twitter:card\" content=\"summary_large_image\" \/>\n<meta name=\"twitter:label1\" content=\"Dur\u00e9e de lecture estim\u00e9e\" \/>\n\t<meta name=\"twitter:data1\" content=\"2 minutes\" \/>\n<script type=\"application\/ld+json\" class=\"yoast-schema-graph\">{\"@context\":\"https:\\\/\\\/schema.org\",\"@graph\":[{\"@type\":\"WebPage\",\"@id\":\"https:\\\/\\\/www.be-cool.nl\\\/fr\\\/winkel\\\/be-cool-serie-fr\\\/rtv-a300-uv-c-purificateur-dair\\\/\",\"url\":\"https:\\\/\\\/www.be-cool.nl\\\/fr\\\/winkel\\\/be-cool-serie-fr\\\/rtv-a300-uv-c-purificateur-dair\\\/\",\"name\":\"RTV-A300 UV-C PURIFICATEUR D'AIR - Be-Cool\",\"isPartOf\":{\"@id\":\"https:\\\/\\\/www.be-cool.nl\\\/fr\\\/#website\"},\"primaryImageOfPage\":{\"@id\":\"https:\\\/\\\/www.be-cool.nl\\\/fr\\\/winkel\\\/be-cool-serie-fr\\\/rtv-a300-uv-c-purificateur-dair\\\/#primaryimage\"},\"image\":{\"@id\":\"https:\\\/\\\/www.be-cool.nl\\\/fr\\\/winkel\\\/be-cool-serie-fr\\\/rtv-a300-uv-c-purificateur-dair\\\/#primaryimage\"},\"thumbnailUrl\":\"https:\\\/\\\/www.be-cool.nl\\\/wp-content\\\/uploads\\\/RTV-A300-UV-C-LUCHTREINIGER_1024x1024.jpg\",\"datePublished\":\"2022-03-07T11:30:17+00:00\",\"dateModified\":\"2022-06-08T06:39:45+00:00\",\"breadcrumb\":{\"@id\":\"https:\\\/\\\/www.be-cool.nl\\\/fr\\\/winkel\\\/be-cool-serie-fr\\\/rtv-a300-uv-c-purificateur-dair\\\/#breadcrumb\"},\"inLanguage\":\"fr-FR\",\"potentialAction\":[{\"@type\":\"ReadAction\",\"target\":[\"https:\\\/\\\/www.be-cool.nl\\\/fr\\\/winkel\\\/be-cool-serie-fr\\\/rtv-a300-uv-c-purificateur-dair\\\/\"]}]},{\"@type\":\"ImageObject\",\"inLanguage\":\"fr-FR\",\"@id\":\"https:\\\/\\\/www.be-cool.nl\\\/fr\\\/winkel\\\/be-cool-serie-fr\\\/rtv-a300-uv-c-purificateur-dair\\\/#primaryimage\",\"url\":\"https:\\\/\\\/www.be-cool.nl\\\/wp-content\\\/uploads\\\/RTV-A300-UV-C-LUCHTREINIGER_1024x1024.jpg\",\"contentUrl\":\"https:\\\/\\\/www.be-cool.nl\\\/wp-content\\\/uploads\\\/RTV-A300-UV-C-LUCHTREINIGER_1024x1024.jpg\",\"width\":1024,\"height\":1024},{\"@type\":\"BreadcrumbList\",\"@id\":\"https:\\\/\\\/www.be-cool.nl\\\/fr\\\/winkel\\\/be-cool-serie-fr\\\/rtv-a300-uv-c-purificateur-dair\\\/#breadcrumb\",\"itemListElement\":[{\"@type\":\"ListItem\",\"position\":1,\"name\":\"Home\",\"item\":\"https:\\\/\\\/www.be-cool.nl\\\/fr\\\/\"},{\"@type\":\"ListItem\",\"position\":2,\"name\":\"Producten\",\"item\":\"https:\\\/\\\/www.be-cool.nl\\\/producten\\\/\"},{\"@type\":\"ListItem\",\"position\":3,\"name\":\"RTV-A300 UV-C PURIFICATEUR D&#8217;AIR\"}]},{\"@type\":\"WebSite\",\"@id\":\"https:\\\/\\\/www.be-cool.nl\\\/fr\\\/#website\",\"url\":\"https:\\\/\\\/www.be-cool.nl\\\/fr\\\/\",\"name\":\"Be-Cool\",\"description\":\"\",\"publisher\":{\"@id\":\"https:\\\/\\\/www.be-cool.nl\\\/fr\\\/#organization\"},\"potentialAction\":[{\"@type\":\"SearchAction\",\"target\":{\"@type\":\"EntryPoint\",\"urlTemplate\":\"https:\\\/\\\/www.be-cool.nl\\\/fr\\\/?s={search_term_string}\"},\"query-input\":{\"@type\":\"PropertyValueSpecification\",\"valueRequired\":true,\"valueName\":\"search_term_string\"}}],\"inLanguage\":\"fr-FR\"},{\"@type\":\"Organization\",\"@id\":\"https:\\\/\\\/www.be-cool.nl\\\/fr\\\/#organization\",\"name\":\"Be-Cool\",\"url\":\"https:\\\/\\\/www.be-cool.nl\\\/fr\\\/\",\"logo\":{\"@type\":\"ImageObject\",\"inLanguage\":\"fr-FR\",\"@id\":\"https:\\\/\\\/www.be-cool.nl\\\/fr\\\/#\\\/schema\\\/logo\\\/image\\\/\",\"url\":\"https:\\\/\\\/www.be-cool.nl\\\/wp-content\\\/uploads\\\/Be-cool_Logo.png\",\"contentUrl\":\"https:\\\/\\\/www.be-cool.nl\\\/wp-content\\\/uploads\\\/Be-cool_Logo.png\",\"width\":426,\"height\":142,\"caption\":\"Be-Cool\"},\"image\":{\"@id\":\"https:\\\/\\\/www.be-cool.nl\\\/fr\\\/#\\\/schema\\\/logo\\\/image\\\/\"}}]}<\/script>\n<!-- \/ Yoast SEO plugin. -->","yoast_head_json":{"title":"RTV-A300 UV-C PURIFICATEUR D'AIR - Be-Cool","robots":{"index":"index","follow":"follow","max-snippet":"max-snippet:-1","max-image-preview":"max-image-preview:large","max-video-preview":"max-video-preview:-1"},"canonical":"https:\/\/www.be-cool.nl\/fr\/winkel\/be-cool-serie-fr\/rtv-a300-uv-c-purificateur-dair\/","og_locale":"fr_FR","og_type":"article","og_title":"RTV-A300 UV-C PURIFICATEUR D'AIR - Be-Cool","og_description":"Le RTV-A300 est une unit\u00e9 mobile de d\u00e9sinfection de l'air de haute qualit\u00e9 pour les pi\u00e8ces jusqu'\u00e0 environ 400 m\u00e8tres carr\u00e9s (1200 M3). Le RTV-A300 a \u00e9t\u00e9 con\u00e7u et d\u00e9velopp\u00e9 aux Pays-Bas et est produit aux Pays-Bas.","og_url":"https:\/\/www.be-cool.nl\/fr\/winkel\/be-cool-serie-fr\/rtv-a300-uv-c-purificateur-dair\/","og_site_name":"Be-Cool","article_modified_time":"2022-06-08T06:39:45+00:00","og_image":[{"width":1024,"height":1024,"url":"https:\/\/www.be-cool.nl\/wp-content\/uploads\/RTV-A300-UV-C-LUCHTREINIGER_1024x1024.jpg","type":"image\/jpeg"}],"twitter_card":"summary_large_image","twitter_misc":{"Dur\u00e9e de lecture estim\u00e9e":"2 minutes"},"schema":{"@context":"https:\/\/schema.org","@graph":[{"@type":"WebPage","@id":"https:\/\/www.be-cool.nl\/fr\/winkel\/be-cool-serie-fr\/rtv-a300-uv-c-purificateur-dair\/","url":"https:\/\/www.be-cool.nl\/fr\/winkel\/be-cool-serie-fr\/rtv-a300-uv-c-purificateur-dair\/","name":"RTV-A300 UV-C PURIFICATEUR D'AIR - Be-Cool","isPartOf":{"@id":"https:\/\/www.be-cool.nl\/fr\/#website"},"primaryImageOfPage":{"@id":"https:\/\/www.be-cool.nl\/fr\/winkel\/be-cool-serie-fr\/rtv-a300-uv-c-purificateur-dair\/#primaryimage"},"image":{"@id":"https:\/\/www.be-cool.nl\/fr\/winkel\/be-cool-serie-fr\/rtv-a300-uv-c-purificateur-dair\/#primaryimage"},"thumbnailUrl":"https:\/\/www.be-cool.nl\/wp-content\/uploads\/RTV-A300-UV-C-LUCHTREINIGER_1024x1024.jpg","datePublished":"2022-03-07T11:30:17+00:00","dateModified":"2022-06-08T06:39:45+00:00","breadcrumb":{"@id":"https:\/\/www.be-cool.nl\/fr\/winkel\/be-cool-serie-fr\/rtv-a300-uv-c-purificateur-dair\/#breadcrumb"},"inLanguage":"fr-FR","potentialAction":[{"@type":"ReadAction","target":["https:\/\/www.be-cool.nl\/fr\/winkel\/be-cool-serie-fr\/rtv-a300-uv-c-purificateur-dair\/"]}]},{"@type":"ImageObject","inLanguage":"fr-FR","@id":"https:\/\/www.be-cool.nl\/fr\/winkel\/be-cool-serie-fr\/rtv-a300-uv-c-purificateur-dair\/#primaryimage","url":"https:\/\/www.be-cool.nl\/wp-content\/uploads\/RTV-A300-UV-C-LUCHTREINIGER_1024x1024.jpg","contentUrl":"https:\/\/www.be-cool.nl\/wp-content\/uploads\/RTV-A300-UV-C-LUCHTREINIGER_1024x1024.jpg","width":1024,"height":1024},{"@type":"BreadcrumbList","@id":"https:\/\/www.be-cool.nl\/fr\/winkel\/be-cool-serie-fr\/rtv-a300-uv-c-purificateur-dair\/#breadcrumb","itemListElement":[{"@type":"ListItem","position":1,"name":"Home","item":"https:\/\/www.be-cool.nl\/fr\/"},{"@type":"ListItem","position":2,"name":"Producten","item":"https:\/\/www.be-cool.nl\/producten\/"},{"@type":"ListItem","position":3,"name":"RTV-A300 UV-C PURIFICATEUR D&#8217;AIR"}]},{"@type":"WebSite","@id":"https:\/\/www.be-cool.nl\/fr\/#website","url":"https:\/\/www.be-cool.nl\/fr\/","name":"Be-Cool","description":"","publisher":{"@id":"https:\/\/www.be-cool.nl\/fr\/#organization"},"potentialAction":[{"@type":"SearchAction","target":{"@type":"EntryPoint","urlTemplate":"https:\/\/www.be-cool.nl\/fr\/?s={search_term_string}"},"query-input":{"@type":"PropertyValueSpecification","valueRequired":true,"valueName":"search_term_string"}}],"inLanguage":"fr-FR"},{"@type":"Organization","@id":"https:\/\/www.be-cool.nl\/fr\/#organization","name":"Be-Cool","url":"https:\/\/www.be-cool.nl\/fr\/","logo":{"@type":"ImageObject","inLanguage":"fr-FR","@id":"https:\/\/www.be-cool.nl\/fr\/#\/schema\/logo\/image\/","url":"https:\/\/www.be-cool.nl\/wp-content\/uploads\/Be-cool_Logo.png","contentUrl":"https:\/\/www.be-cool.nl\/wp-content\/uploads\/Be-cool_Logo.png","width":426,"height":142,"caption":"Be-Cool"},"image":{"@id":"https:\/\/www.be-cool.nl\/fr\/#\/schema\/logo\/image\/"}}]}},"_links":{"self":[{"href":"https:\/\/www.be-cool.nl\/fr\/wp-json\/wp\/v2\/product\/1412","targetHints":{"allow":["GET"]}}],"collection":[{"href":"https:\/\/www.be-cool.nl\/fr\/wp-json\/wp\/v2\/product"}],"about":[{"href":"https:\/\/www.be-cool.nl\/fr\/wp-json\/wp\/v2\/types\/product"}],"wp:featuredmedia":[{"embeddable":true,"href":"https:\/\/www.be-cool.nl\/fr\/wp-json\/wp\/v2\/media\/1269"}],"wp:attachment":[{"href":"https:\/\/www.be-cool.nl\/fr\/wp-json\/wp\/v2\/media?parent=1412"}],"wp:term":[{"taxonomy":"product_brand","embeddable":true,"href":"https:\/\/www.be-cool.nl\/fr\/wp-json\/wp\/v2\/product_brand?post=1412"},{"taxonomy":"product_cat","embeddable":true,"href":"https:\/\/www.be-cool.nl\/fr\/wp-json\/wp\/v2\/product_cat?post=1412"},{"taxonomy":"product_tag","embeddable":true,"href":"https:\/\/www.be-cool.nl\/fr\/wp-json\/wp\/v2\/product_tag?post=1412"}],"curies":[{"name":"wp","href":"https:\/\/api.w.org\/{rel}","templated":true}]}}