{"id":1856,"date":"2023-05-26T14:53:29","date_gmt":"2023-05-26T12:53:29","guid":{"rendered":"https:\/\/www.be-cool.nl\/winkel\/niet-gecategoriseerd\/be-cool-wind-force-7-m221\/"},"modified":"2025-09-01T13:32:14","modified_gmt":"2025-09-01T11:32:14","slug":"be-cool-wind-force-7-m221","status":"publish","type":"product","link":"https:\/\/www.be-cool.nl\/fr\/winkel\/be-cool-serie-fr\/be-cool-wind-force-7-m221\/","title":{"rendered":"Be-Cool wind force 7 M221"},"content":{"rendered":"<p><\/p>\n","protected":false},"excerpt":{"rendered":"<p>Le refroidissement par air portable avec lumi\u00e8re UV int\u00e9gr\u00e9e \u00e9limine tout risque de d\u00e9sinfection par les virus et les bact\u00e9ries. Avec sa consommation d&rsquo;\u00e9nergie minimale, le Wind Force 7 est id\u00e9al pour refroidir des pi\u00e8ces jusqu&rsquo;\u00e0 330 m2 qui ne sont pas adapt\u00e9es \u00e0 la climatisation traditionnelle.<\/p>\n<h3>Caract\u00e9ristiques<\/h3>\n<ul class=\"check-icon\">\n<li>Capacit\u00e9 de refroidissement : 300\/330m2<\/li>\n<li>Consommation \u00e9lectrique : 800 watts<\/li>\n<li>Son : 67 dB<\/li>\n<li>Poids : 65 kg<\/li>\n<li>Dimensions : 173(H)x123(L)x64(P)cm<\/li>\n<li>R\u00e9servoir d&rsquo;eau : 120L<\/li>\n<li>Vitesse : 1, 2, 3<\/li>\n<li>D\u00e9bit d&rsquo;air : 22 000 m3\/h<\/li>\n<li>lampe UV<\/li>\n<\/ul>\n","protected":false},"featured_media":1588,"template":"","meta":{"_glsr_average":0,"_glsr_ranking":0,"_glsr_reviews":0},"product_brand":[],"product_cat":[109,117],"product_tag":[],"class_list":{"0":"post-1856","1":"product","2":"type-product","3":"status-publish","4":"has-post-thumbnail","6":"product_cat-be-cool-serie-fr","7":"product_cat-vente","9":"first","10":"instock","11":"shipping-taxable","12":"product-type-simple"},"yoast_head":"<!-- This site is optimized with the Yoast SEO plugin v27.4 - https:\/\/yoast.com\/product\/yoast-seo-wordpress\/ -->\n<title>Be-Cool wind force 7 M221 - Be-Cool<\/title>\n<meta name=\"robots\" content=\"index, follow, max-snippet:-1, max-image-preview:large, max-video-preview:-1\" \/>\n<link rel=\"canonical\" href=\"https:\/\/www.be-cool.nl\/fr\/winkel\/be-cool-serie-fr\/be-cool-wind-force-7-m221\/\" \/>\n<meta property=\"og:locale\" content=\"fr_FR\" \/>\n<meta property=\"og:type\" content=\"article\" \/>\n<meta property=\"og:title\" content=\"Be-Cool wind force 7 M221 - Be-Cool\" \/>\n<meta property=\"og:description\" content=\"Le refroidissement par air portable avec lumi\u00e8re UV int\u00e9gr\u00e9e \u00e9limine tout risque de d\u00e9sinfection par les virus et les bact\u00e9ries. Avec sa consommation d&#039;\u00e9nergie minimale, le Wind Force 7 est id\u00e9al pour refroidir des pi\u00e8ces jusqu&#039;\u00e0 330 m2 qui ne sont pas adapt\u00e9es \u00e0 la climatisation traditionnelle.  Caract\u00e9ristiques  Capacit\u00e9 de refroidissement : 300\/330m2 Consommation \u00e9lectrique : 800 watts Son : 67 dB Poids : 65 kg Dimensions : 173(H)x123(L)x64(P)cm R\u00e9servoir d&#039;eau : 120L Vitesse : 1, 2, 3 D\u00e9bit d&#039;air : 22 000 m3\/h lampe UV\" \/>\n<meta property=\"og:url\" content=\"https:\/\/www.be-cool.nl\/fr\/winkel\/be-cool-serie-fr\/be-cool-wind-force-7-m221\/\" \/>\n<meta property=\"og:site_name\" content=\"Be-Cool\" \/>\n<meta property=\"article:modified_time\" content=\"2025-09-01T11:32:14+00:00\" \/>\n<meta property=\"og:image\" content=\"https:\/\/www.be-cool.nl\/wp-content\/uploads\/image006-2.jpg\" \/>\n\t<meta property=\"og:image:width\" content=\"1000\" \/>\n\t<meta property=\"og:image:height\" content=\"1000\" \/>\n\t<meta property=\"og:image:type\" content=\"image\/jpeg\" \/>\n<meta name=\"twitter:card\" content=\"summary_large_image\" \/>\n<meta name=\"twitter:label1\" content=\"Dur\u00e9e de lecture estim\u00e9e\" \/>\n\t<meta name=\"twitter:data1\" content=\"1 minute\" \/>\n<script type=\"application\/ld+json\" class=\"yoast-schema-graph\">{\"@context\":\"https:\\\/\\\/schema.org\",\"@graph\":[{\"@type\":\"WebPage\",\"@id\":\"https:\\\/\\\/www.be-cool.nl\\\/fr\\\/winkel\\\/be-cool-serie-fr\\\/be-cool-wind-force-7-m221\\\/\",\"url\":\"https:\\\/\\\/www.be-cool.nl\\\/fr\\\/winkel\\\/be-cool-serie-fr\\\/be-cool-wind-force-7-m221\\\/\",\"name\":\"Be-Cool wind force 7 M221 - Be-Cool\",\"isPartOf\":{\"@id\":\"https:\\\/\\\/www.be-cool.nl\\\/fr\\\/#website\"},\"primaryImageOfPage\":{\"@id\":\"https:\\\/\\\/www.be-cool.nl\\\/fr\\\/winkel\\\/be-cool-serie-fr\\\/be-cool-wind-force-7-m221\\\/#primaryimage\"},\"image\":{\"@id\":\"https:\\\/\\\/www.be-cool.nl\\\/fr\\\/winkel\\\/be-cool-serie-fr\\\/be-cool-wind-force-7-m221\\\/#primaryimage\"},\"thumbnailUrl\":\"https:\\\/\\\/www.be-cool.nl\\\/wp-content\\\/uploads\\\/image006-2.jpg\",\"datePublished\":\"2023-05-26T12:53:29+00:00\",\"dateModified\":\"2025-09-01T11:32:14+00:00\",\"breadcrumb\":{\"@id\":\"https:\\\/\\\/www.be-cool.nl\\\/fr\\\/winkel\\\/be-cool-serie-fr\\\/be-cool-wind-force-7-m221\\\/#breadcrumb\"},\"inLanguage\":\"fr-FR\",\"potentialAction\":[{\"@type\":\"ReadAction\",\"target\":[\"https:\\\/\\\/www.be-cool.nl\\\/fr\\\/winkel\\\/be-cool-serie-fr\\\/be-cool-wind-force-7-m221\\\/\"]}]},{\"@type\":\"ImageObject\",\"inLanguage\":\"fr-FR\",\"@id\":\"https:\\\/\\\/www.be-cool.nl\\\/fr\\\/winkel\\\/be-cool-serie-fr\\\/be-cool-wind-force-7-m221\\\/#primaryimage\",\"url\":\"https:\\\/\\\/www.be-cool.nl\\\/wp-content\\\/uploads\\\/image006-2.jpg\",\"contentUrl\":\"https:\\\/\\\/www.be-cool.nl\\\/wp-content\\\/uploads\\\/image006-2.jpg\",\"width\":1000,\"height\":1000},{\"@type\":\"BreadcrumbList\",\"@id\":\"https:\\\/\\\/www.be-cool.nl\\\/fr\\\/winkel\\\/be-cool-serie-fr\\\/be-cool-wind-force-7-m221\\\/#breadcrumb\",\"itemListElement\":[{\"@type\":\"ListItem\",\"position\":1,\"name\":\"Home\",\"item\":\"https:\\\/\\\/www.be-cool.nl\\\/fr\\\/\"},{\"@type\":\"ListItem\",\"position\":2,\"name\":\"Producten\",\"item\":\"https:\\\/\\\/www.be-cool.nl\\\/producten\\\/\"},{\"@type\":\"ListItem\",\"position\":3,\"name\":\"Be-Cool wind force 7 M221\"}]},{\"@type\":\"WebSite\",\"@id\":\"https:\\\/\\\/www.be-cool.nl\\\/fr\\\/#website\",\"url\":\"https:\\\/\\\/www.be-cool.nl\\\/fr\\\/\",\"name\":\"Be-Cool\",\"description\":\"\",\"publisher\":{\"@id\":\"https:\\\/\\\/www.be-cool.nl\\\/fr\\\/#organization\"},\"potentialAction\":[{\"@type\":\"SearchAction\",\"target\":{\"@type\":\"EntryPoint\",\"urlTemplate\":\"https:\\\/\\\/www.be-cool.nl\\\/fr\\\/?s={search_term_string}\"},\"query-input\":{\"@type\":\"PropertyValueSpecification\",\"valueRequired\":true,\"valueName\":\"search_term_string\"}}],\"inLanguage\":\"fr-FR\"},{\"@type\":\"Organization\",\"@id\":\"https:\\\/\\\/www.be-cool.nl\\\/fr\\\/#organization\",\"name\":\"Be-Cool\",\"url\":\"https:\\\/\\\/www.be-cool.nl\\\/fr\\\/\",\"logo\":{\"@type\":\"ImageObject\",\"inLanguage\":\"fr-FR\",\"@id\":\"https:\\\/\\\/www.be-cool.nl\\\/fr\\\/#\\\/schema\\\/logo\\\/image\\\/\",\"url\":\"https:\\\/\\\/www.be-cool.nl\\\/wp-content\\\/uploads\\\/Be-cool_Logo.png\",\"contentUrl\":\"https:\\\/\\\/www.be-cool.nl\\\/wp-content\\\/uploads\\\/Be-cool_Logo.png\",\"width\":426,\"height\":142,\"caption\":\"Be-Cool\"},\"image\":{\"@id\":\"https:\\\/\\\/www.be-cool.nl\\\/fr\\\/#\\\/schema\\\/logo\\\/image\\\/\"}}]}<\/script>\n<!-- \/ Yoast SEO plugin. -->","yoast_head_json":{"title":"Be-Cool wind force 7 M221 - Be-Cool","robots":{"index":"index","follow":"follow","max-snippet":"max-snippet:-1","max-image-preview":"max-image-preview:large","max-video-preview":"max-video-preview:-1"},"canonical":"https:\/\/www.be-cool.nl\/fr\/winkel\/be-cool-serie-fr\/be-cool-wind-force-7-m221\/","og_locale":"fr_FR","og_type":"article","og_title":"Be-Cool wind force 7 M221 - Be-Cool","og_description":"Le refroidissement par air portable avec lumi\u00e8re UV int\u00e9gr\u00e9e \u00e9limine tout risque de d\u00e9sinfection par les virus et les bact\u00e9ries. Avec sa consommation d'\u00e9nergie minimale, le Wind Force 7 est id\u00e9al pour refroidir des pi\u00e8ces jusqu'\u00e0 330 m2 qui ne sont pas adapt\u00e9es \u00e0 la climatisation traditionnelle.  Caract\u00e9ristiques  Capacit\u00e9 de refroidissement : 300\/330m2 Consommation \u00e9lectrique : 800 watts Son : 67 dB Poids : 65 kg Dimensions : 173(H)x123(L)x64(P)cm R\u00e9servoir d'eau : 120L Vitesse : 1, 2, 3 D\u00e9bit d'air : 22 000 m3\/h lampe UV","og_url":"https:\/\/www.be-cool.nl\/fr\/winkel\/be-cool-serie-fr\/be-cool-wind-force-7-m221\/","og_site_name":"Be-Cool","article_modified_time":"2025-09-01T11:32:14+00:00","og_image":[{"width":1000,"height":1000,"url":"https:\/\/www.be-cool.nl\/wp-content\/uploads\/image006-2.jpg","type":"image\/jpeg"}],"twitter_card":"summary_large_image","twitter_misc":{"Dur\u00e9e de lecture estim\u00e9e":"1 minute"},"schema":{"@context":"https:\/\/schema.org","@graph":[{"@type":"WebPage","@id":"https:\/\/www.be-cool.nl\/fr\/winkel\/be-cool-serie-fr\/be-cool-wind-force-7-m221\/","url":"https:\/\/www.be-cool.nl\/fr\/winkel\/be-cool-serie-fr\/be-cool-wind-force-7-m221\/","name":"Be-Cool wind force 7 M221 - Be-Cool","isPartOf":{"@id":"https:\/\/www.be-cool.nl\/fr\/#website"},"primaryImageOfPage":{"@id":"https:\/\/www.be-cool.nl\/fr\/winkel\/be-cool-serie-fr\/be-cool-wind-force-7-m221\/#primaryimage"},"image":{"@id":"https:\/\/www.be-cool.nl\/fr\/winkel\/be-cool-serie-fr\/be-cool-wind-force-7-m221\/#primaryimage"},"thumbnailUrl":"https:\/\/www.be-cool.nl\/wp-content\/uploads\/image006-2.jpg","datePublished":"2023-05-26T12:53:29+00:00","dateModified":"2025-09-01T11:32:14+00:00","breadcrumb":{"@id":"https:\/\/www.be-cool.nl\/fr\/winkel\/be-cool-serie-fr\/be-cool-wind-force-7-m221\/#breadcrumb"},"inLanguage":"fr-FR","potentialAction":[{"@type":"ReadAction","target":["https:\/\/www.be-cool.nl\/fr\/winkel\/be-cool-serie-fr\/be-cool-wind-force-7-m221\/"]}]},{"@type":"ImageObject","inLanguage":"fr-FR","@id":"https:\/\/www.be-cool.nl\/fr\/winkel\/be-cool-serie-fr\/be-cool-wind-force-7-m221\/#primaryimage","url":"https:\/\/www.be-cool.nl\/wp-content\/uploads\/image006-2.jpg","contentUrl":"https:\/\/www.be-cool.nl\/wp-content\/uploads\/image006-2.jpg","width":1000,"height":1000},{"@type":"BreadcrumbList","@id":"https:\/\/www.be-cool.nl\/fr\/winkel\/be-cool-serie-fr\/be-cool-wind-force-7-m221\/#breadcrumb","itemListElement":[{"@type":"ListItem","position":1,"name":"Home","item":"https:\/\/www.be-cool.nl\/fr\/"},{"@type":"ListItem","position":2,"name":"Producten","item":"https:\/\/www.be-cool.nl\/producten\/"},{"@type":"ListItem","position":3,"name":"Be-Cool wind force 7 M221"}]},{"@type":"WebSite","@id":"https:\/\/www.be-cool.nl\/fr\/#website","url":"https:\/\/www.be-cool.nl\/fr\/","name":"Be-Cool","description":"","publisher":{"@id":"https:\/\/www.be-cool.nl\/fr\/#organization"},"potentialAction":[{"@type":"SearchAction","target":{"@type":"EntryPoint","urlTemplate":"https:\/\/www.be-cool.nl\/fr\/?s={search_term_string}"},"query-input":{"@type":"PropertyValueSpecification","valueRequired":true,"valueName":"search_term_string"}}],"inLanguage":"fr-FR"},{"@type":"Organization","@id":"https:\/\/www.be-cool.nl\/fr\/#organization","name":"Be-Cool","url":"https:\/\/www.be-cool.nl\/fr\/","logo":{"@type":"ImageObject","inLanguage":"fr-FR","@id":"https:\/\/www.be-cool.nl\/fr\/#\/schema\/logo\/image\/","url":"https:\/\/www.be-cool.nl\/wp-content\/uploads\/Be-cool_Logo.png","contentUrl":"https:\/\/www.be-cool.nl\/wp-content\/uploads\/Be-cool_Logo.png","width":426,"height":142,"caption":"Be-Cool"},"image":{"@id":"https:\/\/www.be-cool.nl\/fr\/#\/schema\/logo\/image\/"}}]}},"_links":{"self":[{"href":"https:\/\/www.be-cool.nl\/fr\/wp-json\/wp\/v2\/product\/1856","targetHints":{"allow":["GET"]}}],"collection":[{"href":"https:\/\/www.be-cool.nl\/fr\/wp-json\/wp\/v2\/product"}],"about":[{"href":"https:\/\/www.be-cool.nl\/fr\/wp-json\/wp\/v2\/types\/product"}],"wp:featuredmedia":[{"embeddable":true,"href":"https:\/\/www.be-cool.nl\/fr\/wp-json\/wp\/v2\/media\/1588"}],"wp:attachment":[{"href":"https:\/\/www.be-cool.nl\/fr\/wp-json\/wp\/v2\/media?parent=1856"}],"wp:term":[{"taxonomy":"product_brand","embeddable":true,"href":"https:\/\/www.be-cool.nl\/fr\/wp-json\/wp\/v2\/product_brand?post=1856"},{"taxonomy":"product_cat","embeddable":true,"href":"https:\/\/www.be-cool.nl\/fr\/wp-json\/wp\/v2\/product_cat?post=1856"},{"taxonomy":"product_tag","embeddable":true,"href":"https:\/\/www.be-cool.nl\/fr\/wp-json\/wp\/v2\/product_tag?post=1856"}],"curies":[{"name":"wp","href":"https:\/\/api.w.org\/{rel}","templated":true}]}}