{"id":1014,"date":"2022-02-21T11:39:08","date_gmt":"2022-02-21T10:39:08","guid":{"rendered":"https:\/\/www.be-cool.nl\/?page_id=1014"},"modified":"2022-03-03T11:33:29","modified_gmt":"2022-03-03T10:33:29","slug":"portacool-cyclone","status":"publish","type":"page","link":"https:\/\/www.be-cool.nl\/it\/portacool-cyclone\/","title":{"rendered":"Portacool Cyclone"},"content":{"rendered":"<div class=\"wpb-content-wrapper\"><p>[vc_row][vc_column][vc_column_text]<\/p>\n<h2>Vai per la serie Portacool Cyclone<\/h2>\n<p>Se stai cercando il miglior dispositivo di raffreddamento adiabatico mobile di qualit\u00e0, i refrigeratori d&#8217;aria della serie Portacool Cyclone sono la scelta giusta. I refrigeratori d&#8217;aria portacool sono molto efficienti dal punto di vista energetico e fini da usare. Hai bisogno di consigli quando scegli il dispositivo di raffreddamento giusto? Noi di Be-Cool siamo felici di essere l\u00ec per voi. La nostra gamma comprende il ciclone Portacool 1000, il ciclone 2000 e il ciclone 3000. Vuoi saperne di pi\u00f9 sui refrigeratori d&#8217;aria di questa serie di Portacool? Vi preghiamo di contattarci o di continua a leggere.[\/vc_column_text][\/vc_column][\/vc_row][vc_row][vc_column][vc_column_text]<\/p>\n<h3>Ciclone 1000<\/h3>\n<p>Il primo refrigeratore d&#8217;aria della serie Cyclone \u00e8 il Cyclone 1000. Questo \u00e8 un refrigeratore con una grande capacit\u00e0 idrica di 30 litri. E &#8216;ideale come un refrigeratore terrazza o come un luogo pi\u00f9 fresco nel settore o a casa. Un grande vantaggio \u00e8 che \u00e8 molto silenzioso ed efficiente dal punto di vista energetico nel suo utilizzo. \u00c8 facile da spostare e senza installazione. Una volta collegato il dispositivo all&#8217;acqua e all&#8217;elettricit\u00e0, \u00e8 possibile utilizzarlo direttamente. E &#8216;facile da riempire in 2 modi (connessione tubo giardino o ricarica manuale). I louvers nel dispositivo assicurano che il flusso d&#8217;aria possa essere gestito meglio. Con questo dispositivo di raffreddamento si beneficia di raffreddamento ecologico, economico ed efficace. Ecco alcune specifiche di questo refrigeratore d&#8217;aria:<\/p>\n<ul>\n<li>Uscita d&#8217;aria: 1700 m3\/h<\/li>\n<li>Serbatoio d&#8217;acqua: 30L<\/li>\n<li>Dimensioni: 89(H) x 50(B) x 50(D)<\/li>\n<li>Peso: 23kg<\/li>\n<li>Capacit\u00e0 di raffreddamento: 28m2<\/li>\n<\/ul>\n<h3>Ciclone 2000<\/h3>\n<p>Il Ciclone 2000 della serie Portacool ha una capacit\u00e0 idrica maggiore rispetto al Ciclone 1000, vale a dire 38 litri. Come il 1000, \u00e8 ideale come una terrazza pi\u00f9 fresco o posto pi\u00f9 fresco nel settore e a casa. Questo refrigeratore d&#8217;aria ad alta efficienza energetica \u00e8 anche molto fine da usare e fornisce un raffreddamento ecologico, economico ed efficace. Il refrigeratore ha una potenza d&#8217;aria di 3398 m3\/h, pesa 27 kg e una capacit\u00e0 di raffreddamento di 46m2. In termini di dimensioni, \u00e8 79(H) x 61(B) x 64(D).<\/p>\n<h3>Ciclone 3000<\/h3>\n<p>Il Cyclone 3000 \u00e8 il pi\u00f9 grande refrigeratore adiabatico mobile del marchio di qualit\u00e0 Portacool. Le 3000 camere raffredda fino a 65 m2 in modo efficiente dal punto di vista energetico e rispettoso dell&#8217;ambiente. Il refrigeratore ha una capacit\u00e0 idrica di 60 litri. Il dispositivo ha una potenza di 5097 m3\/h e pesa 46 kg. Infine, le dimensioni di questo dispositivo di raffreddamento sono 97(H) x 76(B) x 70(D).<\/p>\n<h3>Vi informeremo ulteriormente<\/h3>\n<p>Vuoi saperne di pi\u00f9 sui refrigeratori Di Portacool? Vi preghiamo di <a href=\"tel:0152002116\">contattarci al numero 015-2002116<\/a> o inviare <a href=\"mailto:info@be-cool.nl\">un&#8217;info@be-cool.nl.<\/a> \u00c8 anche possibile lasciare un messaggio tramite il nostro modulo di contatto online. Vorremmo informarvi ulteriormente sulla serie Portacool Cyclone.[\/vc_column_text][\/vc_column][\/vc_row]<\/p>\n<\/div>","protected":false},"excerpt":{"rendered":"<p>[vc_row][vc_column][vc_column_text] Vai per la serie Portacool Cyclone Se stai cercando il miglior dispositivo di raffreddamento adiabatico mobile di qualit\u00e0, i refrigeratori d&#8217;aria della serie Portacool<a class=\"moretag\" href=\"https:\/\/www.be-cool.nl\/it\/portacool-cyclone\/\">&#8230;<\/a><\/p>\n","protected":false},"author":1,"featured_media":0,"parent":0,"menu_order":0,"comment_status":"closed","ping_status":"closed","template":"","meta":{"_glsr_average":0,"_glsr_ranking":0,"_glsr_reviews":0,"footnotes":""},"class_list":["post-1014","page","type-page","status-publish","hentry"],"yoast_head":"<!-- This site is optimized with the Yoast SEO plugin v27.5 - https:\/\/yoast.com\/product\/yoast-seo-wordpress\/ -->\n<title>Portacool Cyclone - Be-Cool<\/title>\n<meta name=\"description\" content=\"Se siete alla ricerca di un refrigeratore d&#039;aria di qualit\u00e0, i refrigeratori d&#039;aria della serie Cyclone di portacool sono la scelta giusta. Dai un&#039;occhiata alla gamma Be-Cool e scegli il dispositivo di raffreddamento pi\u00f9 adatto alle tue esigenze. Hai bisogno di consigli quando scegli? Ti abbiamo coperto. Chiamare direttamente al numero 015-2002116.\" \/>\n<meta name=\"robots\" content=\"index, follow, max-snippet:-1, max-image-preview:large, max-video-preview:-1\" \/>\n<link rel=\"canonical\" href=\"https:\/\/www.be-cool.nl\/it\/portacool-cyclone\/\" \/>\n<meta property=\"og:locale\" content=\"it_IT\" \/>\n<meta property=\"og:type\" content=\"article\" \/>\n<meta property=\"og:title\" content=\"Portacool Cyclone - Be-Cool\" \/>\n<meta property=\"og:description\" content=\"Se siete alla ricerca di un refrigeratore d&#039;aria di qualit\u00e0, i refrigeratori d&#039;aria della serie Cyclone di portacool sono la scelta giusta. Dai un&#039;occhiata alla gamma Be-Cool e scegli il dispositivo di raffreddamento pi\u00f9 adatto alle tue esigenze. Hai bisogno di consigli quando scegli? Ti abbiamo coperto. Chiamare direttamente al numero 015-2002116.\" \/>\n<meta property=\"og:url\" content=\"https:\/\/www.be-cool.nl\/it\/portacool-cyclone\/\" \/>\n<meta property=\"og:site_name\" content=\"Be-Cool\" \/>\n<meta property=\"article:modified_time\" content=\"2022-03-03T10:33:29+00:00\" \/>\n<meta name=\"twitter:card\" content=\"summary_large_image\" \/>\n<meta name=\"twitter:label1\" content=\"Tempo di lettura stimato\" \/>\n\t<meta name=\"twitter:data1\" content=\"2 minuti\" \/>\n<script type=\"application\/ld+json\" class=\"yoast-schema-graph\">{\"@context\":\"https:\\\/\\\/schema.org\",\"@graph\":[{\"@type\":\"WebPage\",\"@id\":\"https:\\\/\\\/www.be-cool.nl\\\/it\\\/portacool-cyclone\\\/\",\"url\":\"https:\\\/\\\/www.be-cool.nl\\\/it\\\/portacool-cyclone\\\/\",\"name\":\"Portacool Cyclone - Be-Cool\",\"isPartOf\":{\"@id\":\"https:\\\/\\\/www.be-cool.nl\\\/it\\\/#website\"},\"datePublished\":\"2022-02-21T10:39:08+00:00\",\"dateModified\":\"2022-03-03T10:33:29+00:00\",\"description\":\"Se siete alla ricerca di un refrigeratore d'aria di qualit\u00e0, i refrigeratori d'aria della serie Cyclone di portacool sono la scelta giusta. Dai un'occhiata alla gamma Be-Cool e scegli il dispositivo di raffreddamento pi\u00f9 adatto alle tue esigenze. Hai bisogno di consigli quando scegli? Ti abbiamo coperto. Chiamare direttamente al numero 015-2002116.\",\"breadcrumb\":{\"@id\":\"https:\\\/\\\/www.be-cool.nl\\\/it\\\/portacool-cyclone\\\/#breadcrumb\"},\"inLanguage\":\"it-IT\",\"potentialAction\":[{\"@type\":\"ReadAction\",\"target\":[\"https:\\\/\\\/www.be-cool.nl\\\/it\\\/portacool-cyclone\\\/\"]}]},{\"@type\":\"BreadcrumbList\",\"@id\":\"https:\\\/\\\/www.be-cool.nl\\\/it\\\/portacool-cyclone\\\/#breadcrumb\",\"itemListElement\":[{\"@type\":\"ListItem\",\"position\":1,\"name\":\"Home\",\"item\":\"https:\\\/\\\/www.be-cool.nl\\\/it\\\/\"},{\"@type\":\"ListItem\",\"position\":2,\"name\":\"Portacool Cyclone\"}]},{\"@type\":\"WebSite\",\"@id\":\"https:\\\/\\\/www.be-cool.nl\\\/it\\\/#website\",\"url\":\"https:\\\/\\\/www.be-cool.nl\\\/it\\\/\",\"name\":\"Be-Cool\",\"description\":\"\",\"publisher\":{\"@id\":\"https:\\\/\\\/www.be-cool.nl\\\/it\\\/#organization\"},\"potentialAction\":[{\"@type\":\"SearchAction\",\"target\":{\"@type\":\"EntryPoint\",\"urlTemplate\":\"https:\\\/\\\/www.be-cool.nl\\\/it\\\/?s={search_term_string}\"},\"query-input\":{\"@type\":\"PropertyValueSpecification\",\"valueRequired\":true,\"valueName\":\"search_term_string\"}}],\"inLanguage\":\"it-IT\"},{\"@type\":\"Organization\",\"@id\":\"https:\\\/\\\/www.be-cool.nl\\\/it\\\/#organization\",\"name\":\"Be-Cool\",\"url\":\"https:\\\/\\\/www.be-cool.nl\\\/it\\\/\",\"logo\":{\"@type\":\"ImageObject\",\"inLanguage\":\"it-IT\",\"@id\":\"https:\\\/\\\/www.be-cool.nl\\\/it\\\/#\\\/schema\\\/logo\\\/image\\\/\",\"url\":\"https:\\\/\\\/www.be-cool.nl\\\/wp-content\\\/uploads\\\/Be-cool_Logo.png\",\"contentUrl\":\"https:\\\/\\\/www.be-cool.nl\\\/wp-content\\\/uploads\\\/Be-cool_Logo.png\",\"width\":426,\"height\":142,\"caption\":\"Be-Cool\"},\"image\":{\"@id\":\"https:\\\/\\\/www.be-cool.nl\\\/it\\\/#\\\/schema\\\/logo\\\/image\\\/\"}}]}<\/script>\n<!-- \/ Yoast SEO plugin. -->","yoast_head_json":{"title":"Portacool Cyclone - Be-Cool","description":"Se siete alla ricerca di un refrigeratore d'aria di qualit\u00e0, i refrigeratori d'aria della serie Cyclone di portacool sono la scelta giusta. Dai un'occhiata alla gamma Be-Cool e scegli il dispositivo di raffreddamento pi\u00f9 adatto alle tue esigenze. Hai bisogno di consigli quando scegli? Ti abbiamo coperto. Chiamare direttamente al numero 015-2002116.","robots":{"index":"index","follow":"follow","max-snippet":"max-snippet:-1","max-image-preview":"max-image-preview:large","max-video-preview":"max-video-preview:-1"},"canonical":"https:\/\/www.be-cool.nl\/it\/portacool-cyclone\/","og_locale":"it_IT","og_type":"article","og_title":"Portacool Cyclone - Be-Cool","og_description":"Se siete alla ricerca di un refrigeratore d'aria di qualit\u00e0, i refrigeratori d'aria della serie Cyclone di portacool sono la scelta giusta. Dai un'occhiata alla gamma Be-Cool e scegli il dispositivo di raffreddamento pi\u00f9 adatto alle tue esigenze. Hai bisogno di consigli quando scegli? Ti abbiamo coperto. Chiamare direttamente al numero 015-2002116.","og_url":"https:\/\/www.be-cool.nl\/it\/portacool-cyclone\/","og_site_name":"Be-Cool","article_modified_time":"2022-03-03T10:33:29+00:00","twitter_card":"summary_large_image","twitter_misc":{"Tempo di lettura stimato":"2 minuti"},"schema":{"@context":"https:\/\/schema.org","@graph":[{"@type":"WebPage","@id":"https:\/\/www.be-cool.nl\/it\/portacool-cyclone\/","url":"https:\/\/www.be-cool.nl\/it\/portacool-cyclone\/","name":"Portacool Cyclone - Be-Cool","isPartOf":{"@id":"https:\/\/www.be-cool.nl\/it\/#website"},"datePublished":"2022-02-21T10:39:08+00:00","dateModified":"2022-03-03T10:33:29+00:00","description":"Se siete alla ricerca di un refrigeratore d'aria di qualit\u00e0, i refrigeratori d'aria della serie Cyclone di portacool sono la scelta giusta. Dai un'occhiata alla gamma Be-Cool e scegli il dispositivo di raffreddamento pi\u00f9 adatto alle tue esigenze. Hai bisogno di consigli quando scegli? Ti abbiamo coperto. Chiamare direttamente al numero 015-2002116.","breadcrumb":{"@id":"https:\/\/www.be-cool.nl\/it\/portacool-cyclone\/#breadcrumb"},"inLanguage":"it-IT","potentialAction":[{"@type":"ReadAction","target":["https:\/\/www.be-cool.nl\/it\/portacool-cyclone\/"]}]},{"@type":"BreadcrumbList","@id":"https:\/\/www.be-cool.nl\/it\/portacool-cyclone\/#breadcrumb","itemListElement":[{"@type":"ListItem","position":1,"name":"Home","item":"https:\/\/www.be-cool.nl\/it\/"},{"@type":"ListItem","position":2,"name":"Portacool Cyclone"}]},{"@type":"WebSite","@id":"https:\/\/www.be-cool.nl\/it\/#website","url":"https:\/\/www.be-cool.nl\/it\/","name":"Be-Cool","description":"","publisher":{"@id":"https:\/\/www.be-cool.nl\/it\/#organization"},"potentialAction":[{"@type":"SearchAction","target":{"@type":"EntryPoint","urlTemplate":"https:\/\/www.be-cool.nl\/it\/?s={search_term_string}"},"query-input":{"@type":"PropertyValueSpecification","valueRequired":true,"valueName":"search_term_string"}}],"inLanguage":"it-IT"},{"@type":"Organization","@id":"https:\/\/www.be-cool.nl\/it\/#organization","name":"Be-Cool","url":"https:\/\/www.be-cool.nl\/it\/","logo":{"@type":"ImageObject","inLanguage":"it-IT","@id":"https:\/\/www.be-cool.nl\/it\/#\/schema\/logo\/image\/","url":"https:\/\/www.be-cool.nl\/wp-content\/uploads\/Be-cool_Logo.png","contentUrl":"https:\/\/www.be-cool.nl\/wp-content\/uploads\/Be-cool_Logo.png","width":426,"height":142,"caption":"Be-Cool"},"image":{"@id":"https:\/\/www.be-cool.nl\/it\/#\/schema\/logo\/image\/"}}]}},"_links":{"self":[{"href":"https:\/\/www.be-cool.nl\/it\/wp-json\/wp\/v2\/pages\/1014","targetHints":{"allow":["GET"]}}],"collection":[{"href":"https:\/\/www.be-cool.nl\/it\/wp-json\/wp\/v2\/pages"}],"about":[{"href":"https:\/\/www.be-cool.nl\/it\/wp-json\/wp\/v2\/types\/page"}],"author":[{"embeddable":true,"href":"https:\/\/www.be-cool.nl\/it\/wp-json\/wp\/v2\/users\/1"}],"replies":[{"embeddable":true,"href":"https:\/\/www.be-cool.nl\/it\/wp-json\/wp\/v2\/comments?post=1014"}],"version-history":[{"count":1,"href":"https:\/\/www.be-cool.nl\/it\/wp-json\/wp\/v2\/pages\/1014\/revisions"}],"predecessor-version":[{"id":1015,"href":"https:\/\/www.be-cool.nl\/it\/wp-json\/wp\/v2\/pages\/1014\/revisions\/1015"}],"wp:attachment":[{"href":"https:\/\/www.be-cool.nl\/it\/wp-json\/wp\/v2\/media?parent=1014"}],"curies":[{"name":"wp","href":"https:\/\/api.w.org\/{rel}","templated":true}]}}