{"id":1025,"date":"2022-02-21T11:39:38","date_gmt":"2022-02-21T10:39:38","guid":{"rendered":"https:\/\/www.be-cool.nl\/?page_id=1025"},"modified":"2022-03-03T11:37:09","modified_gmt":"2022-03-03T10:37:09","slug":"portacool-hurricane","status":"publish","type":"page","link":"https:\/\/www.be-cool.nl\/it\/portacool-hurricane\/","title":{"rendered":"Portacool Hurricane"},"content":{"rendered":"<div class=\"wpb-content-wrapper\"><p>[vc_row][vc_column][vc_column_text]<\/p>\n<h2>La serie Portacool Hurricane<\/h2>\n<p>Alla ricerca di un refrigeratore d&#8217;aria di ottima qualit\u00e0? Allora la serie Portacool Hurricane \u00e8 per te. \u00c8 possibile trovare questa serie di Portacool a Be-Cool. In questa serie troverete refrigeratori d&#8217;aria molto potenti e mobili che rendono molto facile dare alle vostre camere una temperatura piacevole. Sei curioso della nostra gamma? Vi preghiamo di contattarci. Naturalmente puoi anche leggere di pi\u00f9 sulle nostre unit\u00e0 di raffreddamento.[\/vc_column_text][\/vc_column][\/vc_row][vc_row css=&#8221;.vc_custom_1548407115588{background-color: #1181c5 !important;}&#8221; el_id=&#8221;cta&#8221;][vc_column width=&#8221;3\/4&#8243;][vc_column_text css=&#8221;.vc_custom_1517401496437{margin-bottom: 0px !important;}&#8221;]<\/p>\n<h3><strong>Vuoi saperne di pi\u00f9 sui nostri sistemi di raffreddamento?<\/strong><\/h3>\n<p>Vuoi saperne di pi\u00f9 sui nostri sistemi di raffreddamento? Vi preghiamo di contattarci per ulteriori informazioni sui nostri prodotti.[\/vc_column_text][\/vc_column][vc_column width=&#8221;1\/4&#8243;][vc_column_text el_class=&#8221;cta-img&#8221;]<a href=\"tel:0152002116\"><img decoding=\"async\" src=\"https:\/\/www.be-cool.nl\/wp-content\/uploads\/btn-bellen.png\" alt=\"\"><\/a>[\/vc_column_text][\/vc_column][\/vc_row][vc_row][vc_column][vc_column_text]<\/p>\n<h3>Informazioni sull&#8217;unit\u00e0 di raffreddamento degli uragani<\/h3>\n<p>Il primo refrigeratore d&#8217;aria della serie Hurricane \u00e8 l&#8217;unit\u00e0 di raffreddamento Hurricane. L&#8217;unit\u00e0 di raffreddamento contiene un pannello di controllo digitale e un serbatoio d&#8217;acqua molto grande. Questo bellissimo refrigeratore d&#8217;aria ha un basso allarme di livello dell&#8217;acqua. Vuoi acquistare questa unit\u00e0 di raffreddamento? Poi ci sono opportunit\u00e0 di finanziamento. Il dispositivo di raffreddamento ha una potenza di 24.635 m3\/h. Ha un grande serbatoio d&#8217;acqua di non meno di 253 litri e pesa 122 kg. Il refrigeratore pu\u00f2 mantenere una stanza fino a 325 m2 fresco. In termini di dimensioni, questo dispositivo di raffreddamento \u00e8 194(H) x 188(B) x 89(D).<\/p>\n<h3>L&#8217;uragano 370<\/h3>\n<p>Il Portacool 370 \u00e8 un dispositivo di raffreddamento adiabatico unico nel suo genere. Ha una capacit\u00e0 di raffreddamento ad alta velocit\u00e0 e un&#8217;elevata potenza d&#8217;aria di 48.421 m3\/h. Questo \u00e8 attualmente il pi\u00f9 potente dispositivo di raffreddamento evaporativo a velocit\u00e0 variabile offerto sul mercato. Ha anche un grande serbatoio d&#8217;acqua di 284 litri e pesa 188 kg. Questo refrigeratore pu\u00f2 mantenere una stanza fino a 580 m2 fresco. In termini di dimensioni, questo dispositivo di raffreddamento \u00e8 236(H) x 223(B) x 106(D) cm. Il dispositivo di raffreddamento \u00e8 dotato di sei patenti Portacool Cat5 Air Booster e dispone di quattro ruote di bloccaggio. Quando si acquista questo dispositivo di raffreddamento, si ricever\u00e0 una garanzia a vita sull&#8217;involucro di raffreddamento evaporativo contro i difetti di produzione e una garanzia di cinque anni su tutti i componenti elettrici.<\/p>\n<h3>Scegli i vantaggi di un refrigeratore d&#8217;aria Portacool<\/h3>\n<p>Vorremmo elencare i vantaggi di un refrigeratore d&#8217;aria Portacool per voi:<\/p>\n<ul>\n<li>Basso<\/li>\n<li>Ecologico<\/li>\n<li>Nessun costo di installazione<\/li>\n<li>Facile da spostare<\/li>\n<li>Fornitura di acqua tramite un tubo da giardino o riempimento<\/li>\n<li>Grande facilit\u00e0 d&#8217;uso e praticamente senza manutenzione<\/li>\n<li>Possiedi un alloggiamento durevole di polietilene fuori da uno cast<\/li>\n<li>Ideale per il raffreddamento di grandi ambienti di lavoro per la polvere spaziale<\/li>\n<\/ul>\n<h3>Vi informeremo ulteriormente<\/h3>\n<p>Hai bisogno di maggiori informazioni sui nostri prodotti? Chiamaci al <a href=\"tel:0152002116\">numero 015-2002116<\/a> o invia <a href=\"mailto:info@be-cool.nl\">un&#8217;e-info@be-cool.nl.<\/a> Inoltre, \u00e8 possibile compilare il modulo di contatto online sul nostro sito web. Riceverai ulteriori informazioni sulla serie Portacool Hurricane il prima possibile.<br \/>\n[\/vc_column_text][\/vc_column][\/vc_row]<\/p>\n<\/div>","protected":false},"excerpt":{"rendered":"<p>[vc_row][vc_column][vc_column_text] La serie Portacool Hurricane Alla ricerca di un refrigeratore d&#8217;aria di ottima qualit\u00e0? Allora la serie Portacool Hurricane \u00e8 per te. \u00c8 possibile trovare<a class=\"moretag\" href=\"https:\/\/www.be-cool.nl\/it\/portacool-hurricane\/\">&#8230;<\/a><\/p>\n","protected":false},"author":1,"featured_media":0,"parent":0,"menu_order":0,"comment_status":"closed","ping_status":"closed","template":"","meta":{"_glsr_average":0,"_glsr_ranking":0,"_glsr_reviews":0,"footnotes":""},"class_list":["post-1025","page","type-page","status-publish","hentry"],"yoast_head":"<!-- This site is optimized with the Yoast SEO plugin v27.5 - https:\/\/yoast.com\/product\/yoast-seo-wordpress\/ -->\n<title>Portacool Hurricane - Be-Cool<\/title>\n<meta name=\"description\" content=\"Siete alla ricerca di un refrigeratore d&#039;aria di ottima qualit\u00e0 per raffreddare le vostre camere? Dai un&#039;occhiata alla gamma di Be-Cool. Ad esempio, la serie Portacool Hurricane. Ad esempio, vendiamo l&#039;unit\u00e0 di raffreddamento degli uragani e l&#039;uragano 370. Per ulteriori informazioni, chiamare il numero 015-2002116.\" \/>\n<meta name=\"robots\" content=\"index, follow, max-snippet:-1, max-image-preview:large, max-video-preview:-1\" \/>\n<link rel=\"canonical\" href=\"https:\/\/www.be-cool.nl\/it\/portacool-hurricane\/\" \/>\n<meta property=\"og:locale\" content=\"it_IT\" \/>\n<meta property=\"og:type\" content=\"article\" \/>\n<meta property=\"og:title\" content=\"Portacool Hurricane - Be-Cool\" \/>\n<meta property=\"og:description\" content=\"Siete alla ricerca di un refrigeratore d&#039;aria di ottima qualit\u00e0 per raffreddare le vostre camere? Dai un&#039;occhiata alla gamma di Be-Cool. Ad esempio, la serie Portacool Hurricane. Ad esempio, vendiamo l&#039;unit\u00e0 di raffreddamento degli uragani e l&#039;uragano 370. Per ulteriori informazioni, chiamare il numero 015-2002116.\" \/>\n<meta property=\"og:url\" content=\"https:\/\/www.be-cool.nl\/it\/portacool-hurricane\/\" \/>\n<meta property=\"og:site_name\" content=\"Be-Cool\" \/>\n<meta property=\"article:modified_time\" content=\"2022-03-03T10:37:09+00:00\" \/>\n<meta property=\"og:image\" content=\"https:\/\/www.be-cool.nl\/wp-content\/uploads\/btn-bellen.png\" \/>\n<meta name=\"twitter:card\" content=\"summary_large_image\" \/>\n<meta name=\"twitter:label1\" content=\"Tempo di lettura stimato\" \/>\n\t<meta name=\"twitter:data1\" content=\"3 minuti\" \/>\n<script type=\"application\/ld+json\" class=\"yoast-schema-graph\">{\"@context\":\"https:\\\/\\\/schema.org\",\"@graph\":[{\"@type\":\"WebPage\",\"@id\":\"https:\\\/\\\/www.be-cool.nl\\\/it\\\/portacool-hurricane\\\/\",\"url\":\"https:\\\/\\\/www.be-cool.nl\\\/it\\\/portacool-hurricane\\\/\",\"name\":\"Portacool Hurricane - Be-Cool\",\"isPartOf\":{\"@id\":\"https:\\\/\\\/www.be-cool.nl\\\/it\\\/#website\"},\"primaryImageOfPage\":{\"@id\":\"https:\\\/\\\/www.be-cool.nl\\\/it\\\/portacool-hurricane\\\/#primaryimage\"},\"image\":{\"@id\":\"https:\\\/\\\/www.be-cool.nl\\\/it\\\/portacool-hurricane\\\/#primaryimage\"},\"thumbnailUrl\":\"https:\\\/\\\/www.be-cool.nl\\\/wp-content\\\/uploads\\\/btn-bellen.png\",\"datePublished\":\"2022-02-21T10:39:38+00:00\",\"dateModified\":\"2022-03-03T10:37:09+00:00\",\"description\":\"Siete alla ricerca di un refrigeratore d'aria di ottima qualit\u00e0 per raffreddare le vostre camere? Dai un'occhiata alla gamma di Be-Cool. Ad esempio, la serie Portacool Hurricane. Ad esempio, vendiamo l'unit\u00e0 di raffreddamento degli uragani e l'uragano 370. Per ulteriori informazioni, chiamare il numero 015-2002116.\",\"breadcrumb\":{\"@id\":\"https:\\\/\\\/www.be-cool.nl\\\/it\\\/portacool-hurricane\\\/#breadcrumb\"},\"inLanguage\":\"it-IT\",\"potentialAction\":[{\"@type\":\"ReadAction\",\"target\":[\"https:\\\/\\\/www.be-cool.nl\\\/it\\\/portacool-hurricane\\\/\"]}]},{\"@type\":\"ImageObject\",\"inLanguage\":\"it-IT\",\"@id\":\"https:\\\/\\\/www.be-cool.nl\\\/it\\\/portacool-hurricane\\\/#primaryimage\",\"url\":\"https:\\\/\\\/www.be-cool.nl\\\/wp-content\\\/uploads\\\/btn-bellen.png\",\"contentUrl\":\"https:\\\/\\\/www.be-cool.nl\\\/wp-content\\\/uploads\\\/btn-bellen.png\"},{\"@type\":\"BreadcrumbList\",\"@id\":\"https:\\\/\\\/www.be-cool.nl\\\/it\\\/portacool-hurricane\\\/#breadcrumb\",\"itemListElement\":[{\"@type\":\"ListItem\",\"position\":1,\"name\":\"Home\",\"item\":\"https:\\\/\\\/www.be-cool.nl\\\/it\\\/\"},{\"@type\":\"ListItem\",\"position\":2,\"name\":\"Portacool Hurricane\"}]},{\"@type\":\"WebSite\",\"@id\":\"https:\\\/\\\/www.be-cool.nl\\\/it\\\/#website\",\"url\":\"https:\\\/\\\/www.be-cool.nl\\\/it\\\/\",\"name\":\"Be-Cool\",\"description\":\"\",\"publisher\":{\"@id\":\"https:\\\/\\\/www.be-cool.nl\\\/it\\\/#organization\"},\"potentialAction\":[{\"@type\":\"SearchAction\",\"target\":{\"@type\":\"EntryPoint\",\"urlTemplate\":\"https:\\\/\\\/www.be-cool.nl\\\/it\\\/?s={search_term_string}\"},\"query-input\":{\"@type\":\"PropertyValueSpecification\",\"valueRequired\":true,\"valueName\":\"search_term_string\"}}],\"inLanguage\":\"it-IT\"},{\"@type\":\"Organization\",\"@id\":\"https:\\\/\\\/www.be-cool.nl\\\/it\\\/#organization\",\"name\":\"Be-Cool\",\"url\":\"https:\\\/\\\/www.be-cool.nl\\\/it\\\/\",\"logo\":{\"@type\":\"ImageObject\",\"inLanguage\":\"it-IT\",\"@id\":\"https:\\\/\\\/www.be-cool.nl\\\/it\\\/#\\\/schema\\\/logo\\\/image\\\/\",\"url\":\"https:\\\/\\\/www.be-cool.nl\\\/wp-content\\\/uploads\\\/Be-cool_Logo.png\",\"contentUrl\":\"https:\\\/\\\/www.be-cool.nl\\\/wp-content\\\/uploads\\\/Be-cool_Logo.png\",\"width\":426,\"height\":142,\"caption\":\"Be-Cool\"},\"image\":{\"@id\":\"https:\\\/\\\/www.be-cool.nl\\\/it\\\/#\\\/schema\\\/logo\\\/image\\\/\"}}]}<\/script>\n<!-- \/ Yoast SEO plugin. -->","yoast_head_json":{"title":"Portacool Hurricane - Be-Cool","description":"Siete alla ricerca di un refrigeratore d'aria di ottima qualit\u00e0 per raffreddare le vostre camere? Dai un'occhiata alla gamma di Be-Cool. Ad esempio, la serie Portacool Hurricane. Ad esempio, vendiamo l'unit\u00e0 di raffreddamento degli uragani e l'uragano 370. Per ulteriori informazioni, chiamare il numero 015-2002116.","robots":{"index":"index","follow":"follow","max-snippet":"max-snippet:-1","max-image-preview":"max-image-preview:large","max-video-preview":"max-video-preview:-1"},"canonical":"https:\/\/www.be-cool.nl\/it\/portacool-hurricane\/","og_locale":"it_IT","og_type":"article","og_title":"Portacool Hurricane - Be-Cool","og_description":"Siete alla ricerca di un refrigeratore d'aria di ottima qualit\u00e0 per raffreddare le vostre camere? Dai un'occhiata alla gamma di Be-Cool. Ad esempio, la serie Portacool Hurricane. Ad esempio, vendiamo l'unit\u00e0 di raffreddamento degli uragani e l'uragano 370. Per ulteriori informazioni, chiamare il numero 015-2002116.","og_url":"https:\/\/www.be-cool.nl\/it\/portacool-hurricane\/","og_site_name":"Be-Cool","article_modified_time":"2022-03-03T10:37:09+00:00","og_image":[{"url":"https:\/\/www.be-cool.nl\/wp-content\/uploads\/btn-bellen.png","type":"","width":"","height":""}],"twitter_card":"summary_large_image","twitter_misc":{"Tempo di lettura stimato":"3 minuti"},"schema":{"@context":"https:\/\/schema.org","@graph":[{"@type":"WebPage","@id":"https:\/\/www.be-cool.nl\/it\/portacool-hurricane\/","url":"https:\/\/www.be-cool.nl\/it\/portacool-hurricane\/","name":"Portacool Hurricane - Be-Cool","isPartOf":{"@id":"https:\/\/www.be-cool.nl\/it\/#website"},"primaryImageOfPage":{"@id":"https:\/\/www.be-cool.nl\/it\/portacool-hurricane\/#primaryimage"},"image":{"@id":"https:\/\/www.be-cool.nl\/it\/portacool-hurricane\/#primaryimage"},"thumbnailUrl":"https:\/\/www.be-cool.nl\/wp-content\/uploads\/btn-bellen.png","datePublished":"2022-02-21T10:39:38+00:00","dateModified":"2022-03-03T10:37:09+00:00","description":"Siete alla ricerca di un refrigeratore d'aria di ottima qualit\u00e0 per raffreddare le vostre camere? Dai un'occhiata alla gamma di Be-Cool. Ad esempio, la serie Portacool Hurricane. Ad esempio, vendiamo l'unit\u00e0 di raffreddamento degli uragani e l'uragano 370. Per ulteriori informazioni, chiamare il numero 015-2002116.","breadcrumb":{"@id":"https:\/\/www.be-cool.nl\/it\/portacool-hurricane\/#breadcrumb"},"inLanguage":"it-IT","potentialAction":[{"@type":"ReadAction","target":["https:\/\/www.be-cool.nl\/it\/portacool-hurricane\/"]}]},{"@type":"ImageObject","inLanguage":"it-IT","@id":"https:\/\/www.be-cool.nl\/it\/portacool-hurricane\/#primaryimage","url":"https:\/\/www.be-cool.nl\/wp-content\/uploads\/btn-bellen.png","contentUrl":"https:\/\/www.be-cool.nl\/wp-content\/uploads\/btn-bellen.png"},{"@type":"BreadcrumbList","@id":"https:\/\/www.be-cool.nl\/it\/portacool-hurricane\/#breadcrumb","itemListElement":[{"@type":"ListItem","position":1,"name":"Home","item":"https:\/\/www.be-cool.nl\/it\/"},{"@type":"ListItem","position":2,"name":"Portacool Hurricane"}]},{"@type":"WebSite","@id":"https:\/\/www.be-cool.nl\/it\/#website","url":"https:\/\/www.be-cool.nl\/it\/","name":"Be-Cool","description":"","publisher":{"@id":"https:\/\/www.be-cool.nl\/it\/#organization"},"potentialAction":[{"@type":"SearchAction","target":{"@type":"EntryPoint","urlTemplate":"https:\/\/www.be-cool.nl\/it\/?s={search_term_string}"},"query-input":{"@type":"PropertyValueSpecification","valueRequired":true,"valueName":"search_term_string"}}],"inLanguage":"it-IT"},{"@type":"Organization","@id":"https:\/\/www.be-cool.nl\/it\/#organization","name":"Be-Cool","url":"https:\/\/www.be-cool.nl\/it\/","logo":{"@type":"ImageObject","inLanguage":"it-IT","@id":"https:\/\/www.be-cool.nl\/it\/#\/schema\/logo\/image\/","url":"https:\/\/www.be-cool.nl\/wp-content\/uploads\/Be-cool_Logo.png","contentUrl":"https:\/\/www.be-cool.nl\/wp-content\/uploads\/Be-cool_Logo.png","width":426,"height":142,"caption":"Be-Cool"},"image":{"@id":"https:\/\/www.be-cool.nl\/it\/#\/schema\/logo\/image\/"}}]}},"_links":{"self":[{"href":"https:\/\/www.be-cool.nl\/it\/wp-json\/wp\/v2\/pages\/1025","targetHints":{"allow":["GET"]}}],"collection":[{"href":"https:\/\/www.be-cool.nl\/it\/wp-json\/wp\/v2\/pages"}],"about":[{"href":"https:\/\/www.be-cool.nl\/it\/wp-json\/wp\/v2\/types\/page"}],"author":[{"embeddable":true,"href":"https:\/\/www.be-cool.nl\/it\/wp-json\/wp\/v2\/users\/1"}],"replies":[{"embeddable":true,"href":"https:\/\/www.be-cool.nl\/it\/wp-json\/wp\/v2\/comments?post=1025"}],"version-history":[{"count":1,"href":"https:\/\/www.be-cool.nl\/it\/wp-json\/wp\/v2\/pages\/1025\/revisions"}],"predecessor-version":[{"id":1026,"href":"https:\/\/www.be-cool.nl\/it\/wp-json\/wp\/v2\/pages\/1025\/revisions\/1026"}],"wp:attachment":[{"href":"https:\/\/www.be-cool.nl\/it\/wp-json\/wp\/v2\/media?parent=1025"}],"curies":[{"name":"wp","href":"https:\/\/api.w.org\/{rel}","templated":true}]}}