{"id":1035,"date":"2022-02-21T11:40:04","date_gmt":"2022-02-21T10:40:04","guid":{"rendered":"https:\/\/www.be-cool.nl\/?page_id=1035"},"modified":"2022-03-03T11:51:24","modified_gmt":"2022-03-03T10:51:24","slug":"portacool-jetstream","status":"publish","type":"page","link":"https:\/\/www.be-cool.nl\/it\/portacool-jetstream\/","title":{"rendered":"Portacool Jetstream"},"content":{"rendered":"<div class=\"wpb-content-wrapper\"><p>[vc_row][vc_column][vc_column_text]<\/p>\n<h2>La serie Portacool Jetstream<\/h2>\n<p>La serie Portacool Jetstream \u00e8 ideale per chi \u00e8 alla ricerca di un raffreddamento con un&#8217;ottima adattabilit\u00e0. A Be-Cool, avrai ragione quando vuoi acquistare un refrigeratore d&#8217;aria della serie Jetstream da Portacool. Abbiamo nella nostra gamma il Jetstream 240, 250, 260 e 270. Quale dispositivo di raffreddamento scegli? Siamo felici di aiutarvi con consigli su misura. Trasmettere i vostri desideri per quanto riguarda il vostro refrigeratore d&#8217;aria a noi.[\/vc_column_text][\/vc_column][\/vc_row][vc_row css=&#8221;.vc_custom_1548407115588{background-color: #1181c5 !important;}&#8221; el_id=&#8221;cta&#8221;][vc_column width=&#8221;3\/4&#8243;][vc_column_text css=&#8221;.vc_custom_1517401496437{margin-bottom: 0px !important;}&#8221;]<\/p>\n<h3><strong>Vuoi saperne di pi\u00f9 sui nostri sistemi di raffreddamento?<\/strong><\/h3>\n<p>Vuoi saperne di pi\u00f9 sui nostri sistemi di raffreddamento? Vi preghiamo di contattarci per ulteriori informazioni sui nostri prodotti.[\/vc_column_text][\/vc_column][vc_column width=&#8221;1\/4&#8243;][vc_column_text el_class=&#8221;cta-img&#8221;]<a href=\"tel:0152002116\"><img decoding=\"async\" src=\"https:\/\/www.be-cool.nl\/wp-content\/uploads\/btn-bellen.png\" alt=\"\"><\/a>[\/vc_column_text][\/vc_column][\/vc_row][vc_row][vc_column][vc_column_text]<\/p>\n<h3>Informazioni su Jetstream 240<\/h3>\n<p>Il Jetstream 240 \u00e8 il primo dispositivo di raffreddamento ad aria della serie jetstream di portacool. Il Jetstream 240 ha l&#8217;impronta pi\u00f9 piccola della serie Jetstream. \u00c8 facile da spostare e si adatta facilmente agli spazi pi\u00f9 piccoli. Il dispositivo di raffreddamento contiene un indicatore del livello dell&#8217;acqua e un semplice pannello di controllo. Questa soluzione di raffreddamento efficiente dal punto di vista energetico consuma meno energia di un tostapane standard. Si dispone di una garanzia a vita sull&#8217;involucro del refrigeratore evaporativo per i guasti di fabbrica e di una garanzia di tre anni su tutti i componenti elettrici. Di seguito sono riportate le specifiche:<\/p>\n<ul>\n<li>Uscita d&#8217;aria: 7.645 m3\/h<\/li>\n<li>Serbatoio d&#8217;acqua: 189 L<\/li>\n<li>Dimensioni: 155 H x 107 B x 62 D cm<\/li>\n<li>Peso: 69kg<\/li>\n<li>Capacit\u00e0 di raffreddamento: 104m2<\/li>\n<\/ul>\n<h3>Il Jetstream 250 e 260<\/h3>\n<p>Il Jetstream 250 di Portacool \u00e8 un dispositivo di raffreddamento medio-alto. \u00c8 perfetto per raffreddare i tuoi spazi. Ha caratteristiche user-friendly, controllo della velocit\u00e0 variabile, un contatore dell&#8217;acqua e un interruttore della pompa. In termini di consumo energetico, \u00e8 allo stesso livello del 250. Il refrigeratore ha una potenza d&#8217;aria di 14.441 m3\/h, pesa 97 kg e ha una capacit\u00e0 di raffreddamento di 197 m2. In termini di dimensioni \u00e8 178 H x 140 B x 83 D cm. Il Jetstream 260 \u00e8 ancora pi\u00f9 grande e ha una potenza di 21.238 m3\/h, un serbatoio d&#8217;acqua di 227 L, un peso di 121 kg e una capacit\u00e0 di raffreddamento di 290 m2. In termini di dimensioni, \u00e8 195 H x 170 B x 88 D cm. Riceverai anche una garanzia di 3 anni su questi refrigeratori.<\/p>\n<h3>Il Jetstream 270<\/h3>\n<p>Il Jetstream 270 \u00e8 il pi\u00f9 grande dispositivo di raffreddamento in questa serie portacool. Questo refrigeratore d&#8217;aria garantisce il massimo comfort ove necessario. Questo raffreddamento ad aria mobile \u00e8 molto economico e costa solo una frazione dei costi operativi di un condizionatore d&#8217;aria tradizionale. Con questo dispositivo di raffreddamento si hanno anche possibilit\u00e0 di sovvenzione. Le 270 camere si raffreddno a 523 m2. Il refrigeratore ha una capacit\u00e0 idrica di 246 litri. Il refrigeratore ha una potenza di 38.227 m3\/h e pesa 170 kg. Infine, le dimensioni di questo dispositivo di raffreddamento sono 229 H x 201 B x 104 D cm.<\/p>\n<h3>Per ulteriori informazioni, si prega di<\/h3>\n<p>Hai bisogno di maggiori informazioni su questa serie portacool? Quindi contattaci via <a href=\"tel:0152002116\">015-2002116<\/a> o invia <a href=\"mailto:info@be-cool.nl\">un&#8217;e-info@be-cool.nl.<\/a> Lasciare un messaggio tramite il modulo di contatto online \u00e8 anche possibile. Vorremmo darvi maggiori informazioni sulla serie Portacool Jetstream.[\/vc_column_text][\/vc_column][\/vc_row]<\/p>\n<\/div>","protected":false},"excerpt":{"rendered":"<p>[vc_row][vc_column][vc_column_text] La serie Portacool Jetstream La serie Portacool Jetstream \u00e8 ideale per chi \u00e8 alla ricerca di un raffreddamento con un&#8217;ottima adattabilit\u00e0. A Be-Cool, avrai<a class=\"moretag\" href=\"https:\/\/www.be-cool.nl\/it\/portacool-jetstream\/\">&#8230;<\/a><\/p>\n","protected":false},"author":1,"featured_media":0,"parent":0,"menu_order":0,"comment_status":"closed","ping_status":"closed","template":"","meta":{"_glsr_average":0,"_glsr_ranking":0,"_glsr_reviews":0,"footnotes":""},"class_list":["post-1035","page","type-page","status-publish","hentry"],"yoast_head":"<!-- This site is optimized with the Yoast SEO plugin v27.5 - https:\/\/yoast.com\/product\/yoast-seo-wordpress\/ -->\n<title>Portacool Jetstream - Be-Cool<\/title>\n<meta name=\"description\" content=\"I refrigeratori d&#039;aria della serie Portacool Jetstream sono l&#039;ideale quando siete alla ricerca di un dispositivo di raffreddamento che raffreddi in modo efficiente ed energetico i vostri spazi. Sei curioso di questa serie? Scopri la gamma di Be-Cool. Siamo felici di aiutarvi nel campo dei refrigeratori. Chiama il numero 015-2002116.\" \/>\n<meta name=\"robots\" content=\"index, follow, max-snippet:-1, max-image-preview:large, max-video-preview:-1\" \/>\n<link rel=\"canonical\" href=\"https:\/\/www.be-cool.nl\/it\/portacool-jetstream\/\" \/>\n<meta property=\"og:locale\" content=\"it_IT\" \/>\n<meta property=\"og:type\" content=\"article\" \/>\n<meta property=\"og:title\" content=\"Portacool Jetstream - Be-Cool\" \/>\n<meta property=\"og:description\" content=\"I refrigeratori d&#039;aria della serie Portacool Jetstream sono l&#039;ideale quando siete alla ricerca di un dispositivo di raffreddamento che raffreddi in modo efficiente ed energetico i vostri spazi. Sei curioso di questa serie? Scopri la gamma di Be-Cool. Siamo felici di aiutarvi nel campo dei refrigeratori. Chiama il numero 015-2002116.\" \/>\n<meta property=\"og:url\" content=\"https:\/\/www.be-cool.nl\/it\/portacool-jetstream\/\" \/>\n<meta property=\"og:site_name\" content=\"Be-Cool\" \/>\n<meta property=\"article:modified_time\" content=\"2022-03-03T10:51:24+00:00\" \/>\n<meta property=\"og:image\" content=\"https:\/\/www.be-cool.nl\/wp-content\/uploads\/btn-bellen.png\" \/>\n<meta name=\"twitter:card\" content=\"summary_large_image\" \/>\n<meta name=\"twitter:label1\" content=\"Tempo di lettura stimato\" \/>\n\t<meta name=\"twitter:data1\" content=\"3 minuti\" \/>\n<script type=\"application\/ld+json\" class=\"yoast-schema-graph\">{\"@context\":\"https:\\\/\\\/schema.org\",\"@graph\":[{\"@type\":\"WebPage\",\"@id\":\"https:\\\/\\\/www.be-cool.nl\\\/it\\\/portacool-jetstream\\\/\",\"url\":\"https:\\\/\\\/www.be-cool.nl\\\/it\\\/portacool-jetstream\\\/\",\"name\":\"Portacool Jetstream - Be-Cool\",\"isPartOf\":{\"@id\":\"https:\\\/\\\/www.be-cool.nl\\\/it\\\/#website\"},\"primaryImageOfPage\":{\"@id\":\"https:\\\/\\\/www.be-cool.nl\\\/it\\\/portacool-jetstream\\\/#primaryimage\"},\"image\":{\"@id\":\"https:\\\/\\\/www.be-cool.nl\\\/it\\\/portacool-jetstream\\\/#primaryimage\"},\"thumbnailUrl\":\"https:\\\/\\\/www.be-cool.nl\\\/wp-content\\\/uploads\\\/btn-bellen.png\",\"datePublished\":\"2022-02-21T10:40:04+00:00\",\"dateModified\":\"2022-03-03T10:51:24+00:00\",\"description\":\"I refrigeratori d'aria della serie Portacool Jetstream sono l'ideale quando siete alla ricerca di un dispositivo di raffreddamento che raffreddi in modo efficiente ed energetico i vostri spazi. Sei curioso di questa serie? Scopri la gamma di Be-Cool. Siamo felici di aiutarvi nel campo dei refrigeratori. Chiama il numero 015-2002116.\",\"breadcrumb\":{\"@id\":\"https:\\\/\\\/www.be-cool.nl\\\/it\\\/portacool-jetstream\\\/#breadcrumb\"},\"inLanguage\":\"it-IT\",\"potentialAction\":[{\"@type\":\"ReadAction\",\"target\":[\"https:\\\/\\\/www.be-cool.nl\\\/it\\\/portacool-jetstream\\\/\"]}]},{\"@type\":\"ImageObject\",\"inLanguage\":\"it-IT\",\"@id\":\"https:\\\/\\\/www.be-cool.nl\\\/it\\\/portacool-jetstream\\\/#primaryimage\",\"url\":\"https:\\\/\\\/www.be-cool.nl\\\/wp-content\\\/uploads\\\/btn-bellen.png\",\"contentUrl\":\"https:\\\/\\\/www.be-cool.nl\\\/wp-content\\\/uploads\\\/btn-bellen.png\"},{\"@type\":\"BreadcrumbList\",\"@id\":\"https:\\\/\\\/www.be-cool.nl\\\/it\\\/portacool-jetstream\\\/#breadcrumb\",\"itemListElement\":[{\"@type\":\"ListItem\",\"position\":1,\"name\":\"Home\",\"item\":\"https:\\\/\\\/www.be-cool.nl\\\/it\\\/\"},{\"@type\":\"ListItem\",\"position\":2,\"name\":\"Portacool Jetstream\"}]},{\"@type\":\"WebSite\",\"@id\":\"https:\\\/\\\/www.be-cool.nl\\\/it\\\/#website\",\"url\":\"https:\\\/\\\/www.be-cool.nl\\\/it\\\/\",\"name\":\"Be-Cool\",\"description\":\"\",\"publisher\":{\"@id\":\"https:\\\/\\\/www.be-cool.nl\\\/it\\\/#organization\"},\"potentialAction\":[{\"@type\":\"SearchAction\",\"target\":{\"@type\":\"EntryPoint\",\"urlTemplate\":\"https:\\\/\\\/www.be-cool.nl\\\/it\\\/?s={search_term_string}\"},\"query-input\":{\"@type\":\"PropertyValueSpecification\",\"valueRequired\":true,\"valueName\":\"search_term_string\"}}],\"inLanguage\":\"it-IT\"},{\"@type\":\"Organization\",\"@id\":\"https:\\\/\\\/www.be-cool.nl\\\/it\\\/#organization\",\"name\":\"Be-Cool\",\"url\":\"https:\\\/\\\/www.be-cool.nl\\\/it\\\/\",\"logo\":{\"@type\":\"ImageObject\",\"inLanguage\":\"it-IT\",\"@id\":\"https:\\\/\\\/www.be-cool.nl\\\/it\\\/#\\\/schema\\\/logo\\\/image\\\/\",\"url\":\"https:\\\/\\\/www.be-cool.nl\\\/wp-content\\\/uploads\\\/Be-cool_Logo.png\",\"contentUrl\":\"https:\\\/\\\/www.be-cool.nl\\\/wp-content\\\/uploads\\\/Be-cool_Logo.png\",\"width\":426,\"height\":142,\"caption\":\"Be-Cool\"},\"image\":{\"@id\":\"https:\\\/\\\/www.be-cool.nl\\\/it\\\/#\\\/schema\\\/logo\\\/image\\\/\"}}]}<\/script>\n<!-- \/ Yoast SEO plugin. -->","yoast_head_json":{"title":"Portacool Jetstream - Be-Cool","description":"I refrigeratori d'aria della serie Portacool Jetstream sono l'ideale quando siete alla ricerca di un dispositivo di raffreddamento che raffreddi in modo efficiente ed energetico i vostri spazi. Sei curioso di questa serie? Scopri la gamma di Be-Cool. Siamo felici di aiutarvi nel campo dei refrigeratori. Chiama il numero 015-2002116.","robots":{"index":"index","follow":"follow","max-snippet":"max-snippet:-1","max-image-preview":"max-image-preview:large","max-video-preview":"max-video-preview:-1"},"canonical":"https:\/\/www.be-cool.nl\/it\/portacool-jetstream\/","og_locale":"it_IT","og_type":"article","og_title":"Portacool Jetstream - Be-Cool","og_description":"I refrigeratori d'aria della serie Portacool Jetstream sono l'ideale quando siete alla ricerca di un dispositivo di raffreddamento che raffreddi in modo efficiente ed energetico i vostri spazi. Sei curioso di questa serie? Scopri la gamma di Be-Cool. Siamo felici di aiutarvi nel campo dei refrigeratori. Chiama il numero 015-2002116.","og_url":"https:\/\/www.be-cool.nl\/it\/portacool-jetstream\/","og_site_name":"Be-Cool","article_modified_time":"2022-03-03T10:51:24+00:00","og_image":[{"url":"https:\/\/www.be-cool.nl\/wp-content\/uploads\/btn-bellen.png","type":"","width":"","height":""}],"twitter_card":"summary_large_image","twitter_misc":{"Tempo di lettura stimato":"3 minuti"},"schema":{"@context":"https:\/\/schema.org","@graph":[{"@type":"WebPage","@id":"https:\/\/www.be-cool.nl\/it\/portacool-jetstream\/","url":"https:\/\/www.be-cool.nl\/it\/portacool-jetstream\/","name":"Portacool Jetstream - Be-Cool","isPartOf":{"@id":"https:\/\/www.be-cool.nl\/it\/#website"},"primaryImageOfPage":{"@id":"https:\/\/www.be-cool.nl\/it\/portacool-jetstream\/#primaryimage"},"image":{"@id":"https:\/\/www.be-cool.nl\/it\/portacool-jetstream\/#primaryimage"},"thumbnailUrl":"https:\/\/www.be-cool.nl\/wp-content\/uploads\/btn-bellen.png","datePublished":"2022-02-21T10:40:04+00:00","dateModified":"2022-03-03T10:51:24+00:00","description":"I refrigeratori d'aria della serie Portacool Jetstream sono l'ideale quando siete alla ricerca di un dispositivo di raffreddamento che raffreddi in modo efficiente ed energetico i vostri spazi. Sei curioso di questa serie? Scopri la gamma di Be-Cool. Siamo felici di aiutarvi nel campo dei refrigeratori. Chiama il numero 015-2002116.","breadcrumb":{"@id":"https:\/\/www.be-cool.nl\/it\/portacool-jetstream\/#breadcrumb"},"inLanguage":"it-IT","potentialAction":[{"@type":"ReadAction","target":["https:\/\/www.be-cool.nl\/it\/portacool-jetstream\/"]}]},{"@type":"ImageObject","inLanguage":"it-IT","@id":"https:\/\/www.be-cool.nl\/it\/portacool-jetstream\/#primaryimage","url":"https:\/\/www.be-cool.nl\/wp-content\/uploads\/btn-bellen.png","contentUrl":"https:\/\/www.be-cool.nl\/wp-content\/uploads\/btn-bellen.png"},{"@type":"BreadcrumbList","@id":"https:\/\/www.be-cool.nl\/it\/portacool-jetstream\/#breadcrumb","itemListElement":[{"@type":"ListItem","position":1,"name":"Home","item":"https:\/\/www.be-cool.nl\/it\/"},{"@type":"ListItem","position":2,"name":"Portacool Jetstream"}]},{"@type":"WebSite","@id":"https:\/\/www.be-cool.nl\/it\/#website","url":"https:\/\/www.be-cool.nl\/it\/","name":"Be-Cool","description":"","publisher":{"@id":"https:\/\/www.be-cool.nl\/it\/#organization"},"potentialAction":[{"@type":"SearchAction","target":{"@type":"EntryPoint","urlTemplate":"https:\/\/www.be-cool.nl\/it\/?s={search_term_string}"},"query-input":{"@type":"PropertyValueSpecification","valueRequired":true,"valueName":"search_term_string"}}],"inLanguage":"it-IT"},{"@type":"Organization","@id":"https:\/\/www.be-cool.nl\/it\/#organization","name":"Be-Cool","url":"https:\/\/www.be-cool.nl\/it\/","logo":{"@type":"ImageObject","inLanguage":"it-IT","@id":"https:\/\/www.be-cool.nl\/it\/#\/schema\/logo\/image\/","url":"https:\/\/www.be-cool.nl\/wp-content\/uploads\/Be-cool_Logo.png","contentUrl":"https:\/\/www.be-cool.nl\/wp-content\/uploads\/Be-cool_Logo.png","width":426,"height":142,"caption":"Be-Cool"},"image":{"@id":"https:\/\/www.be-cool.nl\/it\/#\/schema\/logo\/image\/"}}]}},"_links":{"self":[{"href":"https:\/\/www.be-cool.nl\/it\/wp-json\/wp\/v2\/pages\/1035","targetHints":{"allow":["GET"]}}],"collection":[{"href":"https:\/\/www.be-cool.nl\/it\/wp-json\/wp\/v2\/pages"}],"about":[{"href":"https:\/\/www.be-cool.nl\/it\/wp-json\/wp\/v2\/types\/page"}],"author":[{"embeddable":true,"href":"https:\/\/www.be-cool.nl\/it\/wp-json\/wp\/v2\/users\/1"}],"replies":[{"embeddable":true,"href":"https:\/\/www.be-cool.nl\/it\/wp-json\/wp\/v2\/comments?post=1035"}],"version-history":[{"count":1,"href":"https:\/\/www.be-cool.nl\/it\/wp-json\/wp\/v2\/pages\/1035\/revisions"}],"predecessor-version":[{"id":1036,"href":"https:\/\/www.be-cool.nl\/it\/wp-json\/wp\/v2\/pages\/1035\/revisions\/1036"}],"wp:attachment":[{"href":"https:\/\/www.be-cool.nl\/it\/wp-json\/wp\/v2\/media?parent=1035"}],"curies":[{"name":"wp","href":"https:\/\/api.w.org\/{rel}","templated":true}]}}