{"id":1059,"date":"2022-02-21T11:41:29","date_gmt":"2022-02-21T10:41:29","guid":{"rendered":"https:\/\/www.be-cool.nl\/?page_id=1059"},"modified":"2022-03-04T10:33:59","modified_gmt":"2022-03-04T09:33:59","slug":"raffreddatore-evaporativo","status":"publish","type":"page","link":"https:\/\/www.be-cool.nl\/it\/raffreddatore-evaporativo\/","title":{"rendered":"Raffreddatore evaporativo"},"content":{"rendered":"<h2>Optare per il raffreddamento evaporativo da Be-Cool<\/h2>\n<p>Siete alla ricerca di un&#8217;azienda dove si pu\u00f2 andare per un refrigeratore evaporativo? Dai un&#8217;occhiata alla gamma di Be-Cool. Con noi troverete una vasta gamma di refrigeratori evaporativi, refrigeratori mobili e refrigeratori terrazza. Con noi si pu\u00f2 contare su prodotti di alta qualit\u00e0 e un ottimo servizio. Sei diventato curioso dei nostri prodotti e vorresti saperne di pi\u00f9 sul nostro raffreddamento evaporativo? Poi continua a leggere o chiamaci direttamente per comprare un nuovo raffreddamento.  <\/p>\n<h3>Raffreddamento dell&#8217;aria con Portacool<\/h3>\n<p>Il refrigeratore evaporativo che vendiamo proviene dal marchio Portacool. Questo tipo di dispositivo di raffreddamento ha un sistema di raffreddamento evaporativo unico. Ma cosa significa esattamente questo? Si nota l&#8217;effetto del raffreddamento evaporativo quando si mette il dito in un secchio d&#8217;acqua. Quando soffi lungo il dito, sentirai la freddezza evaporando l&#8217;acqua. Questo \u00e8 anche chiamato raffreddamento adiabatico. Questo sistema di raffreddamento \u00e8 ideale per grandi spazi aperti, in quanto raffredda lo spazio in modo ecologico ed economico. Questo modo di raffreddamento \u00e8 efficiente dal punto di vista energetico e molto pi\u00f9 economico di un raffreddamento regolare.  <\/p>\n<h3>Funzionamento del refrigeratore Portacool<\/h3>\n<p>Il refrigeratore evaporativo estrae in modo indipendente il calore dall&#8217;aria attraverso l&#8217;evaporazione dell&#8217;acqua. Il dispositivo di raffreddamento utilizza i cuscinetti brevettati di K\u00e0l. Le pastiglie, in carta compressa, contengono piccoli canali. Con l&#8217;aiuto di una pompa dell&#8217;acqua, l&#8217;acqua viene pompata dal serbatoio dell&#8217;acqua. L&#8217;acqua pompata pu\u00f2 fluire attraverso i canali delle pastiglie e quindi mantenere le pastiglie bagnate ovunque. L&#8217;aria calda viene aspirata attraverso le pastiglie, dopo di che l&#8217;acqua nelle pastiglie evapora. Questo assicura l&#8217;aria raffreddata. Infine, l&#8217;aria viene spazzata via in modo potente. Le pastiglie di K\u00e0l raffreddare l&#8217;aria calda di un ulteriore 20%. Gli inquinanti vengono inoltre filtrati fuori dall&#8217;aria che scorre dalla struttura ingegnosa e dal metodo di posizionamento delle pastiglie di K\u00e0l. Si pu\u00f2 anche beneficiare di aria pi\u00f9 pulita.<\/p>\n<h3>I vantaggi dei nostri refrigeratori<\/h3>\n<p>Cosa offre un refrigeratore evaporativo Portacool? Il dispositivo di raffreddamento:<\/p>\n<ul>\n<li>\u00c8 facile da spostare<\/li>\n<li>Ha un basso costo<\/li>\n<li>\u00c8 rispettoso dell&#8217;ambiente<\/li>\n<li>Non ha costi di installazione<\/li>\n<li>Ha approvvigionamento idrico tramite un tubo da giardino o riempimento<\/li>\n<li>Fornisce una facilit\u00e0 d&#8217;uso spensierata ed \u00e8 virtualmente privo di manutenzione<\/li>\n<li>Ha un alloggiamento durevole di polietilene cast out-of-one-piece<\/li>\n<li>\u00c8 ideale per il raffreddamento di grandi ambienti di lavoro di polvere spaziale<\/li>\n<\/ul>\n<h3>Chiamare o e-mail per ulteriori informazioni<\/h3>\n<p>Ti sei interessato ai nostri refrigeratori? Chiamaci al <a href=\"tel:0152002116\">numero 015-2002116<\/a> o invia <a href=mailto:info@be-cool.nl> <\/a> un&#8217;e-info@be-cool.nl. Naturalmente puoi anche lasciare un messaggio tramite il nostro modulo di contatto online. Saremo quindi felici di aiutarvi con l&#8217;acquisto di un refrigeratore evaporativo.<\/p>\n","protected":false},"excerpt":{"rendered":"<p>Optare per il raffreddamento evaporativo da Be-Cool Siete alla ricerca di un&#8217;azienda dove si pu\u00f2 andare per un refrigeratore evaporativo? Dai un&#8217;occhiata alla gamma di<a class=\"moretag\" href=\"https:\/\/www.be-cool.nl\/it\/raffreddatore-evaporativo\/\">&#8230;<\/a><\/p>\n","protected":false},"author":1,"featured_media":0,"parent":0,"menu_order":0,"comment_status":"closed","ping_status":"closed","template":"","meta":{"_glsr_average":0,"_glsr_ranking":0,"_glsr_reviews":0,"footnotes":""},"class_list":["post-1059","page","type-page","status-publish","hentry"],"yoast_head":"<!-- This site is optimized with the Yoast SEO plugin v27.3 - https:\/\/yoast.com\/product\/yoast-seo-wordpress\/ -->\n<title>Raffreddatore evaporativo - Be-Cool<\/title>\n<meta name=\"description\" content=\"Hai bisogno di un refrigeratore evaporativo per raffreddare il tuo spazio? Dai un&#039;occhiata alla gamma di Be-Cool. Con noi troverete una vasta gamma di refrigeratori del Brand Portacool. Per ulteriori informazioni sui nostri prodotti, contattaci al numero \u260e 015-2002116.\" \/>\n<meta name=\"robots\" content=\"index, follow, max-snippet:-1, max-image-preview:large, max-video-preview:-1\" \/>\n<link rel=\"canonical\" href=\"https:\/\/www.be-cool.nl\/it\/raffreddatore-evaporativo\/\" \/>\n<meta property=\"og:locale\" content=\"it_IT\" \/>\n<meta property=\"og:type\" content=\"article\" \/>\n<meta property=\"og:title\" content=\"Raffreddatore evaporativo - Be-Cool\" \/>\n<meta property=\"og:description\" content=\"Hai bisogno di un refrigeratore evaporativo per raffreddare il tuo spazio? Dai un&#039;occhiata alla gamma di Be-Cool. Con noi troverete una vasta gamma di refrigeratori del Brand Portacool. Per ulteriori informazioni sui nostri prodotti, contattaci al numero \u260e 015-2002116.\" \/>\n<meta property=\"og:url\" content=\"https:\/\/www.be-cool.nl\/it\/raffreddatore-evaporativo\/\" \/>\n<meta property=\"og:site_name\" content=\"Be-Cool\" \/>\n<meta property=\"article:modified_time\" content=\"2022-03-04T09:33:59+00:00\" \/>\n<meta name=\"twitter:card\" content=\"summary_large_image\" \/>\n<meta name=\"twitter:label1\" content=\"Tempo di lettura stimato\" \/>\n\t<meta name=\"twitter:data1\" content=\"2 minuti\" \/>\n<script type=\"application\/ld+json\" class=\"yoast-schema-graph\">{\"@context\":\"https:\\\/\\\/schema.org\",\"@graph\":[{\"@type\":\"WebPage\",\"@id\":\"https:\\\/\\\/www.be-cool.nl\\\/it\\\/raffreddatore-evaporativo\\\/\",\"url\":\"https:\\\/\\\/www.be-cool.nl\\\/it\\\/raffreddatore-evaporativo\\\/\",\"name\":\"Raffreddatore evaporativo - Be-Cool\",\"isPartOf\":{\"@id\":\"https:\\\/\\\/www.be-cool.nl\\\/it\\\/#website\"},\"datePublished\":\"2022-02-21T10:41:29+00:00\",\"dateModified\":\"2022-03-04T09:33:59+00:00\",\"description\":\"Hai bisogno di un refrigeratore evaporativo per raffreddare il tuo spazio? Dai un'occhiata alla gamma di Be-Cool. Con noi troverete una vasta gamma di refrigeratori del Brand Portacool. Per ulteriori informazioni sui nostri prodotti, contattaci al numero \u260e 015-2002116.\",\"breadcrumb\":{\"@id\":\"https:\\\/\\\/www.be-cool.nl\\\/it\\\/raffreddatore-evaporativo\\\/#breadcrumb\"},\"inLanguage\":\"it-IT\",\"potentialAction\":[{\"@type\":\"ReadAction\",\"target\":[\"https:\\\/\\\/www.be-cool.nl\\\/it\\\/raffreddatore-evaporativo\\\/\"]}]},{\"@type\":\"BreadcrumbList\",\"@id\":\"https:\\\/\\\/www.be-cool.nl\\\/it\\\/raffreddatore-evaporativo\\\/#breadcrumb\",\"itemListElement\":[{\"@type\":\"ListItem\",\"position\":1,\"name\":\"Home\",\"item\":\"https:\\\/\\\/www.be-cool.nl\\\/it\\\/\"},{\"@type\":\"ListItem\",\"position\":2,\"name\":\"Raffreddatore evaporativo\"}]},{\"@type\":\"WebSite\",\"@id\":\"https:\\\/\\\/www.be-cool.nl\\\/it\\\/#website\",\"url\":\"https:\\\/\\\/www.be-cool.nl\\\/it\\\/\",\"name\":\"Be-Cool\",\"description\":\"\",\"publisher\":{\"@id\":\"https:\\\/\\\/www.be-cool.nl\\\/it\\\/#organization\"},\"potentialAction\":[{\"@type\":\"SearchAction\",\"target\":{\"@type\":\"EntryPoint\",\"urlTemplate\":\"https:\\\/\\\/www.be-cool.nl\\\/it\\\/?s={search_term_string}\"},\"query-input\":{\"@type\":\"PropertyValueSpecification\",\"valueRequired\":true,\"valueName\":\"search_term_string\"}}],\"inLanguage\":\"it-IT\"},{\"@type\":\"Organization\",\"@id\":\"https:\\\/\\\/www.be-cool.nl\\\/it\\\/#organization\",\"name\":\"Be-Cool\",\"url\":\"https:\\\/\\\/www.be-cool.nl\\\/it\\\/\",\"logo\":{\"@type\":\"ImageObject\",\"inLanguage\":\"it-IT\",\"@id\":\"https:\\\/\\\/www.be-cool.nl\\\/it\\\/#\\\/schema\\\/logo\\\/image\\\/\",\"url\":\"https:\\\/\\\/www.be-cool.nl\\\/wp-content\\\/uploads\\\/Be-cool_Logo.png\",\"contentUrl\":\"https:\\\/\\\/www.be-cool.nl\\\/wp-content\\\/uploads\\\/Be-cool_Logo.png\",\"width\":426,\"height\":142,\"caption\":\"Be-Cool\"},\"image\":{\"@id\":\"https:\\\/\\\/www.be-cool.nl\\\/it\\\/#\\\/schema\\\/logo\\\/image\\\/\"}}]}<\/script>\n<!-- \/ Yoast SEO plugin. -->","yoast_head_json":{"title":"Raffreddatore evaporativo - Be-Cool","description":"Hai bisogno di un refrigeratore evaporativo per raffreddare il tuo spazio? Dai un'occhiata alla gamma di Be-Cool. Con noi troverete una vasta gamma di refrigeratori del Brand Portacool. Per ulteriori informazioni sui nostri prodotti, contattaci al numero \u260e 015-2002116.","robots":{"index":"index","follow":"follow","max-snippet":"max-snippet:-1","max-image-preview":"max-image-preview:large","max-video-preview":"max-video-preview:-1"},"canonical":"https:\/\/www.be-cool.nl\/it\/raffreddatore-evaporativo\/","og_locale":"it_IT","og_type":"article","og_title":"Raffreddatore evaporativo - Be-Cool","og_description":"Hai bisogno di un refrigeratore evaporativo per raffreddare il tuo spazio? Dai un'occhiata alla gamma di Be-Cool. Con noi troverete una vasta gamma di refrigeratori del Brand Portacool. Per ulteriori informazioni sui nostri prodotti, contattaci al numero \u260e 015-2002116.","og_url":"https:\/\/www.be-cool.nl\/it\/raffreddatore-evaporativo\/","og_site_name":"Be-Cool","article_modified_time":"2022-03-04T09:33:59+00:00","twitter_card":"summary_large_image","twitter_misc":{"Tempo di lettura stimato":"2 minuti"},"schema":{"@context":"https:\/\/schema.org","@graph":[{"@type":"WebPage","@id":"https:\/\/www.be-cool.nl\/it\/raffreddatore-evaporativo\/","url":"https:\/\/www.be-cool.nl\/it\/raffreddatore-evaporativo\/","name":"Raffreddatore evaporativo - Be-Cool","isPartOf":{"@id":"https:\/\/www.be-cool.nl\/it\/#website"},"datePublished":"2022-02-21T10:41:29+00:00","dateModified":"2022-03-04T09:33:59+00:00","description":"Hai bisogno di un refrigeratore evaporativo per raffreddare il tuo spazio? Dai un'occhiata alla gamma di Be-Cool. Con noi troverete una vasta gamma di refrigeratori del Brand Portacool. Per ulteriori informazioni sui nostri prodotti, contattaci al numero \u260e 015-2002116.","breadcrumb":{"@id":"https:\/\/www.be-cool.nl\/it\/raffreddatore-evaporativo\/#breadcrumb"},"inLanguage":"it-IT","potentialAction":[{"@type":"ReadAction","target":["https:\/\/www.be-cool.nl\/it\/raffreddatore-evaporativo\/"]}]},{"@type":"BreadcrumbList","@id":"https:\/\/www.be-cool.nl\/it\/raffreddatore-evaporativo\/#breadcrumb","itemListElement":[{"@type":"ListItem","position":1,"name":"Home","item":"https:\/\/www.be-cool.nl\/it\/"},{"@type":"ListItem","position":2,"name":"Raffreddatore evaporativo"}]},{"@type":"WebSite","@id":"https:\/\/www.be-cool.nl\/it\/#website","url":"https:\/\/www.be-cool.nl\/it\/","name":"Be-Cool","description":"","publisher":{"@id":"https:\/\/www.be-cool.nl\/it\/#organization"},"potentialAction":[{"@type":"SearchAction","target":{"@type":"EntryPoint","urlTemplate":"https:\/\/www.be-cool.nl\/it\/?s={search_term_string}"},"query-input":{"@type":"PropertyValueSpecification","valueRequired":true,"valueName":"search_term_string"}}],"inLanguage":"it-IT"},{"@type":"Organization","@id":"https:\/\/www.be-cool.nl\/it\/#organization","name":"Be-Cool","url":"https:\/\/www.be-cool.nl\/it\/","logo":{"@type":"ImageObject","inLanguage":"it-IT","@id":"https:\/\/www.be-cool.nl\/it\/#\/schema\/logo\/image\/","url":"https:\/\/www.be-cool.nl\/wp-content\/uploads\/Be-cool_Logo.png","contentUrl":"https:\/\/www.be-cool.nl\/wp-content\/uploads\/Be-cool_Logo.png","width":426,"height":142,"caption":"Be-Cool"},"image":{"@id":"https:\/\/www.be-cool.nl\/it\/#\/schema\/logo\/image\/"}}]}},"_links":{"self":[{"href":"https:\/\/www.be-cool.nl\/it\/wp-json\/wp\/v2\/pages\/1059","targetHints":{"allow":["GET"]}}],"collection":[{"href":"https:\/\/www.be-cool.nl\/it\/wp-json\/wp\/v2\/pages"}],"about":[{"href":"https:\/\/www.be-cool.nl\/it\/wp-json\/wp\/v2\/types\/page"}],"author":[{"embeddable":true,"href":"https:\/\/www.be-cool.nl\/it\/wp-json\/wp\/v2\/users\/1"}],"replies":[{"embeddable":true,"href":"https:\/\/www.be-cool.nl\/it\/wp-json\/wp\/v2\/comments?post=1059"}],"version-history":[{"count":1,"href":"https:\/\/www.be-cool.nl\/it\/wp-json\/wp\/v2\/pages\/1059\/revisions"}],"predecessor-version":[{"id":1060,"href":"https:\/\/www.be-cool.nl\/it\/wp-json\/wp\/v2\/pages\/1059\/revisions\/1060"}],"wp:attachment":[{"href":"https:\/\/www.be-cool.nl\/it\/wp-json\/wp\/v2\/media?parent=1059"}],"curies":[{"name":"wp","href":"https:\/\/api.w.org\/{rel}","templated":true}]}}