{"id":1069,"date":"2022-02-21T11:42:56","date_gmt":"2022-02-21T10:42:56","guid":{"rendered":"https:\/\/www.be-cool.nl\/?page_id=1069"},"modified":"2022-03-04T10:43:29","modified_gmt":"2022-03-04T09:43:29","slug":"raffreddatore-terrazza-mobile","status":"publish","type":"page","link":"https:\/\/www.be-cool.nl\/it\/raffreddatore-terrazza-mobile\/","title":{"rendered":"Raffreddatore terrazza mobile"},"content":{"rendered":"<h2>Il nostro refrigeratore di terrazze mobile<\/h2>\n<p>Siete alla ricerca di un&#8217;azienda dove si pu\u00f2 andare per un buon refrigeratore terrazza? Optare per i refrigeratori terrazza mobile da Be-Cool. Siamo specializzati in sistemi di raffreddamento e siamo felici di aiutarvi a raffreddare il vostro spazio o terrazza nel modo giusto. I nostri refrigeratori terrazza sono della migliore qualit\u00e0. Quando si acquista un refrigeratore d&#8217;aria da noi, si pu\u00f2 anche contare su un servizio eccellente. Vuoi saperne di pi\u00f9 sui nostri prodotti? Allora continua a leggere.<\/p>\n<h3>Come funzionano i nostri refrigeratori mobili<\/h3>\n<p>I nostri refrigeratori terrazza utilizzano uno speciale sistema di raffreddamento evaporativo. Questo sistema estrae il calore dall&#8217;aria utilizzando l&#8217;evaporazione dell&#8217;acqua. Ci\u00f2 \u00e8 reso possibile dai pad brevettati di K&#8217;l nel dispositivo. Questi pad contengono piccoli canali. La pompa dell&#8217;acqua pompa l&#8217;acqua dal serbatoio dell&#8217;acqua attraverso questi canali e quindi le pastiglie sono mantenute uniformemente bagnate. Poi l&#8217;aria calda viene risucchiata dalla stanza lungo il percorso. L&#8217;acqua evapora, creando aria fredda. Infine, il refrigeratore del patio mobile assicura che l&#8217;aria fredda sia potentemente spazzata via. Un grande vantaggio dei pad di K\u00e0l \u00e8 che raffreddano l&#8217;aria il 20% in pi\u00f9. Oltre al raffreddamento dell&#8217;aria, filtrano anche gli inquinanti fuori dall&#8217;aria. Con i nostri refrigeratori mobili, puoi anche godere di aria pi\u00f9 pulita nelle tue camere.  <\/p>\n<h3>Raffreddamento in modo responsabile dal punto di controllo ambientale<\/h3>\n<p>I nostri refrigeratori mobili hanno molti vantaggi da offrirti. Ad esempio, il nostro refrigeratore terrazza \u00e8 molto efficiente dal punto di vista energetico e pu\u00f2 facilmente raffreddare la terrazza in modo efficiente in estate. Poich\u00e9 il refrigeratore della terrazza \u00e8 cos\u00ec efficiente dal punto di vista energetico, \u00e8 anche un acquisto ecologicamente valido. Inoltre, la sua efficienza energetica assicura che con questo dispositivo di raffreddamento mobile si \u00e8 molto pi\u00f9 economico che con un dispositivo di raffreddamento regolare. Vuoi acquistare questo refrigeratore terrazza? Poi ci sono anche opportunit\u00e0 di sovvenzione.<\/p>\n<h3>Caratteristiche di raffreddamento patio mobile<\/h3>\n<p>Il refrigeratore terrazza ha un bellissimo aspetto unico con un pannello digitale. \u00c8 facile da ricaricare quando necessario. \u00c8 possibile collegare il dispositivo di raffreddamento a un tubo da giardino o \u00e8 possibile riformiare manualmente. Il serbatoio dell&#8217;acqua ha una capacit\u00e0 di 76 litri. Pesa 75 kg ed \u00e8 facilmente mobile dove \u00e8 necessario. Il refrigeratore d&#8217;aria ha una potenza di 4250 m3\/h. Con il suo fascio fresco a 360 gradi, pu\u00f2 raffreddare una terrazza di non meno di 56 m2.<\/p>\n<h3>Vorremmo informarvi ulteriormente<\/h3>\n<p>Ti sei interessato ai nostri refrigeratori d&#8217;aria mobile? Vi preghiamo di <a href=\"tel:0152002116\">contattarci direttamente al numero 015-2002116<\/a>. Puoi inviare <a href=mailto:info@be-cool.nl> un&#8217;info@be-cool.nl <\/a> o puoi lasciare un messaggio tramite il nostro modulo di contatto online. Siamo felici di aiutarvi con il dispositivo di raffreddamento terrazza mobile che si desidera.<\/p>\n","protected":false},"excerpt":{"rendered":"<p>Il nostro refrigeratore di terrazze mobile Siete alla ricerca di un&#8217;azienda dove si pu\u00f2 andare per un buon refrigeratore terrazza? Optare per i refrigeratori terrazza<a class=\"moretag\" href=\"https:\/\/www.be-cool.nl\/it\/raffreddatore-terrazza-mobile\/\">&#8230;<\/a><\/p>\n","protected":false},"author":1,"featured_media":0,"parent":0,"menu_order":0,"comment_status":"closed","ping_status":"closed","template":"","meta":{"_glsr_average":0,"_glsr_ranking":0,"_glsr_reviews":0,"footnotes":""},"class_list":["post-1069","page","type-page","status-publish","hentry"],"yoast_head":"<!-- This site is optimized with the Yoast SEO plugin v27.5 - https:\/\/yoast.com\/product\/yoast-seo-wordpress\/ -->\n<title>Raffreddatore terrazza mobile - Be-Cool<\/title>\n<meta name=\"description\" content=\"Avete bisogno di un refrigeratore terrazza che raffredda la vostra terrazza nel modo giusto? Optare per il fresco terrazza Be-Cool. Questo dispositivo di raffreddamento ha una capacit\u00e0 di raffreddamento molto grande ed \u00e8 molto efficiente dal punto di vista energetico. Vuoi saperne di pi\u00f9 sui nostri sistemi di raffreddamento? Contattaci per numero di telefono \u260e 015-2002116.\" \/>\n<meta name=\"robots\" content=\"index, follow, max-snippet:-1, max-image-preview:large, max-video-preview:-1\" \/>\n<link rel=\"canonical\" href=\"https:\/\/www.be-cool.nl\/it\/raffreddatore-terrazza-mobile\/\" \/>\n<meta property=\"og:locale\" content=\"it_IT\" \/>\n<meta property=\"og:type\" content=\"article\" \/>\n<meta property=\"og:title\" content=\"Raffreddatore terrazza mobile - Be-Cool\" \/>\n<meta property=\"og:description\" content=\"Avete bisogno di un refrigeratore terrazza che raffredda la vostra terrazza nel modo giusto? Optare per il fresco terrazza Be-Cool. Questo dispositivo di raffreddamento ha una capacit\u00e0 di raffreddamento molto grande ed \u00e8 molto efficiente dal punto di vista energetico. Vuoi saperne di pi\u00f9 sui nostri sistemi di raffreddamento? Contattaci per numero di telefono \u260e 015-2002116.\" \/>\n<meta property=\"og:url\" content=\"https:\/\/www.be-cool.nl\/it\/raffreddatore-terrazza-mobile\/\" \/>\n<meta property=\"og:site_name\" content=\"Be-Cool\" \/>\n<meta property=\"article:modified_time\" content=\"2022-03-04T09:43:29+00:00\" \/>\n<meta name=\"twitter:card\" content=\"summary_large_image\" \/>\n<meta name=\"twitter:label1\" content=\"Tempo di lettura stimato\" \/>\n\t<meta name=\"twitter:data1\" content=\"2 minuti\" \/>\n<script type=\"application\/ld+json\" class=\"yoast-schema-graph\">{\"@context\":\"https:\\\/\\\/schema.org\",\"@graph\":[{\"@type\":\"WebPage\",\"@id\":\"https:\\\/\\\/www.be-cool.nl\\\/it\\\/raffreddatore-terrazza-mobile\\\/\",\"url\":\"https:\\\/\\\/www.be-cool.nl\\\/it\\\/raffreddatore-terrazza-mobile\\\/\",\"name\":\"Raffreddatore terrazza mobile - Be-Cool\",\"isPartOf\":{\"@id\":\"https:\\\/\\\/www.be-cool.nl\\\/it\\\/#website\"},\"datePublished\":\"2022-02-21T10:42:56+00:00\",\"dateModified\":\"2022-03-04T09:43:29+00:00\",\"description\":\"Avete bisogno di un refrigeratore terrazza che raffredda la vostra terrazza nel modo giusto? Optare per il fresco terrazza Be-Cool. Questo dispositivo di raffreddamento ha una capacit\u00e0 di raffreddamento molto grande ed \u00e8 molto efficiente dal punto di vista energetico. Vuoi saperne di pi\u00f9 sui nostri sistemi di raffreddamento? Contattaci per numero di telefono \u260e 015-2002116.\",\"breadcrumb\":{\"@id\":\"https:\\\/\\\/www.be-cool.nl\\\/it\\\/raffreddatore-terrazza-mobile\\\/#breadcrumb\"},\"inLanguage\":\"it-IT\",\"potentialAction\":[{\"@type\":\"ReadAction\",\"target\":[\"https:\\\/\\\/www.be-cool.nl\\\/it\\\/raffreddatore-terrazza-mobile\\\/\"]}]},{\"@type\":\"BreadcrumbList\",\"@id\":\"https:\\\/\\\/www.be-cool.nl\\\/it\\\/raffreddatore-terrazza-mobile\\\/#breadcrumb\",\"itemListElement\":[{\"@type\":\"ListItem\",\"position\":1,\"name\":\"Home\",\"item\":\"https:\\\/\\\/www.be-cool.nl\\\/it\\\/\"},{\"@type\":\"ListItem\",\"position\":2,\"name\":\"Raffreddatore terrazza mobile\"}]},{\"@type\":\"WebSite\",\"@id\":\"https:\\\/\\\/www.be-cool.nl\\\/it\\\/#website\",\"url\":\"https:\\\/\\\/www.be-cool.nl\\\/it\\\/\",\"name\":\"Be-Cool\",\"description\":\"\",\"publisher\":{\"@id\":\"https:\\\/\\\/www.be-cool.nl\\\/it\\\/#organization\"},\"potentialAction\":[{\"@type\":\"SearchAction\",\"target\":{\"@type\":\"EntryPoint\",\"urlTemplate\":\"https:\\\/\\\/www.be-cool.nl\\\/it\\\/?s={search_term_string}\"},\"query-input\":{\"@type\":\"PropertyValueSpecification\",\"valueRequired\":true,\"valueName\":\"search_term_string\"}}],\"inLanguage\":\"it-IT\"},{\"@type\":\"Organization\",\"@id\":\"https:\\\/\\\/www.be-cool.nl\\\/it\\\/#organization\",\"name\":\"Be-Cool\",\"url\":\"https:\\\/\\\/www.be-cool.nl\\\/it\\\/\",\"logo\":{\"@type\":\"ImageObject\",\"inLanguage\":\"it-IT\",\"@id\":\"https:\\\/\\\/www.be-cool.nl\\\/it\\\/#\\\/schema\\\/logo\\\/image\\\/\",\"url\":\"https:\\\/\\\/www.be-cool.nl\\\/wp-content\\\/uploads\\\/Be-cool_Logo.png\",\"contentUrl\":\"https:\\\/\\\/www.be-cool.nl\\\/wp-content\\\/uploads\\\/Be-cool_Logo.png\",\"width\":426,\"height\":142,\"caption\":\"Be-Cool\"},\"image\":{\"@id\":\"https:\\\/\\\/www.be-cool.nl\\\/it\\\/#\\\/schema\\\/logo\\\/image\\\/\"}}]}<\/script>\n<!-- \/ Yoast SEO plugin. -->","yoast_head_json":{"title":"Raffreddatore terrazza mobile - Be-Cool","description":"Avete bisogno di un refrigeratore terrazza che raffredda la vostra terrazza nel modo giusto? Optare per il fresco terrazza Be-Cool. Questo dispositivo di raffreddamento ha una capacit\u00e0 di raffreddamento molto grande ed \u00e8 molto efficiente dal punto di vista energetico. Vuoi saperne di pi\u00f9 sui nostri sistemi di raffreddamento? Contattaci per numero di telefono \u260e 015-2002116.","robots":{"index":"index","follow":"follow","max-snippet":"max-snippet:-1","max-image-preview":"max-image-preview:large","max-video-preview":"max-video-preview:-1"},"canonical":"https:\/\/www.be-cool.nl\/it\/raffreddatore-terrazza-mobile\/","og_locale":"it_IT","og_type":"article","og_title":"Raffreddatore terrazza mobile - Be-Cool","og_description":"Avete bisogno di un refrigeratore terrazza che raffredda la vostra terrazza nel modo giusto? Optare per il fresco terrazza Be-Cool. Questo dispositivo di raffreddamento ha una capacit\u00e0 di raffreddamento molto grande ed \u00e8 molto efficiente dal punto di vista energetico. Vuoi saperne di pi\u00f9 sui nostri sistemi di raffreddamento? Contattaci per numero di telefono \u260e 015-2002116.","og_url":"https:\/\/www.be-cool.nl\/it\/raffreddatore-terrazza-mobile\/","og_site_name":"Be-Cool","article_modified_time":"2022-03-04T09:43:29+00:00","twitter_card":"summary_large_image","twitter_misc":{"Tempo di lettura stimato":"2 minuti"},"schema":{"@context":"https:\/\/schema.org","@graph":[{"@type":"WebPage","@id":"https:\/\/www.be-cool.nl\/it\/raffreddatore-terrazza-mobile\/","url":"https:\/\/www.be-cool.nl\/it\/raffreddatore-terrazza-mobile\/","name":"Raffreddatore terrazza mobile - Be-Cool","isPartOf":{"@id":"https:\/\/www.be-cool.nl\/it\/#website"},"datePublished":"2022-02-21T10:42:56+00:00","dateModified":"2022-03-04T09:43:29+00:00","description":"Avete bisogno di un refrigeratore terrazza che raffredda la vostra terrazza nel modo giusto? Optare per il fresco terrazza Be-Cool. Questo dispositivo di raffreddamento ha una capacit\u00e0 di raffreddamento molto grande ed \u00e8 molto efficiente dal punto di vista energetico. Vuoi saperne di pi\u00f9 sui nostri sistemi di raffreddamento? Contattaci per numero di telefono \u260e 015-2002116.","breadcrumb":{"@id":"https:\/\/www.be-cool.nl\/it\/raffreddatore-terrazza-mobile\/#breadcrumb"},"inLanguage":"it-IT","potentialAction":[{"@type":"ReadAction","target":["https:\/\/www.be-cool.nl\/it\/raffreddatore-terrazza-mobile\/"]}]},{"@type":"BreadcrumbList","@id":"https:\/\/www.be-cool.nl\/it\/raffreddatore-terrazza-mobile\/#breadcrumb","itemListElement":[{"@type":"ListItem","position":1,"name":"Home","item":"https:\/\/www.be-cool.nl\/it\/"},{"@type":"ListItem","position":2,"name":"Raffreddatore terrazza mobile"}]},{"@type":"WebSite","@id":"https:\/\/www.be-cool.nl\/it\/#website","url":"https:\/\/www.be-cool.nl\/it\/","name":"Be-Cool","description":"","publisher":{"@id":"https:\/\/www.be-cool.nl\/it\/#organization"},"potentialAction":[{"@type":"SearchAction","target":{"@type":"EntryPoint","urlTemplate":"https:\/\/www.be-cool.nl\/it\/?s={search_term_string}"},"query-input":{"@type":"PropertyValueSpecification","valueRequired":true,"valueName":"search_term_string"}}],"inLanguage":"it-IT"},{"@type":"Organization","@id":"https:\/\/www.be-cool.nl\/it\/#organization","name":"Be-Cool","url":"https:\/\/www.be-cool.nl\/it\/","logo":{"@type":"ImageObject","inLanguage":"it-IT","@id":"https:\/\/www.be-cool.nl\/it\/#\/schema\/logo\/image\/","url":"https:\/\/www.be-cool.nl\/wp-content\/uploads\/Be-cool_Logo.png","contentUrl":"https:\/\/www.be-cool.nl\/wp-content\/uploads\/Be-cool_Logo.png","width":426,"height":142,"caption":"Be-Cool"},"image":{"@id":"https:\/\/www.be-cool.nl\/it\/#\/schema\/logo\/image\/"}}]}},"_links":{"self":[{"href":"https:\/\/www.be-cool.nl\/it\/wp-json\/wp\/v2\/pages\/1069","targetHints":{"allow":["GET"]}}],"collection":[{"href":"https:\/\/www.be-cool.nl\/it\/wp-json\/wp\/v2\/pages"}],"about":[{"href":"https:\/\/www.be-cool.nl\/it\/wp-json\/wp\/v2\/types\/page"}],"author":[{"embeddable":true,"href":"https:\/\/www.be-cool.nl\/it\/wp-json\/wp\/v2\/users\/1"}],"replies":[{"embeddable":true,"href":"https:\/\/www.be-cool.nl\/it\/wp-json\/wp\/v2\/comments?post=1069"}],"version-history":[{"count":1,"href":"https:\/\/www.be-cool.nl\/it\/wp-json\/wp\/v2\/pages\/1069\/revisions"}],"predecessor-version":[{"id":1070,"href":"https:\/\/www.be-cool.nl\/it\/wp-json\/wp\/v2\/pages\/1069\/revisions\/1070"}],"wp:attachment":[{"href":"https:\/\/www.be-cool.nl\/it\/wp-json\/wp\/v2\/media?parent=1069"}],"curies":[{"name":"wp","href":"https:\/\/api.w.org\/{rel}","templated":true}]}}