{"id":1080,"date":"2022-01-28T17:42:09","date_gmt":"2022-01-28T16:42:09","guid":{"rendered":"https:\/\/www.be-cool.nl\/?page_id=1080"},"modified":"2024-04-15T14:16:13","modified_gmt":"2024-04-15T12:16:13","slug":"raffreddatori-di-funzionamento","status":"publish","type":"page","link":"https:\/\/www.be-cool.nl\/it\/raffreddatori-di-funzionamento\/","title":{"rendered":"Funzionamento dei refrigeratori"},"content":{"rendered":"<div class=\"wpb-content-wrapper\"><p>[vc_row][vc_column width=&#8221;1\/2&#8243;][vc_column_text]I rinfrescatori d&#8217;aria Portacool funzionano con l&#8217;acqua del rubinetto e sono facili da collegare a un tubo da giardino. Una volta dotati di collegamento elettrico a 230v, i raffrescatori sono subito facili da utilizzare.<\/p>\n<p>Ogni rinfrescatore d&#8217;aria Portacool \u00e8 dotato di un filtro brevettato, chiamato anche pad, che assicura l&#8217;aspirazione dell&#8217;aria. Una pompa dell&#8217;acqua assicura che questi cuscinetti siano costantemente mantenuti umidi. Questi cuscinetti sono a loro volta dotati di piccoli canali che creano un vortice che fa evaporare l&#8217;acqua in modo ottimale. Questa evaporazione garantisce che tutto il calore venga estratto dall&#8217;aria e che l&#8217;aria in uscita sia quindi gradevole, fresca e fresca. Chiamiamo questo anche raffreddamento adiabatico o raffreddamento evaporativo.<br \/>\n[\/vc_column_text][vc_single_image image=&#8221;257&#8243; img_size=&#8221;full&#8221; alignment=&#8221;center&#8221;][vc_column_text]I rinfrescatori d&#8217;aria mobili Portacool funzionano meglio se posizionati in aree ben ventilate. Una buona ventilazione garantisce che l&#8217;aria calda lasci facilmente la stanza e che l&#8217;aria fresca la riempia nuovamente facilmente. Ci\u00f2 rende i frigoriferi ideali per officine in cui la porta \u00e8 spesso aperta o per spazi ampi dove in precedenza il raffreddamento era molto difficile.<\/p>\n<p>Desideri saperne di pi\u00f9 su come funziona il raffrescamento evaporativo per il tuo ambiente di lavoro personale? Non esitate a richiedere un test qui!<br \/>\n[\/vc_column_text][\/vc_column][vc_column width=&#8221;1\/2&#8243;][vc_column_text]Il bello dei rinfrescatori d&#8217;aria mobili Portacool \u00e8 che non utilizzano refrigeranti. Ci\u00f2 significa che le emissioni di CO2 sono molto inferiori rispetto, ad esempio, ai sistemi di raffreddamento pi\u00f9 tradizionali. Poich\u00e9 i cuscinetti si trovano sul lato di aspirazione del frigorifero, funzionano come un filtro, per cos\u00ec dire. Poich\u00e9 l&#8217;aria viene filtrata e pulita, i raffrescatori garantiscono anche un migliore clima interno.<\/p>\n<p>Il raffreddatore ad aria mobile portacool \u00e8 composto dalle seguenti parti:<\/p>\n<ul>\n<li>Collegamento per l&#8217;elettricit\u00e0 e l&#8217;acqua del rubinetto<\/li>\n<li>Pannello di controllo<\/li>\n<li>Tamponi brevettati<\/li>\n<li>Fan<\/li>\n<li>Pompa dell&#8217;acqua<\/li>\n<li>Pompa dell&#8217;acqua<\/li>\n<\/ul>\n<p>[\/vc_column_text][vc_video link=&#8221;https:\/\/www.youtube.com\/watch?v=2yqEJw4FXW8&#8243;][\/vc_column][\/vc_row]<\/p>\n<\/div>","protected":false},"excerpt":{"rendered":"<p>[vc_row][vc_column width=&#8221;1\/2&#8243;][vc_column_text]I rinfrescatori d&#8217;aria Portacool funzionano con l&#8217;acqua del rubinetto e sono facili da collegare a un tubo da giardino. Una volta dotati di collegamento<a class=\"moretag\" href=\"https:\/\/www.be-cool.nl\/it\/raffreddatori-di-funzionamento\/\">&#8230;<\/a><\/p>\n","protected":false},"author":2,"featured_media":0,"parent":0,"menu_order":0,"comment_status":"closed","ping_status":"closed","template":"","meta":{"_glsr_average":0,"_glsr_ranking":0,"_glsr_reviews":0,"footnotes":""},"class_list":["post-1080","page","type-page","status-publish","hentry"],"yoast_head":"<!-- This site is optimized with the Yoast SEO plugin v27.5 - https:\/\/yoast.com\/product\/yoast-seo-wordpress\/ -->\n<title>Funzionamento dei refrigeratori - Be-Cool<\/title>\n<meta name=\"robots\" content=\"index, follow, max-snippet:-1, max-image-preview:large, max-video-preview:-1\" \/>\n<link rel=\"canonical\" href=\"https:\/\/www.be-cool.nl\/it\/raffreddatori-di-funzionamento\/\" \/>\n<meta property=\"og:locale\" content=\"it_IT\" \/>\n<meta property=\"og:type\" content=\"article\" \/>\n<meta property=\"og:title\" content=\"Funzionamento dei refrigeratori - Be-Cool\" \/>\n<meta property=\"og:description\" content=\"[vc_row][vc_column width=&#8221;1\/2&#8243;][vc_column_text]I rinfrescatori d&#8217;aria Portacool funzionano con l&#8217;acqua del rubinetto e sono facili da collegare a un tubo da giardino. Una volta dotati di collegamento...\" \/>\n<meta property=\"og:url\" content=\"https:\/\/www.be-cool.nl\/it\/raffreddatori-di-funzionamento\/\" \/>\n<meta property=\"og:site_name\" content=\"Be-Cool\" \/>\n<meta property=\"article:modified_time\" content=\"2024-04-15T12:16:13+00:00\" \/>\n<meta name=\"twitter:card\" content=\"summary_large_image\" \/>\n<meta name=\"twitter:label1\" content=\"Tempo di lettura stimato\" \/>\n\t<meta name=\"twitter:data1\" content=\"2 minuti\" \/>\n<script type=\"application\/ld+json\" class=\"yoast-schema-graph\">{\"@context\":\"https:\\\/\\\/schema.org\",\"@graph\":[{\"@type\":\"WebPage\",\"@id\":\"https:\\\/\\\/www.be-cool.nl\\\/it\\\/raffreddatori-di-funzionamento\\\/\",\"url\":\"https:\\\/\\\/www.be-cool.nl\\\/it\\\/raffreddatori-di-funzionamento\\\/\",\"name\":\"Funzionamento dei refrigeratori - Be-Cool\",\"isPartOf\":{\"@id\":\"https:\\\/\\\/www.be-cool.nl\\\/it\\\/#website\"},\"datePublished\":\"2022-01-28T16:42:09+00:00\",\"dateModified\":\"2024-04-15T12:16:13+00:00\",\"breadcrumb\":{\"@id\":\"https:\\\/\\\/www.be-cool.nl\\\/it\\\/raffreddatori-di-funzionamento\\\/#breadcrumb\"},\"inLanguage\":\"it-IT\",\"potentialAction\":[{\"@type\":\"ReadAction\",\"target\":[\"https:\\\/\\\/www.be-cool.nl\\\/it\\\/raffreddatori-di-funzionamento\\\/\"]}]},{\"@type\":\"BreadcrumbList\",\"@id\":\"https:\\\/\\\/www.be-cool.nl\\\/it\\\/raffreddatori-di-funzionamento\\\/#breadcrumb\",\"itemListElement\":[{\"@type\":\"ListItem\",\"position\":1,\"name\":\"Home\",\"item\":\"https:\\\/\\\/www.be-cool.nl\\\/it\\\/\"},{\"@type\":\"ListItem\",\"position\":2,\"name\":\"Funzionamento dei refrigeratori\"}]},{\"@type\":\"WebSite\",\"@id\":\"https:\\\/\\\/www.be-cool.nl\\\/it\\\/#website\",\"url\":\"https:\\\/\\\/www.be-cool.nl\\\/it\\\/\",\"name\":\"Be-Cool\",\"description\":\"\",\"publisher\":{\"@id\":\"https:\\\/\\\/www.be-cool.nl\\\/it\\\/#organization\"},\"potentialAction\":[{\"@type\":\"SearchAction\",\"target\":{\"@type\":\"EntryPoint\",\"urlTemplate\":\"https:\\\/\\\/www.be-cool.nl\\\/it\\\/?s={search_term_string}\"},\"query-input\":{\"@type\":\"PropertyValueSpecification\",\"valueRequired\":true,\"valueName\":\"search_term_string\"}}],\"inLanguage\":\"it-IT\"},{\"@type\":\"Organization\",\"@id\":\"https:\\\/\\\/www.be-cool.nl\\\/it\\\/#organization\",\"name\":\"Be-Cool\",\"url\":\"https:\\\/\\\/www.be-cool.nl\\\/it\\\/\",\"logo\":{\"@type\":\"ImageObject\",\"inLanguage\":\"it-IT\",\"@id\":\"https:\\\/\\\/www.be-cool.nl\\\/it\\\/#\\\/schema\\\/logo\\\/image\\\/\",\"url\":\"https:\\\/\\\/www.be-cool.nl\\\/wp-content\\\/uploads\\\/Be-cool_Logo.png\",\"contentUrl\":\"https:\\\/\\\/www.be-cool.nl\\\/wp-content\\\/uploads\\\/Be-cool_Logo.png\",\"width\":426,\"height\":142,\"caption\":\"Be-Cool\"},\"image\":{\"@id\":\"https:\\\/\\\/www.be-cool.nl\\\/it\\\/#\\\/schema\\\/logo\\\/image\\\/\"}}]}<\/script>\n<!-- \/ Yoast SEO plugin. -->","yoast_head_json":{"title":"Funzionamento dei refrigeratori - Be-Cool","robots":{"index":"index","follow":"follow","max-snippet":"max-snippet:-1","max-image-preview":"max-image-preview:large","max-video-preview":"max-video-preview:-1"},"canonical":"https:\/\/www.be-cool.nl\/it\/raffreddatori-di-funzionamento\/","og_locale":"it_IT","og_type":"article","og_title":"Funzionamento dei refrigeratori - Be-Cool","og_description":"[vc_row][vc_column width=&#8221;1\/2&#8243;][vc_column_text]I rinfrescatori d&#8217;aria Portacool funzionano con l&#8217;acqua del rubinetto e sono facili da collegare a un tubo da giardino. Una volta dotati di collegamento...","og_url":"https:\/\/www.be-cool.nl\/it\/raffreddatori-di-funzionamento\/","og_site_name":"Be-Cool","article_modified_time":"2024-04-15T12:16:13+00:00","twitter_card":"summary_large_image","twitter_misc":{"Tempo di lettura stimato":"2 minuti"},"schema":{"@context":"https:\/\/schema.org","@graph":[{"@type":"WebPage","@id":"https:\/\/www.be-cool.nl\/it\/raffreddatori-di-funzionamento\/","url":"https:\/\/www.be-cool.nl\/it\/raffreddatori-di-funzionamento\/","name":"Funzionamento dei refrigeratori - Be-Cool","isPartOf":{"@id":"https:\/\/www.be-cool.nl\/it\/#website"},"datePublished":"2022-01-28T16:42:09+00:00","dateModified":"2024-04-15T12:16:13+00:00","breadcrumb":{"@id":"https:\/\/www.be-cool.nl\/it\/raffreddatori-di-funzionamento\/#breadcrumb"},"inLanguage":"it-IT","potentialAction":[{"@type":"ReadAction","target":["https:\/\/www.be-cool.nl\/it\/raffreddatori-di-funzionamento\/"]}]},{"@type":"BreadcrumbList","@id":"https:\/\/www.be-cool.nl\/it\/raffreddatori-di-funzionamento\/#breadcrumb","itemListElement":[{"@type":"ListItem","position":1,"name":"Home","item":"https:\/\/www.be-cool.nl\/it\/"},{"@type":"ListItem","position":2,"name":"Funzionamento dei refrigeratori"}]},{"@type":"WebSite","@id":"https:\/\/www.be-cool.nl\/it\/#website","url":"https:\/\/www.be-cool.nl\/it\/","name":"Be-Cool","description":"","publisher":{"@id":"https:\/\/www.be-cool.nl\/it\/#organization"},"potentialAction":[{"@type":"SearchAction","target":{"@type":"EntryPoint","urlTemplate":"https:\/\/www.be-cool.nl\/it\/?s={search_term_string}"},"query-input":{"@type":"PropertyValueSpecification","valueRequired":true,"valueName":"search_term_string"}}],"inLanguage":"it-IT"},{"@type":"Organization","@id":"https:\/\/www.be-cool.nl\/it\/#organization","name":"Be-Cool","url":"https:\/\/www.be-cool.nl\/it\/","logo":{"@type":"ImageObject","inLanguage":"it-IT","@id":"https:\/\/www.be-cool.nl\/it\/#\/schema\/logo\/image\/","url":"https:\/\/www.be-cool.nl\/wp-content\/uploads\/Be-cool_Logo.png","contentUrl":"https:\/\/www.be-cool.nl\/wp-content\/uploads\/Be-cool_Logo.png","width":426,"height":142,"caption":"Be-Cool"},"image":{"@id":"https:\/\/www.be-cool.nl\/it\/#\/schema\/logo\/image\/"}}]}},"_links":{"self":[{"href":"https:\/\/www.be-cool.nl\/it\/wp-json\/wp\/v2\/pages\/1080","targetHints":{"allow":["GET"]}}],"collection":[{"href":"https:\/\/www.be-cool.nl\/it\/wp-json\/wp\/v2\/pages"}],"about":[{"href":"https:\/\/www.be-cool.nl\/it\/wp-json\/wp\/v2\/types\/page"}],"author":[{"embeddable":true,"href":"https:\/\/www.be-cool.nl\/it\/wp-json\/wp\/v2\/users\/2"}],"replies":[{"embeddable":true,"href":"https:\/\/www.be-cool.nl\/it\/wp-json\/wp\/v2\/comments?post=1080"}],"version-history":[{"count":2,"href":"https:\/\/www.be-cool.nl\/it\/wp-json\/wp\/v2\/pages\/1080\/revisions"}],"predecessor-version":[{"id":2513,"href":"https:\/\/www.be-cool.nl\/it\/wp-json\/wp\/v2\/pages\/1080\/revisions\/2513"}],"wp:attachment":[{"href":"https:\/\/www.be-cool.nl\/it\/wp-json\/wp\/v2\/media?parent=1080"}],"curies":[{"name":"wp","href":"https:\/\/api.w.org\/{rel}","templated":true}]}}