{"id":827,"date":"2022-02-21T11:38:25","date_gmt":"2022-02-21T10:38:25","guid":{"rendered":"https:\/\/www.be-cool.nl\/?page_id=827"},"modified":"2022-03-02T15:07:25","modified_gmt":"2022-03-02T14:07:25","slug":"raffreddatori-ad-aria-mobile","status":"publish","type":"page","link":"https:\/\/www.be-cool.nl\/it\/raffreddatori-ad-aria-mobile\/","title":{"rendered":"Raffreddatori ad aria mobile"},"content":{"rendered":"<h2>Scegli il nostro dispositivo di raffreddamento mobile<\/h2>\n<p>Siete alla ricerca di un refrigeratore d&#8217;aria mobile di alta qualit\u00e0? Allora stai bene a Be-Cool. Siamo specialisti in sistemi di raffreddamento come un refrigeratore mobile, raffreddamento adiabatico, refrigeratore evaporativo e dispositivo di raffreddamento terrazza. Siamo conosciuti per la qualit\u00e0 dei nostri prodotti e il nostro servizio raffinato. Vuoi saperne di pi\u00f9 sui nostri refrigeratori mobili? Continua a leggere o contattaci direttamente per acquistare un nuovo refrigeratore.<\/p>\n<h3>I vantaggi dei nostri refrigeratori mobili<\/h3>\n<p>I refrigeratori d&#8217;aria mobile di Be-Cool sono del marchio Portacool. Questi utilizzano un sistema di raffreddamento evaporativo unico. Questo sistema ha il grande vantaggio di poter raffreddare grandi spazi aperti in modo economico ed ecologico. In precedenza, questo era troppo costoso o impossibile. Ma con i refrigeratori a basso consumo energetico di Be-Cool, il raffreddamento di grandi spazi diventa molto pi\u00f9 economico in una sola volta. Ma cos&#8217;\u00e8 esattamente il raffreddamento evaporativo? Immergere il dito in un bicchiere d&#8217;acqua e poi soffiare lungo il dito. Sentirai quindi la freddezza che si verifica dall&#8217;evaporazione. Questo \u00e8 raffreddamento adiabatico. Allo stesso modo, i nostri refrigeratori d&#8217;aria funzionano.  <\/p>\n<h3>Il funzionamento dei refrigeratori mobili Portacool<\/h3>\n<p>Il refrigeratore mobile di Portacool \u00e8 un refrigeratore d&#8217;aria autonomo in cui il calore viene estratto dall&#8217;aria dall&#8217;evaporazione dell&#8217;acqua. I nostri cuscinetti brevettati (chiamati anche pad di K\u00e0l) sono uno dei componenti pi\u00f9 importanti delle nostre unit\u00e0 Portacool. Questi sono appositamente realizzati da Portacool da carta compressa. L&#8217;acqua viene pompata dal serbatoio dell&#8217;acqua per mezzo di una pompa dell&#8217;acqua. Nelle pastiglie ci sono piccoli canali attraverso i quali le pastiglie sono tenute uniformemente bagnate con acqua. L&#8217;aria calda viene aspirata direttamente attraverso le pastiglie con l&#8217;aiuto di un ventilatore. Di conseguenza, l&#8217;acqua evapora e l&#8217;aria viene raffreddata. L&#8217;aria fresca viene poi potentemente spazzata via. Le speciali pastiglie di K\u00e0l assicurano che l&#8217;aria calda venga raffreddata di un ulteriore 20%. A causa della struttura ingegnosa e del metodo di posizionamento dei cuscinetti di K\u00e0l, gli inquinanti vengono filtrati fuori dall&#8217;aria che scorre, rendendo l&#8217;aria soffiata non solo molto pi\u00f9 fredda, ma anche molto pi\u00f9 pulita.<\/p>\n<h3>Le caratteristiche di un Portacool<\/h3>\n<p>Un Portacool ha le seguenti caratteristiche:<\/p>\n<ul>\n<li>Facile da spostare<\/li>\n<li>Basso<\/li>\n<li>Ecologico<\/li>\n<li>Nessun costo di installazione<\/li>\n<li>Fornitura di acqua tramite un tubo da giardino o riempimento<\/li>\n<li>Facilit\u00e0 d&#8217;uso spensierata e praticamente senza manutenzione<\/li>\n<li>Alloggiamento durevole di polietilene fuori da uno cast<\/li>\n<li>Ideale per il raffreddamento di grandi ambienti di lavoro per la polvere spaziale<\/li>\n<\/ul>\n<h3>contattaci<\/h3>\n<p>Ti interessano i nostri refrigeratori d&#8217;aria? Vi preghiamo di <a href=\"tel:0152002116\">contattarci al numero 015-2002116<\/a> o di <a href=mailto:info@be-cool.nl> <\/a> inviare un&#8217;info@be-cool.nl. Naturalmente puoi anche lasciare un messaggio nel nostro modulo di contatto online. Siamo felici di aiutarvi con un dispositivo di raffreddamento mobile.  <\/p>\n","protected":false},"excerpt":{"rendered":"<p>Scegli il nostro dispositivo di raffreddamento mobile Siete alla ricerca di un refrigeratore d&#8217;aria mobile di alta qualit\u00e0? Allora stai bene a Be-Cool. Siamo specialisti<a class=\"moretag\" href=\"https:\/\/www.be-cool.nl\/it\/raffreddatori-ad-aria-mobile\/\">&#8230;<\/a><\/p>\n","protected":false},"author":1,"featured_media":0,"parent":0,"menu_order":0,"comment_status":"closed","ping_status":"closed","template":"","meta":{"_glsr_average":0,"_glsr_ranking":0,"_glsr_reviews":0,"footnotes":""},"class_list":["post-827","page","type-page","status-publish","hentry"],"yoast_head":"<!-- This site is optimized with the Yoast SEO plugin v27.5 - https:\/\/yoast.com\/product\/yoast-seo-wordpress\/ -->\n<title>Raffreddatori ad aria mobile - Be-Cool<\/title>\n<meta name=\"description\" content=\"Siete alla ricerca di un&#039;azienda dove si pu\u00f2 andare per un refrigeratore d&#039;aria mobile? Allora stai bene a Be-Cool. Vendiamo refrigeratori d&#039;aria della migliore qualit\u00e0. Offriamo anche un ottimo servizio. Vuoi acquistare un dispositivo di raffreddamento mobile? Vi preghiamo di contattarci \u260e 015-2002116.\" \/>\n<meta name=\"robots\" content=\"index, follow, max-snippet:-1, max-image-preview:large, max-video-preview:-1\" \/>\n<link rel=\"canonical\" href=\"https:\/\/www.be-cool.nl\/it\/raffreddatori-ad-aria-mobile\/\" \/>\n<meta property=\"og:locale\" content=\"it_IT\" \/>\n<meta property=\"og:type\" content=\"article\" \/>\n<meta property=\"og:title\" content=\"Raffreddatori ad aria mobile - Be-Cool\" \/>\n<meta property=\"og:description\" content=\"Siete alla ricerca di un&#039;azienda dove si pu\u00f2 andare per un refrigeratore d&#039;aria mobile? Allora stai bene a Be-Cool. Vendiamo refrigeratori d&#039;aria della migliore qualit\u00e0. Offriamo anche un ottimo servizio. Vuoi acquistare un dispositivo di raffreddamento mobile? Vi preghiamo di contattarci \u260e 015-2002116.\" \/>\n<meta property=\"og:url\" content=\"https:\/\/www.be-cool.nl\/it\/raffreddatori-ad-aria-mobile\/\" \/>\n<meta property=\"og:site_name\" content=\"Be-Cool\" \/>\n<meta property=\"article:modified_time\" content=\"2022-03-02T14:07:25+00:00\" \/>\n<meta name=\"twitter:card\" content=\"summary_large_image\" \/>\n<meta name=\"twitter:label1\" content=\"Tempo di lettura stimato\" \/>\n\t<meta name=\"twitter:data1\" content=\"2 minuti\" \/>\n<script type=\"application\/ld+json\" class=\"yoast-schema-graph\">{\"@context\":\"https:\\\/\\\/schema.org\",\"@graph\":[{\"@type\":\"WebPage\",\"@id\":\"https:\\\/\\\/www.be-cool.nl\\\/it\\\/raffreddatori-ad-aria-mobile\\\/\",\"url\":\"https:\\\/\\\/www.be-cool.nl\\\/it\\\/raffreddatori-ad-aria-mobile\\\/\",\"name\":\"Raffreddatori ad aria mobile - Be-Cool\",\"isPartOf\":{\"@id\":\"https:\\\/\\\/www.be-cool.nl\\\/it\\\/#website\"},\"datePublished\":\"2022-02-21T10:38:25+00:00\",\"dateModified\":\"2022-03-02T14:07:25+00:00\",\"description\":\"Siete alla ricerca di un'azienda dove si pu\u00f2 andare per un refrigeratore d'aria mobile? Allora stai bene a Be-Cool. Vendiamo refrigeratori d'aria della migliore qualit\u00e0. Offriamo anche un ottimo servizio. Vuoi acquistare un dispositivo di raffreddamento mobile? Vi preghiamo di contattarci \u260e 015-2002116.\",\"breadcrumb\":{\"@id\":\"https:\\\/\\\/www.be-cool.nl\\\/it\\\/raffreddatori-ad-aria-mobile\\\/#breadcrumb\"},\"inLanguage\":\"it-IT\",\"potentialAction\":[{\"@type\":\"ReadAction\",\"target\":[\"https:\\\/\\\/www.be-cool.nl\\\/it\\\/raffreddatori-ad-aria-mobile\\\/\"]}]},{\"@type\":\"BreadcrumbList\",\"@id\":\"https:\\\/\\\/www.be-cool.nl\\\/it\\\/raffreddatori-ad-aria-mobile\\\/#breadcrumb\",\"itemListElement\":[{\"@type\":\"ListItem\",\"position\":1,\"name\":\"Home\",\"item\":\"https:\\\/\\\/www.be-cool.nl\\\/it\\\/\"},{\"@type\":\"ListItem\",\"position\":2,\"name\":\"Raffreddatori ad aria mobile\"}]},{\"@type\":\"WebSite\",\"@id\":\"https:\\\/\\\/www.be-cool.nl\\\/it\\\/#website\",\"url\":\"https:\\\/\\\/www.be-cool.nl\\\/it\\\/\",\"name\":\"Be-Cool\",\"description\":\"\",\"publisher\":{\"@id\":\"https:\\\/\\\/www.be-cool.nl\\\/it\\\/#organization\"},\"potentialAction\":[{\"@type\":\"SearchAction\",\"target\":{\"@type\":\"EntryPoint\",\"urlTemplate\":\"https:\\\/\\\/www.be-cool.nl\\\/it\\\/?s={search_term_string}\"},\"query-input\":{\"@type\":\"PropertyValueSpecification\",\"valueRequired\":true,\"valueName\":\"search_term_string\"}}],\"inLanguage\":\"it-IT\"},{\"@type\":\"Organization\",\"@id\":\"https:\\\/\\\/www.be-cool.nl\\\/it\\\/#organization\",\"name\":\"Be-Cool\",\"url\":\"https:\\\/\\\/www.be-cool.nl\\\/it\\\/\",\"logo\":{\"@type\":\"ImageObject\",\"inLanguage\":\"it-IT\",\"@id\":\"https:\\\/\\\/www.be-cool.nl\\\/it\\\/#\\\/schema\\\/logo\\\/image\\\/\",\"url\":\"https:\\\/\\\/www.be-cool.nl\\\/wp-content\\\/uploads\\\/Be-cool_Logo.png\",\"contentUrl\":\"https:\\\/\\\/www.be-cool.nl\\\/wp-content\\\/uploads\\\/Be-cool_Logo.png\",\"width\":426,\"height\":142,\"caption\":\"Be-Cool\"},\"image\":{\"@id\":\"https:\\\/\\\/www.be-cool.nl\\\/it\\\/#\\\/schema\\\/logo\\\/image\\\/\"}}]}<\/script>\n<!-- \/ Yoast SEO plugin. -->","yoast_head_json":{"title":"Raffreddatori ad aria mobile - Be-Cool","description":"Siete alla ricerca di un'azienda dove si pu\u00f2 andare per un refrigeratore d'aria mobile? Allora stai bene a Be-Cool. Vendiamo refrigeratori d'aria della migliore qualit\u00e0. Offriamo anche un ottimo servizio. Vuoi acquistare un dispositivo di raffreddamento mobile? Vi preghiamo di contattarci \u260e 015-2002116.","robots":{"index":"index","follow":"follow","max-snippet":"max-snippet:-1","max-image-preview":"max-image-preview:large","max-video-preview":"max-video-preview:-1"},"canonical":"https:\/\/www.be-cool.nl\/it\/raffreddatori-ad-aria-mobile\/","og_locale":"it_IT","og_type":"article","og_title":"Raffreddatori ad aria mobile - Be-Cool","og_description":"Siete alla ricerca di un'azienda dove si pu\u00f2 andare per un refrigeratore d'aria mobile? Allora stai bene a Be-Cool. Vendiamo refrigeratori d'aria della migliore qualit\u00e0. Offriamo anche un ottimo servizio. Vuoi acquistare un dispositivo di raffreddamento mobile? Vi preghiamo di contattarci \u260e 015-2002116.","og_url":"https:\/\/www.be-cool.nl\/it\/raffreddatori-ad-aria-mobile\/","og_site_name":"Be-Cool","article_modified_time":"2022-03-02T14:07:25+00:00","twitter_card":"summary_large_image","twitter_misc":{"Tempo di lettura stimato":"2 minuti"},"schema":{"@context":"https:\/\/schema.org","@graph":[{"@type":"WebPage","@id":"https:\/\/www.be-cool.nl\/it\/raffreddatori-ad-aria-mobile\/","url":"https:\/\/www.be-cool.nl\/it\/raffreddatori-ad-aria-mobile\/","name":"Raffreddatori ad aria mobile - Be-Cool","isPartOf":{"@id":"https:\/\/www.be-cool.nl\/it\/#website"},"datePublished":"2022-02-21T10:38:25+00:00","dateModified":"2022-03-02T14:07:25+00:00","description":"Siete alla ricerca di un'azienda dove si pu\u00f2 andare per un refrigeratore d'aria mobile? Allora stai bene a Be-Cool. Vendiamo refrigeratori d'aria della migliore qualit\u00e0. Offriamo anche un ottimo servizio. Vuoi acquistare un dispositivo di raffreddamento mobile? Vi preghiamo di contattarci \u260e 015-2002116.","breadcrumb":{"@id":"https:\/\/www.be-cool.nl\/it\/raffreddatori-ad-aria-mobile\/#breadcrumb"},"inLanguage":"it-IT","potentialAction":[{"@type":"ReadAction","target":["https:\/\/www.be-cool.nl\/it\/raffreddatori-ad-aria-mobile\/"]}]},{"@type":"BreadcrumbList","@id":"https:\/\/www.be-cool.nl\/it\/raffreddatori-ad-aria-mobile\/#breadcrumb","itemListElement":[{"@type":"ListItem","position":1,"name":"Home","item":"https:\/\/www.be-cool.nl\/it\/"},{"@type":"ListItem","position":2,"name":"Raffreddatori ad aria mobile"}]},{"@type":"WebSite","@id":"https:\/\/www.be-cool.nl\/it\/#website","url":"https:\/\/www.be-cool.nl\/it\/","name":"Be-Cool","description":"","publisher":{"@id":"https:\/\/www.be-cool.nl\/it\/#organization"},"potentialAction":[{"@type":"SearchAction","target":{"@type":"EntryPoint","urlTemplate":"https:\/\/www.be-cool.nl\/it\/?s={search_term_string}"},"query-input":{"@type":"PropertyValueSpecification","valueRequired":true,"valueName":"search_term_string"}}],"inLanguage":"it-IT"},{"@type":"Organization","@id":"https:\/\/www.be-cool.nl\/it\/#organization","name":"Be-Cool","url":"https:\/\/www.be-cool.nl\/it\/","logo":{"@type":"ImageObject","inLanguage":"it-IT","@id":"https:\/\/www.be-cool.nl\/it\/#\/schema\/logo\/image\/","url":"https:\/\/www.be-cool.nl\/wp-content\/uploads\/Be-cool_Logo.png","contentUrl":"https:\/\/www.be-cool.nl\/wp-content\/uploads\/Be-cool_Logo.png","width":426,"height":142,"caption":"Be-Cool"},"image":{"@id":"https:\/\/www.be-cool.nl\/it\/#\/schema\/logo\/image\/"}}]}},"_links":{"self":[{"href":"https:\/\/www.be-cool.nl\/it\/wp-json\/wp\/v2\/pages\/827","targetHints":{"allow":["GET"]}}],"collection":[{"href":"https:\/\/www.be-cool.nl\/it\/wp-json\/wp\/v2\/pages"}],"about":[{"href":"https:\/\/www.be-cool.nl\/it\/wp-json\/wp\/v2\/types\/page"}],"author":[{"embeddable":true,"href":"https:\/\/www.be-cool.nl\/it\/wp-json\/wp\/v2\/users\/1"}],"replies":[{"embeddable":true,"href":"https:\/\/www.be-cool.nl\/it\/wp-json\/wp\/v2\/comments?post=827"}],"version-history":[{"count":1,"href":"https:\/\/www.be-cool.nl\/it\/wp-json\/wp\/v2\/pages\/827\/revisions"}],"predecessor-version":[{"id":828,"href":"https:\/\/www.be-cool.nl\/it\/wp-json\/wp\/v2\/pages\/827\/revisions\/828"}],"wp:attachment":[{"href":"https:\/\/www.be-cool.nl\/it\/wp-json\/wp\/v2\/media?parent=827"}],"curies":[{"name":"wp","href":"https:\/\/api.w.org\/{rel}","templated":true}]}}