{"id":893,"date":"2022-02-21T11:32:05","date_gmt":"2022-02-21T10:32:05","guid":{"rendered":"https:\/\/www.be-cool.nl\/?page_id=893"},"modified":"2022-03-02T16:26:05","modified_gmt":"2022-03-02T15:26:05","slug":"raffreddamento-ad-alta-efficienza-energetica","status":"publish","type":"page","link":"https:\/\/www.be-cool.nl\/it\/raffreddamento-ad-alta-efficienza-energetica\/","title":{"rendered":"Raffreddamento ad alta efficienza energetica"},"content":{"rendered":"<h2>Cerca un refrigeratore d&#8217;aria ad alta efficienza energetica di Be-Cool<\/h2>\n<p>Vuoi raffreddare il tuo spazio con un refrigeratore d&#8217;aria ad alta efficienza energetica? Allora stai bene a Be-Cool. Vendiamo refrigeratori d&#8217;aria ad alta efficienza energetica della migliore qualit\u00e0. Si pu\u00f2 anche contare su un servizio eccellente. Sei curioso dei refrigeratori che vendiamo? Vi preghiamo di contattarci o di leggere per ulteriori informazioni sul refrigeratore d&#8217;aria ad alta efficienza energetica.<\/p>\n<h3>Come funziona un refrigeratore d&#8217;aria Portacool?<\/h3>\n<p>Come funziona esattamente il nostro raffreddamento ad alta efficienza energetica? Il raffreddamento ha un refrigeratore evaporativo che estrae in modo indipendente il calore dall&#8217;aria per evaporazione. I componenti essenziali del dispositivo di raffreddamento sono i cuscinetti brevettati di K&#8217;l. I cuscinetti sono fatti di carta compressa e hanno piccoli canali. La pompa dell&#8217;acqua nelle pompe di raffreddamento si innaffia attraverso i piccoli canali delle pastiglie. Questo permette di mantenere le pastiglie bagnate ovunque. Quindi l&#8217;aria calda viene aspirata attraverso le pastiglie. L&#8217;acqua nelle pastiglie evapora e questo crea aria fredda. Infine, l&#8217;aria raffreddata viene potentemente spazzata via dal refrigeratore d&#8217;aria. I pad di K\u00e0l hanno la raffinata propriet\u00e0 che l&#8217;aria calda viene raffreddata 20% in pi\u00f9. Inoltre, assicurano che gli inquinanti siano filtrati fuori dall&#8217;aria. Cos\u00ec avete anche aria pi\u00f9 pulita nella vostra stanza.  <\/p>\n<h3>Un modo di raffreddamento efficiente dal punto di vista energetico<\/h3>\n<p>Quali sono i vantaggi del refrigeratore d&#8217;aria? Il sistema di evaporazione, noto anche come raffreddamento adiabatico, raffredda in modo univoco l&#8217;aria nello spazio. Il sistema \u00e8 molto efficiente dal punto di vista energetico grazie ai tamponi brevettati che vengono utilizzati. \u00c8 anche molto rispettoso dell&#8217;ambiente. Particolarmente grandi, gli spazi aperti possono beneficiare di questo ingegnoso sistema di raffreddamento. Poich\u00e9 \u00e8 un modo di raffreddamento efficiente dal punto di vista energetico, \u00e8 anche molto pi\u00f9 economico di un raffreddamento normale.  <\/p>\n<h3>I benefici di fila<\/h3>\n<p>Esodiamo i vantaggi del refrigeratore d&#8217;aria per voi:<\/p>\n<ul>\n<li>Basso<\/li>\n<li>Ecologico<\/li>\n<li>Nessun costo di installazione<\/li>\n<li>Facile da spostare<\/li>\n<li>Fornitura di acqua tramite un tubo da giardino o riempimento<\/li>\n<li>Grande facilit\u00e0 d&#8217;uso e praticamente senza manutenzione<\/li>\n<li>Possiedi un alloggiamento durevole di polietilene fuori da uno cast<\/li>\n<li>Ideale per il raffreddamento di grandi ambienti di lavoro per la polvere spaziale<\/li>\n<\/ul>\n<h3>Chiama o e-mail per il dispositivo di raffreddamento dell&#8217;aria che desideri<\/h3>\n<p>Vuoi saperne di pi\u00f9 sui nostri refrigeratori a basso consumo energetico? Chiamaci direttamente al <a href=\"tel:0152002116\">numero 015-2002116<\/a> o <a href=mailto:info@be-cool.nl> <\/a> invia un&#8217;e-info@be-cool.nl. \u00c8 anche possibile lasciare un messaggio tramite il nostro modulo di contatto online. Siamo felici di fornirvi consigli sul dispositivo di raffreddamento ad alta efficienza energetica che si desidera.  <\/p>\n","protected":false},"excerpt":{"rendered":"<p>Cerca un refrigeratore d&#8217;aria ad alta efficienza energetica di Be-Cool Vuoi raffreddare il tuo spazio con un refrigeratore d&#8217;aria ad alta efficienza energetica? Allora stai<a class=\"moretag\" href=\"https:\/\/www.be-cool.nl\/it\/raffreddamento-ad-alta-efficienza-energetica\/\">&#8230;<\/a><\/p>\n","protected":false},"author":1,"featured_media":0,"parent":0,"menu_order":0,"comment_status":"closed","ping_status":"closed","template":"","meta":{"_glsr_average":0,"_glsr_ranking":0,"_glsr_reviews":0,"footnotes":""},"class_list":["post-893","page","type-page","status-publish","hentry"],"yoast_head":"<!-- This site is optimized with the Yoast SEO plugin v27.5 - https:\/\/yoast.com\/product\/yoast-seo-wordpress\/ -->\n<title>Raffreddamento ad alta efficienza energetica - Be-Cool<\/title>\n<meta name=\"robots\" content=\"index, follow, max-snippet:-1, max-image-preview:large, max-video-preview:-1\" \/>\n<link rel=\"canonical\" href=\"https:\/\/www.be-cool.nl\/it\/raffreddamento-ad-alta-efficienza-energetica\/\" \/>\n<meta property=\"og:locale\" content=\"it_IT\" \/>\n<meta property=\"og:type\" content=\"article\" \/>\n<meta property=\"og:title\" content=\"Raffreddamento ad alta efficienza energetica - Be-Cool\" \/>\n<meta property=\"og:description\" content=\"Cerca un refrigeratore d&#8217;aria ad alta efficienza energetica di Be-Cool Vuoi raffreddare il tuo spazio con un refrigeratore d&#8217;aria ad alta efficienza energetica? Allora stai...\" \/>\n<meta property=\"og:url\" content=\"https:\/\/www.be-cool.nl\/it\/raffreddamento-ad-alta-efficienza-energetica\/\" \/>\n<meta property=\"og:site_name\" content=\"Be-Cool\" \/>\n<meta property=\"article:modified_time\" content=\"2022-03-02T15:26:05+00:00\" \/>\n<meta name=\"twitter:card\" content=\"summary_large_image\" \/>\n<meta name=\"twitter:label1\" content=\"Tempo di lettura stimato\" \/>\n\t<meta name=\"twitter:data1\" content=\"2 minuti\" \/>\n<script type=\"application\/ld+json\" class=\"yoast-schema-graph\">{\"@context\":\"https:\\\/\\\/schema.org\",\"@graph\":[{\"@type\":\"WebPage\",\"@id\":\"https:\\\/\\\/www.be-cool.nl\\\/it\\\/raffreddamento-ad-alta-efficienza-energetica\\\/\",\"url\":\"https:\\\/\\\/www.be-cool.nl\\\/it\\\/raffreddamento-ad-alta-efficienza-energetica\\\/\",\"name\":\"Raffreddamento ad alta efficienza energetica - Be-Cool\",\"isPartOf\":{\"@id\":\"https:\\\/\\\/www.be-cool.nl\\\/it\\\/#website\"},\"datePublished\":\"2022-02-21T10:32:05+00:00\",\"dateModified\":\"2022-03-02T15:26:05+00:00\",\"breadcrumb\":{\"@id\":\"https:\\\/\\\/www.be-cool.nl\\\/it\\\/raffreddamento-ad-alta-efficienza-energetica\\\/#breadcrumb\"},\"inLanguage\":\"it-IT\",\"potentialAction\":[{\"@type\":\"ReadAction\",\"target\":[\"https:\\\/\\\/www.be-cool.nl\\\/it\\\/raffreddamento-ad-alta-efficienza-energetica\\\/\"]}]},{\"@type\":\"BreadcrumbList\",\"@id\":\"https:\\\/\\\/www.be-cool.nl\\\/it\\\/raffreddamento-ad-alta-efficienza-energetica\\\/#breadcrumb\",\"itemListElement\":[{\"@type\":\"ListItem\",\"position\":1,\"name\":\"Home\",\"item\":\"https:\\\/\\\/www.be-cool.nl\\\/it\\\/\"},{\"@type\":\"ListItem\",\"position\":2,\"name\":\"Raffreddamento ad alta efficienza energetica\"}]},{\"@type\":\"WebSite\",\"@id\":\"https:\\\/\\\/www.be-cool.nl\\\/it\\\/#website\",\"url\":\"https:\\\/\\\/www.be-cool.nl\\\/it\\\/\",\"name\":\"Be-Cool\",\"description\":\"\",\"publisher\":{\"@id\":\"https:\\\/\\\/www.be-cool.nl\\\/it\\\/#organization\"},\"potentialAction\":[{\"@type\":\"SearchAction\",\"target\":{\"@type\":\"EntryPoint\",\"urlTemplate\":\"https:\\\/\\\/www.be-cool.nl\\\/it\\\/?s={search_term_string}\"},\"query-input\":{\"@type\":\"PropertyValueSpecification\",\"valueRequired\":true,\"valueName\":\"search_term_string\"}}],\"inLanguage\":\"it-IT\"},{\"@type\":\"Organization\",\"@id\":\"https:\\\/\\\/www.be-cool.nl\\\/it\\\/#organization\",\"name\":\"Be-Cool\",\"url\":\"https:\\\/\\\/www.be-cool.nl\\\/it\\\/\",\"logo\":{\"@type\":\"ImageObject\",\"inLanguage\":\"it-IT\",\"@id\":\"https:\\\/\\\/www.be-cool.nl\\\/it\\\/#\\\/schema\\\/logo\\\/image\\\/\",\"url\":\"https:\\\/\\\/www.be-cool.nl\\\/wp-content\\\/uploads\\\/Be-cool_Logo.png\",\"contentUrl\":\"https:\\\/\\\/www.be-cool.nl\\\/wp-content\\\/uploads\\\/Be-cool_Logo.png\",\"width\":426,\"height\":142,\"caption\":\"Be-Cool\"},\"image\":{\"@id\":\"https:\\\/\\\/www.be-cool.nl\\\/it\\\/#\\\/schema\\\/logo\\\/image\\\/\"}}]}<\/script>\n<!-- \/ Yoast SEO plugin. -->","yoast_head_json":{"title":"Raffreddamento ad alta efficienza energetica - Be-Cool","robots":{"index":"index","follow":"follow","max-snippet":"max-snippet:-1","max-image-preview":"max-image-preview:large","max-video-preview":"max-video-preview:-1"},"canonical":"https:\/\/www.be-cool.nl\/it\/raffreddamento-ad-alta-efficienza-energetica\/","og_locale":"it_IT","og_type":"article","og_title":"Raffreddamento ad alta efficienza energetica - Be-Cool","og_description":"Cerca un refrigeratore d&#8217;aria ad alta efficienza energetica di Be-Cool Vuoi raffreddare il tuo spazio con un refrigeratore d&#8217;aria ad alta efficienza energetica? Allora stai...","og_url":"https:\/\/www.be-cool.nl\/it\/raffreddamento-ad-alta-efficienza-energetica\/","og_site_name":"Be-Cool","article_modified_time":"2022-03-02T15:26:05+00:00","twitter_card":"summary_large_image","twitter_misc":{"Tempo di lettura stimato":"2 minuti"},"schema":{"@context":"https:\/\/schema.org","@graph":[{"@type":"WebPage","@id":"https:\/\/www.be-cool.nl\/it\/raffreddamento-ad-alta-efficienza-energetica\/","url":"https:\/\/www.be-cool.nl\/it\/raffreddamento-ad-alta-efficienza-energetica\/","name":"Raffreddamento ad alta efficienza energetica - Be-Cool","isPartOf":{"@id":"https:\/\/www.be-cool.nl\/it\/#website"},"datePublished":"2022-02-21T10:32:05+00:00","dateModified":"2022-03-02T15:26:05+00:00","breadcrumb":{"@id":"https:\/\/www.be-cool.nl\/it\/raffreddamento-ad-alta-efficienza-energetica\/#breadcrumb"},"inLanguage":"it-IT","potentialAction":[{"@type":"ReadAction","target":["https:\/\/www.be-cool.nl\/it\/raffreddamento-ad-alta-efficienza-energetica\/"]}]},{"@type":"BreadcrumbList","@id":"https:\/\/www.be-cool.nl\/it\/raffreddamento-ad-alta-efficienza-energetica\/#breadcrumb","itemListElement":[{"@type":"ListItem","position":1,"name":"Home","item":"https:\/\/www.be-cool.nl\/it\/"},{"@type":"ListItem","position":2,"name":"Raffreddamento ad alta efficienza energetica"}]},{"@type":"WebSite","@id":"https:\/\/www.be-cool.nl\/it\/#website","url":"https:\/\/www.be-cool.nl\/it\/","name":"Be-Cool","description":"","publisher":{"@id":"https:\/\/www.be-cool.nl\/it\/#organization"},"potentialAction":[{"@type":"SearchAction","target":{"@type":"EntryPoint","urlTemplate":"https:\/\/www.be-cool.nl\/it\/?s={search_term_string}"},"query-input":{"@type":"PropertyValueSpecification","valueRequired":true,"valueName":"search_term_string"}}],"inLanguage":"it-IT"},{"@type":"Organization","@id":"https:\/\/www.be-cool.nl\/it\/#organization","name":"Be-Cool","url":"https:\/\/www.be-cool.nl\/it\/","logo":{"@type":"ImageObject","inLanguage":"it-IT","@id":"https:\/\/www.be-cool.nl\/it\/#\/schema\/logo\/image\/","url":"https:\/\/www.be-cool.nl\/wp-content\/uploads\/Be-cool_Logo.png","contentUrl":"https:\/\/www.be-cool.nl\/wp-content\/uploads\/Be-cool_Logo.png","width":426,"height":142,"caption":"Be-Cool"},"image":{"@id":"https:\/\/www.be-cool.nl\/it\/#\/schema\/logo\/image\/"}}]}},"_links":{"self":[{"href":"https:\/\/www.be-cool.nl\/it\/wp-json\/wp\/v2\/pages\/893","targetHints":{"allow":["GET"]}}],"collection":[{"href":"https:\/\/www.be-cool.nl\/it\/wp-json\/wp\/v2\/pages"}],"about":[{"href":"https:\/\/www.be-cool.nl\/it\/wp-json\/wp\/v2\/types\/page"}],"author":[{"embeddable":true,"href":"https:\/\/www.be-cool.nl\/it\/wp-json\/wp\/v2\/users\/1"}],"replies":[{"embeddable":true,"href":"https:\/\/www.be-cool.nl\/it\/wp-json\/wp\/v2\/comments?post=893"}],"version-history":[{"count":1,"href":"https:\/\/www.be-cool.nl\/it\/wp-json\/wp\/v2\/pages\/893\/revisions"}],"predecessor-version":[{"id":894,"href":"https:\/\/www.be-cool.nl\/it\/wp-json\/wp\/v2\/pages\/893\/revisions\/894"}],"wp:attachment":[{"href":"https:\/\/www.be-cool.nl\/it\/wp-json\/wp\/v2\/media?parent=893"}],"curies":[{"name":"wp","href":"https:\/\/api.w.org\/{rel}","templated":true}]}}