{"id":913,"date":"2022-02-21T11:33:52","date_gmt":"2022-02-21T10:33:52","guid":{"rendered":"https:\/\/www.be-cool.nl\/?page_id=913"},"modified":"2022-03-03T10:11:05","modified_gmt":"2022-03-03T09:11:05","slug":"f-a-q-supporto","status":"publish","type":"page","link":"https:\/\/www.be-cool.nl\/it\/f-a-q-supporto\/","title":{"rendered":"F.A.Q. &#038; Supporto"},"content":{"rendered":"<div class=\"wpb-content-wrapper\"><p>[vc_row][vc_column][vc_column_text]<\/p>\n<h2>F.A.Q. Raffreddamento ad alta efficienza energetica<\/h2>\n<p>Di seguito sono riportate le domande pi\u00f9 frequenti sul raffreddamento mobile e sul raffreddamento ad alta efficienza energetica. Non c&#8217;\u00e8 la tua domanda in mezzo? Vi prego di sentirvi liberi di contattarci, saremo felici di aiutarvi![\/vc_column_text][\/vc_column][\/vc_row][vc_row][vc_column][vc_tta_accordion active_section=&#8221;-1&#8243;][vc_tta_section title=&#8221;In quali settori viene utilizzato il dispositivo di raffreddamento mobile Port A Cool adiabatic?&#8221; tab_id=&#8221;1517473763273-3d99771c-616a&#8221;][vc_column_text]I refrigeratori mobili Port A Cool sono utilizzati in vari settori e luoghi. Alcuni esempi sono Industria, automotive, casa, agricoltura, orticoltura, esercito, aviazione, sport, festival, feste, catering, officina e capannone.[\/vc_column_text][\/vc_tta_section][vc_tta_section title=&#8221;In quali condizioni i refrigeratori d&#8217;aria mobile funzionano meglio?&#8221; tab_id=&#8221;1517473763294-0bc6f451-e73e&#8221;][vc_column_text]I refrigeratori d&#8217;aria mobile Port A Cool hanno prestazioni migliori nelle aree ventilate. A causa della buona ventilazione, l&#8217;aria calda pu\u00f2 facilmente lasciare la stanza e l&#8217;aria fresca riempie la stanza. Questo vantaggio \u00e8 ideale per officine in cui le porte sono continuamente aperte o grandi spazi che in precedenza non potevano essere raffreddati.[\/vc_column_text][\/vc_tta_section][vc_tta_section title=&#8221;Quali parti sono in un refrigeratore ad aria mobile?&#8221; tab_id=&#8221;1517473845189-d1693f75-eb17&#8243;][vc_column_text]Le seguenti parti sono in un refrigeratore ad aria mobile; cuscinetti brevettati, ventilatore, pompa dell&#8217;acqua, serbatoio dell&#8217;acqua, pannello di controllo, connessioni: elettricit\u00e0 e acqua del rubinetto.[\/vc_column_text][\/vc_tta_section][\/vc_tta_accordion][\/vc_column][\/vc_row][vc_row][vc_column][vc_separator][\/vc_column][\/vc_row][vc_row][vc_column][vc_column_text]<\/p>\n<h4>Devo montare l&#8217;unit\u00e0 da solo?<\/h4>\n<p>No, le unit\u00e0 di raffreddamento possono essere utilizzate immediatamente.<\/p>\n<h4>Come posso preparare il mio refrigeratore ad aria mobile per lo stoccaggio?<\/h4>\n<p>Sgonfiare l&#8217;unit\u00e0, asciugare le pastiglie di raffreddamento e posizionare l&#8217;unit\u00e0, preferibilmente coperta, in un luogo fresco e asciutto. Per ulteriori informazioni chiamare be-cool.<\/p>\n<h4>Ho il mio refrigeratore collegato per la prima volta e si diffonde un&#8217;aria sgradevole! Cosa sta succedendo?<\/h4>\n<p>Una nuova unit\u00e0 ha un &#8220;orario di lavoro&#8221; durante il quale pu\u00f2 diffondere un odore un po &#8216;strano. Le pastiglie di raffreddamento sul retro dell&#8217;unit\u00e0 non sono mai state bagnate. Quando le pastiglie di raffreddamento sono prima bagnate, disperde una certa aria. Ci vorr\u00e0 circa tre settimane. Tenere l&#8217;unit\u00e0 in uno spazio aperto fino a quando l&#8217;aria \u00e8 andato, o mettere un sapone con addolcitore di tessuto nel recipiente nella parte inferiore dell&#8217;unit\u00e0. Dopo che l&#8217;unit\u00e0 \u00e8 stata in uso per circa due settimane, l&#8217;aria scomparir\u00e0. Quando l&#8217;unit\u00e0 non \u00e8 nuova, alghe e batteri possono essere causati da scarsa manutenzione e causare determinate condizioni dell&#8217;aria. Consultare il Manuale dei proprietari per la pulizia e la manutenzione.<\/p>\n<h4>Il mio refrigeratore non fa trasegno aria fresca.<\/h4>\n<p>In primo luogo, controllare sul retro dell&#8217;unit\u00e0 che le pastiglie di raffreddamento sono umidit\u00e0e. Regolare la circolazione dell&#8217;acqua. Per evaporare, le pastiglie di raffreddamento devono essere umidit\u00e0e prima che la ventola sia accesa. In secondo luogo, \u00e8 necessario assicurarsi che ci sia acqua nel recipiente. Lasciare riempire completamente prima di accendere la pompa. In terzo luogo, \u00e8 necessario assicurarsi che l&#8217;acqua e le linee elettriche siano collegate e funzionanti. Se nessuna di queste soluzioni risolve il problema, \u00e8 possibile chiamare Be-cool o <a href=\"mailto:info@be-cool.nl\">e-info@be-cool.nl<\/a><\/p>\n<h4>Quali sono i migliori fattori ambientali per il refrigeratore adiabatico dell&#8217;aria mobile per diffondere quanta pi\u00f9 aria fresca possibile?<\/h4>\n<p>Per funzionare in modo ottimale, la temperatura deve essere di 24 oC o superiore. L&#8217;umidit\u00e0 relativa dovrebbe essere inferiore al 75%. Le unit\u00e0 abbassano la temperatura in quasi tutte le camere, rendendo pi\u00f9 facile lavorare.<\/p>\n<h4>Qual \u00e8 la differenza tra impianti di raffreddamento evaporativo e nebulizzazione?<\/h4>\n<p>Le piante nebulizzatore spruzzano la nebbia d&#8217;acqua nell&#8217;aria che atterra sulle persone e sul pavimento, rendendola bagnata. L&#8217;unit\u00e0 di raffreddamento utilizza il processo di evaporazione per produrre aria pi\u00f9 fredda.<\/p>\n<h4>Come posso olire il motore della ventola?<\/h4>\n<p>Lo stato del manuale Emerson Motor Installation and Maintenance Information. I motori di cuscinetto di gelatina devono essere regolarmente oliati. Le unit\u00e0 che vengono costantemente utilizzate devono essere oliate una volta all&#8217;anno, che vengono utilizzate regolarmente una volta ogni due anni e che vengono utilizzate occasionalmente ogni cinque anni. Utilizzare da 30 a 35 gocce di SAE No. 20 olio non detergente, o olio motore elettrico.<\/p>\n<h4>Cosa posso fare se la macchina diffonde un odore sgradevole?<\/h4>\n<p>Una nuova unit\u00e0 ha bisogno di un breve periodo di lavoro e pu\u00f2 diffondere un odore. Normalmente dopo circa 2 settimane l&#8217;odore dovrebbe scomparire. Se l&#8217;unit\u00e0 non \u00e8 nuova, la crescita batterica pu\u00f2 diffondere un odore a causa di una manutenzione insufficiente. Il manuale descrive in dettaglio come la macchina pu\u00f2 essere pulita e mantenuta al meglio.<\/p>\n<h4>Dove posso acquistare i pezzi di ricambio?<\/h4>\n<p>I pezzi di ricambio per l&#8217;unit\u00e0 possono essere acquistati da <a href=\"https:\/\/www.be-cool.nl\/it\/\">noi www.be-cool.nl<\/a><\/p>\n<h4>Con quale frequenza devono essere sostituiti i cuscinetti di raffreddamento?<\/h4>\n<p>A seconda della manutenzione e del livello di utilizzo, le pastiglie di raffreddamento durano generalmente fino a cinque anni. Tuttavia, se hai domande sulla durata delle pastiglie di raffreddamento per la tua unit\u00e0 o vuoi sapere come sostituire le pastiglie di raffreddamento, puoi sempre contattare Be-cool per telefono.<\/p>\n<h4>Quanta umidit\u00e0 produce un&#8217;unit\u00e0?<\/h4>\n<p>L&#8217;umidit\u00e0 aumenter\u00e0 dal 2% al 5%, a seconda della temperatura e dell&#8217;umidit\u00e0 dell&#8217;ambiente. Questo aumento dell&#8217;umidit\u00e0 non \u00e8 evidente in una zona ben ventilata dove l&#8217;aria dell&#8217;unit\u00e0 viene portata via.<\/p>\n<h4>Quanto dura un recipiente completo?<\/h4>\n<p>Se non \u00e8 collegato ad un approvvigionamento idrico continuo, un&#8217;unit\u00e0 operativa evapora tutta l&#8217;acqua in un recipiente completo entro due ore. Il rapporto di evaporazione dipende dalla temperatura e dall&#8217;umidit\u00e0. Il produttore raccomanda che il recipiente sia dotato di un approvvigionamento idrico continuo. La maggior parte delle unit\u00e0 hanno una valvola di galleggiamento interna per regolare l&#8217;approvvigionamento idrico al recipiente.<\/p>\n<h4>Se voglio raffreddare meglio, posso usare il ghiaccio nel recipiente?<\/h4>\n<p>La ventola pu\u00f2 disperdere vapore dal ghiaccio d&#8217;acqua, ma questo non aumenta l&#8217;evaporazione e quindi non porter\u00e0 a un raffreddamento significativamente migliore.<\/p>\n<h4>Dove posso trovare il modello e i numeri di serie sull&#8217;unit\u00e0?<\/h4>\n<p>All&#8217;esterno dell&#8217;alloggiamento di ogni unit\u00e0 \u00e8 una piastra metallica con un&#8217;etichetta bianca con codici a barre e altre specifiche. Il numero di modello dell&#8217;unit\u00e0 inizia con i numeri di serie &#8216;PAC&#8217; costituiti interamente da numeri.<\/p>\n<h4>Cosa succede se le mie domande non hanno una risposta qui?<\/h4>\n<p>Si prega di inviare una e-mail <a href=\"mailto:info@be-cool.nl\">info@be-cool.nl<\/a>[\/vc_column_text][\/vc_column][\/vc_row]<\/p>\n<\/div>","protected":false},"excerpt":{"rendered":"<p>[vc_row][vc_column][vc_column_text] F.A.Q. Raffreddamento ad alta efficienza energetica Di seguito sono riportate le domande pi\u00f9 frequenti sul raffreddamento mobile e sul raffreddamento ad alta efficienza energetica.<a class=\"moretag\" href=\"https:\/\/www.be-cool.nl\/it\/f-a-q-supporto\/\">&#8230;<\/a><\/p>\n","protected":false},"author":1,"featured_media":0,"parent":0,"menu_order":0,"comment_status":"closed","ping_status":"closed","template":"","meta":{"_glsr_average":0,"_glsr_ranking":0,"_glsr_reviews":0,"footnotes":""},"class_list":["post-913","page","type-page","status-publish","hentry"],"yoast_head":"<!-- This site is optimized with the Yoast SEO plugin v27.5 - https:\/\/yoast.com\/product\/yoast-seo-wordpress\/ -->\n<title>F.A.Q. &amp; Supporto - Be-Cool<\/title>\n<meta name=\"robots\" content=\"index, follow, max-snippet:-1, max-image-preview:large, max-video-preview:-1\" \/>\n<link rel=\"canonical\" href=\"https:\/\/www.be-cool.nl\/it\/f-a-q-supporto\/\" \/>\n<meta property=\"og:locale\" content=\"it_IT\" \/>\n<meta property=\"og:type\" content=\"article\" \/>\n<meta property=\"og:title\" content=\"F.A.Q. &amp; Supporto - Be-Cool\" \/>\n<meta property=\"og:description\" content=\"[vc_row][vc_column][vc_column_text] F.A.Q. Raffreddamento ad alta efficienza energetica Di seguito sono riportate le domande pi\u00f9 frequenti sul raffreddamento mobile e sul raffreddamento ad alta efficienza energetica....\" \/>\n<meta property=\"og:url\" content=\"https:\/\/www.be-cool.nl\/it\/f-a-q-supporto\/\" \/>\n<meta property=\"og:site_name\" content=\"Be-Cool\" \/>\n<meta property=\"article:modified_time\" content=\"2022-03-03T09:11:05+00:00\" \/>\n<meta name=\"twitter:card\" content=\"summary_large_image\" \/>\n<meta name=\"twitter:label1\" content=\"Tempo di lettura stimato\" \/>\n\t<meta name=\"twitter:data1\" content=\"5 minuti\" \/>\n<script type=\"application\/ld+json\" class=\"yoast-schema-graph\">{\"@context\":\"https:\\\/\\\/schema.org\",\"@graph\":[{\"@type\":\"WebPage\",\"@id\":\"https:\\\/\\\/www.be-cool.nl\\\/it\\\/f-a-q-supporto\\\/\",\"url\":\"https:\\\/\\\/www.be-cool.nl\\\/it\\\/f-a-q-supporto\\\/\",\"name\":\"F.A.Q. & Supporto - Be-Cool\",\"isPartOf\":{\"@id\":\"https:\\\/\\\/www.be-cool.nl\\\/it\\\/#website\"},\"datePublished\":\"2022-02-21T10:33:52+00:00\",\"dateModified\":\"2022-03-03T09:11:05+00:00\",\"breadcrumb\":{\"@id\":\"https:\\\/\\\/www.be-cool.nl\\\/it\\\/f-a-q-supporto\\\/#breadcrumb\"},\"inLanguage\":\"it-IT\",\"potentialAction\":[{\"@type\":\"ReadAction\",\"target\":[\"https:\\\/\\\/www.be-cool.nl\\\/it\\\/f-a-q-supporto\\\/\"]}]},{\"@type\":\"BreadcrumbList\",\"@id\":\"https:\\\/\\\/www.be-cool.nl\\\/it\\\/f-a-q-supporto\\\/#breadcrumb\",\"itemListElement\":[{\"@type\":\"ListItem\",\"position\":1,\"name\":\"Home\",\"item\":\"https:\\\/\\\/www.be-cool.nl\\\/it\\\/\"},{\"@type\":\"ListItem\",\"position\":2,\"name\":\"F.A.Q. &#038; Supporto\"}]},{\"@type\":\"WebSite\",\"@id\":\"https:\\\/\\\/www.be-cool.nl\\\/it\\\/#website\",\"url\":\"https:\\\/\\\/www.be-cool.nl\\\/it\\\/\",\"name\":\"Be-Cool\",\"description\":\"\",\"publisher\":{\"@id\":\"https:\\\/\\\/www.be-cool.nl\\\/it\\\/#organization\"},\"potentialAction\":[{\"@type\":\"SearchAction\",\"target\":{\"@type\":\"EntryPoint\",\"urlTemplate\":\"https:\\\/\\\/www.be-cool.nl\\\/it\\\/?s={search_term_string}\"},\"query-input\":{\"@type\":\"PropertyValueSpecification\",\"valueRequired\":true,\"valueName\":\"search_term_string\"}}],\"inLanguage\":\"it-IT\"},{\"@type\":\"Organization\",\"@id\":\"https:\\\/\\\/www.be-cool.nl\\\/it\\\/#organization\",\"name\":\"Be-Cool\",\"url\":\"https:\\\/\\\/www.be-cool.nl\\\/it\\\/\",\"logo\":{\"@type\":\"ImageObject\",\"inLanguage\":\"it-IT\",\"@id\":\"https:\\\/\\\/www.be-cool.nl\\\/it\\\/#\\\/schema\\\/logo\\\/image\\\/\",\"url\":\"https:\\\/\\\/www.be-cool.nl\\\/wp-content\\\/uploads\\\/Be-cool_Logo.png\",\"contentUrl\":\"https:\\\/\\\/www.be-cool.nl\\\/wp-content\\\/uploads\\\/Be-cool_Logo.png\",\"width\":426,\"height\":142,\"caption\":\"Be-Cool\"},\"image\":{\"@id\":\"https:\\\/\\\/www.be-cool.nl\\\/it\\\/#\\\/schema\\\/logo\\\/image\\\/\"}}]}<\/script>\n<!-- \/ Yoast SEO plugin. -->","yoast_head_json":{"title":"F.A.Q. & Supporto - Be-Cool","robots":{"index":"index","follow":"follow","max-snippet":"max-snippet:-1","max-image-preview":"max-image-preview:large","max-video-preview":"max-video-preview:-1"},"canonical":"https:\/\/www.be-cool.nl\/it\/f-a-q-supporto\/","og_locale":"it_IT","og_type":"article","og_title":"F.A.Q. & Supporto - Be-Cool","og_description":"[vc_row][vc_column][vc_column_text] F.A.Q. Raffreddamento ad alta efficienza energetica Di seguito sono riportate le domande pi\u00f9 frequenti sul raffreddamento mobile e sul raffreddamento ad alta efficienza energetica....","og_url":"https:\/\/www.be-cool.nl\/it\/f-a-q-supporto\/","og_site_name":"Be-Cool","article_modified_time":"2022-03-03T09:11:05+00:00","twitter_card":"summary_large_image","twitter_misc":{"Tempo di lettura stimato":"5 minuti"},"schema":{"@context":"https:\/\/schema.org","@graph":[{"@type":"WebPage","@id":"https:\/\/www.be-cool.nl\/it\/f-a-q-supporto\/","url":"https:\/\/www.be-cool.nl\/it\/f-a-q-supporto\/","name":"F.A.Q. & Supporto - Be-Cool","isPartOf":{"@id":"https:\/\/www.be-cool.nl\/it\/#website"},"datePublished":"2022-02-21T10:33:52+00:00","dateModified":"2022-03-03T09:11:05+00:00","breadcrumb":{"@id":"https:\/\/www.be-cool.nl\/it\/f-a-q-supporto\/#breadcrumb"},"inLanguage":"it-IT","potentialAction":[{"@type":"ReadAction","target":["https:\/\/www.be-cool.nl\/it\/f-a-q-supporto\/"]}]},{"@type":"BreadcrumbList","@id":"https:\/\/www.be-cool.nl\/it\/f-a-q-supporto\/#breadcrumb","itemListElement":[{"@type":"ListItem","position":1,"name":"Home","item":"https:\/\/www.be-cool.nl\/it\/"},{"@type":"ListItem","position":2,"name":"F.A.Q. &#038; Supporto"}]},{"@type":"WebSite","@id":"https:\/\/www.be-cool.nl\/it\/#website","url":"https:\/\/www.be-cool.nl\/it\/","name":"Be-Cool","description":"","publisher":{"@id":"https:\/\/www.be-cool.nl\/it\/#organization"},"potentialAction":[{"@type":"SearchAction","target":{"@type":"EntryPoint","urlTemplate":"https:\/\/www.be-cool.nl\/it\/?s={search_term_string}"},"query-input":{"@type":"PropertyValueSpecification","valueRequired":true,"valueName":"search_term_string"}}],"inLanguage":"it-IT"},{"@type":"Organization","@id":"https:\/\/www.be-cool.nl\/it\/#organization","name":"Be-Cool","url":"https:\/\/www.be-cool.nl\/it\/","logo":{"@type":"ImageObject","inLanguage":"it-IT","@id":"https:\/\/www.be-cool.nl\/it\/#\/schema\/logo\/image\/","url":"https:\/\/www.be-cool.nl\/wp-content\/uploads\/Be-cool_Logo.png","contentUrl":"https:\/\/www.be-cool.nl\/wp-content\/uploads\/Be-cool_Logo.png","width":426,"height":142,"caption":"Be-Cool"},"image":{"@id":"https:\/\/www.be-cool.nl\/it\/#\/schema\/logo\/image\/"}}]}},"_links":{"self":[{"href":"https:\/\/www.be-cool.nl\/it\/wp-json\/wp\/v2\/pages\/913","targetHints":{"allow":["GET"]}}],"collection":[{"href":"https:\/\/www.be-cool.nl\/it\/wp-json\/wp\/v2\/pages"}],"about":[{"href":"https:\/\/www.be-cool.nl\/it\/wp-json\/wp\/v2\/types\/page"}],"author":[{"embeddable":true,"href":"https:\/\/www.be-cool.nl\/it\/wp-json\/wp\/v2\/users\/1"}],"replies":[{"embeddable":true,"href":"https:\/\/www.be-cool.nl\/it\/wp-json\/wp\/v2\/comments?post=913"}],"version-history":[{"count":1,"href":"https:\/\/www.be-cool.nl\/it\/wp-json\/wp\/v2\/pages\/913\/revisions"}],"predecessor-version":[{"id":914,"href":"https:\/\/www.be-cool.nl\/it\/wp-json\/wp\/v2\/pages\/913\/revisions\/914"}],"wp:attachment":[{"href":"https:\/\/www.be-cool.nl\/it\/wp-json\/wp\/v2\/media?parent=913"}],"curies":[{"name":"wp","href":"https:\/\/api.w.org\/{rel}","templated":true}]}}