{"id":943,"date":"2022-02-21T11:35:43","date_gmt":"2022-02-21T10:35:43","guid":{"rendered":"https:\/\/www.be-cool.nl\/?page_id=943"},"modified":"2022-03-03T10:28:13","modified_gmt":"2022-03-03T09:28:13","slug":"raffreddamento-dellaria-con-acqua-raffreddamento-stabile","status":"publish","type":"page","link":"https:\/\/www.be-cool.nl\/it\/raffreddamento-dellaria-con-acqua-raffreddamento-stabile\/","title":{"rendered":"Raffreddamento dell&#8217;aria con acqua \/ raffreddamento stabile"},"content":{"rendered":"<h2>Raffreddamento stabile di Be-Cool<\/h2>\n<p>Siete alla ricerca di un&#8217;azienda dove si pu\u00f2 andare per un raffreddamento stabile? Dai un&#8217;occhiata alla gamma di Be-Cool. Siamo specializzati nella vendita di sistemi di raffreddamento avanzati. I nostri refrigeratori sono del marchio Portacool e sono noti per la loro eccellente qualit\u00e0. Si pu\u00f2 anche contare su un servizio raffinato e consigli su misura. Vuoi saperne di pi\u00f9 sul nostro refrigeratore d&#8217;aria acqua-ing? Continua a leggere o contattaci direttamente.<\/p>\n<h3>Il refrigeratore d&#8217;aria ad alta efficienza energetica<\/h3>\n<p>Nel caso di raffreddamento stabile, l&#8217;uso dell&#8217;acqua \u00e8 molto importante. I nostri refrigeratori utilizzano un sistema di raffreddamento evaporativo unico. Utilizza l&#8217;acqua per raffreddare l&#8217;aria nel tuo spazio in modo economico ed ecologico. Poich\u00e9 i nostri refrigeratori mobili sono molto efficienti dal punto di vista energetico, sei molto pi\u00f9 economico di prima. Il refrigeratore d&#8217;aria \u00e8 facile da spostare, permettendoti di posizionarlo esattamente dove \u00e8 necessario.  <\/p>\n<h3>Il funzionamento del refrigeratore d&#8217;aria<\/h3>\n<p>Come funzionano esattamente i nostri refrigeratori con il sistema di raffreddamento evaporativo? Il refrigeratore d&#8217;aria con acqua estrae calore dall&#8217;aria per evaporazione. I cuscinetti brevettati (chiamati anche pad K\u00e0l) nel sistema assicurano questo. Sono fatti di carta compressa e hanno piccoli canali. La pompa dell&#8217;acqua nel refrigeratore d&#8217;aria pompa l&#8217;acqua e permette a quest&#8217;acqua di fluire attraverso i canali. Questo mantiene le pastiglie bagnate tutto il tempo. Poi l&#8217;aria calda viene risucchiata dai ventilatori lungo le pastiglie bagnate. L&#8217;acqua raffredda l&#8217;aria e l&#8217;aria fresca viene soffiata potentemente. Questo crea una temperatura piacevole nel vostro stabile o spazio. Le pastiglie assicurano che l&#8217;aria calda venga raffreddata di un ulteriore 20%. In tal modo, filtrano gli inquinanti dall&#8217;aria che scorre. In questo modo, il refrigeratore d&#8217;aria con acqua fornisce anche aria pi\u00f9 pulita.  <\/p>\n<h3>Le caratteristiche di un raffreddamento stabile Portacool<\/h3>\n<p>Abbiamo messo le caratteristiche del nostro raffreddamento stabile in fila per voi:<\/p>\n<ul>\n<li>Facile da spostare<\/li>\n<li>Basso<\/li>\n<li>Ecologico<\/li>\n<li>Nessun costo di installazione<\/li>\n<li>Praticamente senza manutenzione<\/li>\n<li>Alloggiamento durevole del polietilene cast<\/li>\n<li>Molto buono da usare nei luoghi di lavoro con un sacco di polvere spaziale<\/li>\n<\/ul>\n<p>Curioso del nostro raffreddamento dell&#8217;aria con l&#8217;acqua? Vorremmo dirvi di pi\u00f9 sulle possibilit\u00e0 e le applicazioni.<\/p>\n<h3>Avvicinati a noi per un refrigeratore d&#8217;aria<\/h3>\n<p>Vuoi saperne di pi\u00f9 sui nostri refrigeratori d&#8217;aria? Vi preghiamo di <a href=\"tel:0152002116\">contattarci al numero 015-2002116<\/a> o di <a href=mailto:info@be-cool.nl> <\/a> inviare un&#8217;info@be-cool.nl. \u00c8 anche possibile lasciare un messaggio tramite il nostro modulo di contatto online. Puoi contare su di noi quando scegli il giusto refrigeratore d&#8217;aria con acqua.  <\/p>\n","protected":false},"excerpt":{"rendered":"<p>Raffreddamento stabile di Be-Cool Siete alla ricerca di un&#8217;azienda dove si pu\u00f2 andare per un raffreddamento stabile? Dai un&#8217;occhiata alla gamma di Be-Cool. Siamo specializzati<a class=\"moretag\" href=\"https:\/\/www.be-cool.nl\/it\/raffreddamento-dellaria-con-acqua-raffreddamento-stabile\/\">&#8230;<\/a><\/p>\n","protected":false},"author":1,"featured_media":0,"parent":0,"menu_order":0,"comment_status":"closed","ping_status":"closed","template":"","meta":{"_glsr_average":0,"_glsr_ranking":0,"_glsr_reviews":0,"footnotes":""},"class_list":["post-943","page","type-page","status-publish","hentry"],"yoast_head":"<!-- This site is optimized with the Yoast SEO plugin v27.6 - https:\/\/yoast.com\/product\/yoast-seo-wordpress\/ -->\n<title>Raffreddamento dell&#039;aria con acqua \/ raffreddamento stabile - Be-Cool<\/title>\n<meta name=\"description\" content=\"Stai cercando un raffreddamento stabile che possa raffreddare la tua stalla o lo spazio nel modo giusto? A Be-Cool troverete il refrigeratore d&#039;aria con l&#039;acqua che si desidera. Il nostro raffreddamento stabile raffredda il tuo spazio in modo economico ed ecologico. Sei diventato curioso dei nostri prodotti? Chiamare \u260e 015-2002116.\" \/>\n<meta name=\"robots\" content=\"index, follow, max-snippet:-1, max-image-preview:large, max-video-preview:-1\" \/>\n<link rel=\"canonical\" href=\"https:\/\/www.be-cool.nl\/it\/raffreddamento-dellaria-con-acqua-raffreddamento-stabile\/\" \/>\n<meta property=\"og:locale\" content=\"it_IT\" \/>\n<meta property=\"og:type\" content=\"article\" \/>\n<meta property=\"og:title\" content=\"Raffreddamento dell&#039;aria con acqua \/ raffreddamento stabile - Be-Cool\" \/>\n<meta property=\"og:description\" content=\"Stai cercando un raffreddamento stabile che possa raffreddare la tua stalla o lo spazio nel modo giusto? A Be-Cool troverete il refrigeratore d&#039;aria con l&#039;acqua che si desidera. Il nostro raffreddamento stabile raffredda il tuo spazio in modo economico ed ecologico. Sei diventato curioso dei nostri prodotti? Chiamare \u260e 015-2002116.\" \/>\n<meta property=\"og:url\" content=\"https:\/\/www.be-cool.nl\/it\/raffreddamento-dellaria-con-acqua-raffreddamento-stabile\/\" \/>\n<meta property=\"og:site_name\" content=\"Be-Cool\" \/>\n<meta property=\"article:modified_time\" content=\"2022-03-03T09:28:13+00:00\" \/>\n<meta name=\"twitter:card\" content=\"summary_large_image\" \/>\n<meta name=\"twitter:label1\" content=\"Tempo di lettura stimato\" \/>\n\t<meta name=\"twitter:data1\" content=\"2 minuti\" \/>\n<script type=\"application\/ld+json\" class=\"yoast-schema-graph\">{\"@context\":\"https:\\\/\\\/schema.org\",\"@graph\":[{\"@type\":\"WebPage\",\"@id\":\"https:\\\/\\\/www.be-cool.nl\\\/it\\\/raffreddamento-dellaria-con-acqua-raffreddamento-stabile\\\/\",\"url\":\"https:\\\/\\\/www.be-cool.nl\\\/it\\\/raffreddamento-dellaria-con-acqua-raffreddamento-stabile\\\/\",\"name\":\"Raffreddamento dell'aria con acqua \\\/ raffreddamento stabile - Be-Cool\",\"isPartOf\":{\"@id\":\"https:\\\/\\\/www.be-cool.nl\\\/it\\\/#website\"},\"datePublished\":\"2022-02-21T10:35:43+00:00\",\"dateModified\":\"2022-03-03T09:28:13+00:00\",\"description\":\"Stai cercando un raffreddamento stabile che possa raffreddare la tua stalla o lo spazio nel modo giusto? A Be-Cool troverete il refrigeratore d'aria con l'acqua che si desidera. Il nostro raffreddamento stabile raffredda il tuo spazio in modo economico ed ecologico. Sei diventato curioso dei nostri prodotti? Chiamare \u260e 015-2002116.\",\"breadcrumb\":{\"@id\":\"https:\\\/\\\/www.be-cool.nl\\\/it\\\/raffreddamento-dellaria-con-acqua-raffreddamento-stabile\\\/#breadcrumb\"},\"inLanguage\":\"it-IT\",\"potentialAction\":[{\"@type\":\"ReadAction\",\"target\":[\"https:\\\/\\\/www.be-cool.nl\\\/it\\\/raffreddamento-dellaria-con-acqua-raffreddamento-stabile\\\/\"]}]},{\"@type\":\"BreadcrumbList\",\"@id\":\"https:\\\/\\\/www.be-cool.nl\\\/it\\\/raffreddamento-dellaria-con-acqua-raffreddamento-stabile\\\/#breadcrumb\",\"itemListElement\":[{\"@type\":\"ListItem\",\"position\":1,\"name\":\"Home\",\"item\":\"https:\\\/\\\/www.be-cool.nl\\\/it\\\/\"},{\"@type\":\"ListItem\",\"position\":2,\"name\":\"Raffreddamento dell&#8217;aria con acqua \\\/ raffreddamento stabile\"}]},{\"@type\":\"WebSite\",\"@id\":\"https:\\\/\\\/www.be-cool.nl\\\/it\\\/#website\",\"url\":\"https:\\\/\\\/www.be-cool.nl\\\/it\\\/\",\"name\":\"Be-Cool\",\"description\":\"\",\"publisher\":{\"@id\":\"https:\\\/\\\/www.be-cool.nl\\\/it\\\/#organization\"},\"potentialAction\":[{\"@type\":\"SearchAction\",\"target\":{\"@type\":\"EntryPoint\",\"urlTemplate\":\"https:\\\/\\\/www.be-cool.nl\\\/it\\\/?s={search_term_string}\"},\"query-input\":{\"@type\":\"PropertyValueSpecification\",\"valueRequired\":true,\"valueName\":\"search_term_string\"}}],\"inLanguage\":\"it-IT\"},{\"@type\":\"Organization\",\"@id\":\"https:\\\/\\\/www.be-cool.nl\\\/it\\\/#organization\",\"name\":\"Be-Cool\",\"url\":\"https:\\\/\\\/www.be-cool.nl\\\/it\\\/\",\"logo\":{\"@type\":\"ImageObject\",\"inLanguage\":\"it-IT\",\"@id\":\"https:\\\/\\\/www.be-cool.nl\\\/it\\\/#\\\/schema\\\/logo\\\/image\\\/\",\"url\":\"https:\\\/\\\/www.be-cool.nl\\\/wp-content\\\/uploads\\\/Be-cool_Logo.png\",\"contentUrl\":\"https:\\\/\\\/www.be-cool.nl\\\/wp-content\\\/uploads\\\/Be-cool_Logo.png\",\"width\":426,\"height\":142,\"caption\":\"Be-Cool\"},\"image\":{\"@id\":\"https:\\\/\\\/www.be-cool.nl\\\/it\\\/#\\\/schema\\\/logo\\\/image\\\/\"}}]}<\/script>\n<!-- \/ Yoast SEO plugin. -->","yoast_head_json":{"title":"Raffreddamento dell'aria con acqua \/ raffreddamento stabile - Be-Cool","description":"Stai cercando un raffreddamento stabile che possa raffreddare la tua stalla o lo spazio nel modo giusto? A Be-Cool troverete il refrigeratore d'aria con l'acqua che si desidera. Il nostro raffreddamento stabile raffredda il tuo spazio in modo economico ed ecologico. Sei diventato curioso dei nostri prodotti? Chiamare \u260e 015-2002116.","robots":{"index":"index","follow":"follow","max-snippet":"max-snippet:-1","max-image-preview":"max-image-preview:large","max-video-preview":"max-video-preview:-1"},"canonical":"https:\/\/www.be-cool.nl\/it\/raffreddamento-dellaria-con-acqua-raffreddamento-stabile\/","og_locale":"it_IT","og_type":"article","og_title":"Raffreddamento dell'aria con acqua \/ raffreddamento stabile - Be-Cool","og_description":"Stai cercando un raffreddamento stabile che possa raffreddare la tua stalla o lo spazio nel modo giusto? A Be-Cool troverete il refrigeratore d'aria con l'acqua che si desidera. Il nostro raffreddamento stabile raffredda il tuo spazio in modo economico ed ecologico. Sei diventato curioso dei nostri prodotti? Chiamare \u260e 015-2002116.","og_url":"https:\/\/www.be-cool.nl\/it\/raffreddamento-dellaria-con-acqua-raffreddamento-stabile\/","og_site_name":"Be-Cool","article_modified_time":"2022-03-03T09:28:13+00:00","twitter_card":"summary_large_image","twitter_misc":{"Tempo di lettura stimato":"2 minuti"},"schema":{"@context":"https:\/\/schema.org","@graph":[{"@type":"WebPage","@id":"https:\/\/www.be-cool.nl\/it\/raffreddamento-dellaria-con-acqua-raffreddamento-stabile\/","url":"https:\/\/www.be-cool.nl\/it\/raffreddamento-dellaria-con-acqua-raffreddamento-stabile\/","name":"Raffreddamento dell'aria con acqua \/ raffreddamento stabile - Be-Cool","isPartOf":{"@id":"https:\/\/www.be-cool.nl\/it\/#website"},"datePublished":"2022-02-21T10:35:43+00:00","dateModified":"2022-03-03T09:28:13+00:00","description":"Stai cercando un raffreddamento stabile che possa raffreddare la tua stalla o lo spazio nel modo giusto? A Be-Cool troverete il refrigeratore d'aria con l'acqua che si desidera. Il nostro raffreddamento stabile raffredda il tuo spazio in modo economico ed ecologico. Sei diventato curioso dei nostri prodotti? Chiamare \u260e 015-2002116.","breadcrumb":{"@id":"https:\/\/www.be-cool.nl\/it\/raffreddamento-dellaria-con-acqua-raffreddamento-stabile\/#breadcrumb"},"inLanguage":"it-IT","potentialAction":[{"@type":"ReadAction","target":["https:\/\/www.be-cool.nl\/it\/raffreddamento-dellaria-con-acqua-raffreddamento-stabile\/"]}]},{"@type":"BreadcrumbList","@id":"https:\/\/www.be-cool.nl\/it\/raffreddamento-dellaria-con-acqua-raffreddamento-stabile\/#breadcrumb","itemListElement":[{"@type":"ListItem","position":1,"name":"Home","item":"https:\/\/www.be-cool.nl\/it\/"},{"@type":"ListItem","position":2,"name":"Raffreddamento dell&#8217;aria con acqua \/ raffreddamento stabile"}]},{"@type":"WebSite","@id":"https:\/\/www.be-cool.nl\/it\/#website","url":"https:\/\/www.be-cool.nl\/it\/","name":"Be-Cool","description":"","publisher":{"@id":"https:\/\/www.be-cool.nl\/it\/#organization"},"potentialAction":[{"@type":"SearchAction","target":{"@type":"EntryPoint","urlTemplate":"https:\/\/www.be-cool.nl\/it\/?s={search_term_string}"},"query-input":{"@type":"PropertyValueSpecification","valueRequired":true,"valueName":"search_term_string"}}],"inLanguage":"it-IT"},{"@type":"Organization","@id":"https:\/\/www.be-cool.nl\/it\/#organization","name":"Be-Cool","url":"https:\/\/www.be-cool.nl\/it\/","logo":{"@type":"ImageObject","inLanguage":"it-IT","@id":"https:\/\/www.be-cool.nl\/it\/#\/schema\/logo\/image\/","url":"https:\/\/www.be-cool.nl\/wp-content\/uploads\/Be-cool_Logo.png","contentUrl":"https:\/\/www.be-cool.nl\/wp-content\/uploads\/Be-cool_Logo.png","width":426,"height":142,"caption":"Be-Cool"},"image":{"@id":"https:\/\/www.be-cool.nl\/it\/#\/schema\/logo\/image\/"}}]}},"_links":{"self":[{"href":"https:\/\/www.be-cool.nl\/it\/wp-json\/wp\/v2\/pages\/943","targetHints":{"allow":["GET"]}}],"collection":[{"href":"https:\/\/www.be-cool.nl\/it\/wp-json\/wp\/v2\/pages"}],"about":[{"href":"https:\/\/www.be-cool.nl\/it\/wp-json\/wp\/v2\/types\/page"}],"author":[{"embeddable":true,"href":"https:\/\/www.be-cool.nl\/it\/wp-json\/wp\/v2\/users\/1"}],"replies":[{"embeddable":true,"href":"https:\/\/www.be-cool.nl\/it\/wp-json\/wp\/v2\/comments?post=943"}],"version-history":[{"count":1,"href":"https:\/\/www.be-cool.nl\/it\/wp-json\/wp\/v2\/pages\/943\/revisions"}],"predecessor-version":[{"id":944,"href":"https:\/\/www.be-cool.nl\/it\/wp-json\/wp\/v2\/pages\/943\/revisions\/944"}],"wp:attachment":[{"href":"https:\/\/www.be-cool.nl\/it\/wp-json\/wp\/v2\/media?parent=943"}],"curies":[{"name":"wp","href":"https:\/\/api.w.org\/{rel}","templated":true}]}}