{"id":953,"date":"2022-02-21T11:36:18","date_gmt":"2022-02-21T10:36:18","guid":{"rendered":"https:\/\/www.be-cool.nl\/?page_id=953"},"modified":"2022-03-03T10:40:16","modified_gmt":"2022-03-03T09:40:16","slug":"raffreddamento-mobile-mediante-evaporazione-dellacqua","status":"publish","type":"page","link":"https:\/\/www.be-cool.nl\/it\/raffreddamento-mobile-mediante-evaporazione-dellacqua\/","title":{"rendered":"Raffreddamento mobile mediante evaporazione dell&#8217;acqua"},"content":{"rendered":"<div class=\"wpb-content-wrapper\"><p>[vc_row][vc_column][vc_column_text]<\/p>\n<h1>Raffreddamento mobile mediante evaporazione dell&#8217;acqua<\/h1>\n<p>A causa della mobilit\u00e0 e del principio &#8220;plug-and-play&#8221; (solo per connettersi all&#8217;acqua e all&#8217;elettricit\u00e0) non si hanno alcun tubo di scarico e costi di installazione con i nostri refrigeratori d&#8217;aria mobile da Be-cool e pu\u00f2 essere utilizzato nei luoghi in cui il raffreddamento \u00e8 pi\u00f9 desiderato e necessario. Molte aziende (internazionali) includono fabbriche, industria automobilistica, allevatori, capannoni, ecc. I refrigeratori di evaporazione mobile sono gi\u00e0 in distribuzione con successo.<\/p>\n<p>Grazie al raffreddamento basato sull&#8217;evaporazione, queste unit\u00e0 sono ideali per il raffreddamento di grandi spazi aperti, una soluzione in cui i rinfrescamenti precedentemente puramente inefficaci e costosi possono ora essere riempiti economicamente. Con i nostri refrigeratori portacool, siamo leader mondiali nei refrigeratori ad aria di evaporazione mobile, offrendo la soluzione ideale per il raffreddamento ecologico, efficace ed economico. pertanto, la VIA (detrazione degli investimenti energetici) ha incluso anche il nostro prodotto dalle strade al raffreddamento efficiente dal punto di vista energetico.<\/p>\n<p>i nostri ventilatori mobili evaporation refrigeratori d&#8217;aria sono disponibili in tutta Europa in 220V e con etichetta CE tutti i refrigeratori d&#8217;aria evaporazione sono &#8220;Made in USA&#8221;<\/p>\n<p>Oltre all&#8217;uso per il raffreddamento di tendoni ed eventi (all&#8217;aria aperta), i refrigeratori adiabatici mobili sono spesso utilizzati in capannoni, garage per auto, capannoni, capannoni, hangar, allevatori e palestre. L&#8217;occupabilit\u00e0 delle unit\u00e0 di raffreddamento mobile \u00e8 diversificata, tutti i luoghi in cui \u00e8 disponibile una ventilazione sufficiente (ad esempio aprendo porte e finestre)<br \/>\n\u00e8 molto pi\u00f9 economico del tradizionale sistema di condizionamento dell&#8217;aria (a causa del basso consumo energetico).<\/p>\n<p><b>I vantaggi dei nostri ventilatori mobili raffreddatori d&#8217;aria.<\/b><\/p>\n<p>-nessuna sostanza nociva. (quindi nessun impatto ambientale)<\/p>\n<p>-porta una temperatura piacevole veloce nella vostra camera in pochi minuti.<\/p>\n<p>finestre e porte possono rimanere aperte<\/p>\n<p>-Manutenzione bassa<\/p>\n<p>-nessun costo di installazione da utilizzare immediatamente dopo aver collegato la spina (220v) e riempito il serbatoio dell&#8217;acqua.<\/p>\n<p>produttivit\u00e0 rimarr\u00e0 pi\u00f9 elevata a causa della temperatura piacevole.<\/p>\n<p>-raffreddamento per evaporazione (nessuna nebulizzazione)<\/p>\n<p>per ulteriori informazioni sui nostri refrigeratori adiabatici mobili.<\/p>\n<p>e ulteriori domande, \u00e8 possibile contattarci senza impegno<\/p>\n<p><a href=\"mailto:info@be-cool.nl\">info@be-cool.nl<\/a><br \/>\ntelefono:.0620033857[\/vc_column_text][\/vc_column][\/vc_row]<\/p>\n<\/div>","protected":false},"excerpt":{"rendered":"<p>[vc_row][vc_column][vc_column_text] Raffreddamento mobile mediante evaporazione dell&#8217;acqua A causa della mobilit\u00e0 e del principio &#8220;plug-and-play&#8221; (solo per connettersi all&#8217;acqua e all&#8217;elettricit\u00e0) non si hanno alcun tubo<a class=\"moretag\" href=\"https:\/\/www.be-cool.nl\/it\/raffreddamento-mobile-mediante-evaporazione-dellacqua\/\">&#8230;<\/a><\/p>\n","protected":false},"author":1,"featured_media":0,"parent":0,"menu_order":0,"comment_status":"closed","ping_status":"closed","template":"","meta":{"_glsr_average":0,"_glsr_ranking":0,"_glsr_reviews":0,"footnotes":""},"class_list":["post-953","page","type-page","status-publish","hentry"],"yoast_head":"<!-- This site is optimized with the Yoast SEO plugin v27.5 - https:\/\/yoast.com\/product\/yoast-seo-wordpress\/ -->\n<title>Raffreddamento mobile mediante evaporazione dell&#039;acqua - Be-Cool<\/title>\n<meta name=\"robots\" content=\"index, follow, max-snippet:-1, max-image-preview:large, max-video-preview:-1\" \/>\n<link rel=\"canonical\" href=\"https:\/\/www.be-cool.nl\/it\/raffreddamento-mobile-mediante-evaporazione-dellacqua\/\" \/>\n<meta property=\"og:locale\" content=\"it_IT\" \/>\n<meta property=\"og:type\" content=\"article\" \/>\n<meta property=\"og:title\" content=\"Raffreddamento mobile mediante evaporazione dell&#039;acqua - Be-Cool\" \/>\n<meta property=\"og:description\" content=\"[vc_row][vc_column][vc_column_text] Raffreddamento mobile mediante evaporazione dell&#8217;acqua A causa della mobilit\u00e0 e del principio &#8220;plug-and-play&#8221; (solo per connettersi all&#8217;acqua e all&#8217;elettricit\u00e0) non si hanno alcun tubo...\" \/>\n<meta property=\"og:url\" content=\"https:\/\/www.be-cool.nl\/it\/raffreddamento-mobile-mediante-evaporazione-dellacqua\/\" \/>\n<meta property=\"og:site_name\" content=\"Be-Cool\" \/>\n<meta property=\"article:modified_time\" content=\"2022-03-03T09:40:16+00:00\" \/>\n<meta name=\"twitter:card\" content=\"summary_large_image\" \/>\n<meta name=\"twitter:label1\" content=\"Tempo di lettura stimato\" \/>\n\t<meta name=\"twitter:data1\" content=\"2 minuti\" \/>\n<script type=\"application\/ld+json\" class=\"yoast-schema-graph\">{\"@context\":\"https:\\\/\\\/schema.org\",\"@graph\":[{\"@type\":\"WebPage\",\"@id\":\"https:\\\/\\\/www.be-cool.nl\\\/it\\\/raffreddamento-mobile-mediante-evaporazione-dellacqua\\\/\",\"url\":\"https:\\\/\\\/www.be-cool.nl\\\/it\\\/raffreddamento-mobile-mediante-evaporazione-dellacqua\\\/\",\"name\":\"Raffreddamento mobile mediante evaporazione dell'acqua - Be-Cool\",\"isPartOf\":{\"@id\":\"https:\\\/\\\/www.be-cool.nl\\\/it\\\/#website\"},\"datePublished\":\"2022-02-21T10:36:18+00:00\",\"dateModified\":\"2022-03-03T09:40:16+00:00\",\"breadcrumb\":{\"@id\":\"https:\\\/\\\/www.be-cool.nl\\\/it\\\/raffreddamento-mobile-mediante-evaporazione-dellacqua\\\/#breadcrumb\"},\"inLanguage\":\"it-IT\",\"potentialAction\":[{\"@type\":\"ReadAction\",\"target\":[\"https:\\\/\\\/www.be-cool.nl\\\/it\\\/raffreddamento-mobile-mediante-evaporazione-dellacqua\\\/\"]}]},{\"@type\":\"BreadcrumbList\",\"@id\":\"https:\\\/\\\/www.be-cool.nl\\\/it\\\/raffreddamento-mobile-mediante-evaporazione-dellacqua\\\/#breadcrumb\",\"itemListElement\":[{\"@type\":\"ListItem\",\"position\":1,\"name\":\"Home\",\"item\":\"https:\\\/\\\/www.be-cool.nl\\\/it\\\/\"},{\"@type\":\"ListItem\",\"position\":2,\"name\":\"Raffreddamento mobile mediante evaporazione dell&#8217;acqua\"}]},{\"@type\":\"WebSite\",\"@id\":\"https:\\\/\\\/www.be-cool.nl\\\/it\\\/#website\",\"url\":\"https:\\\/\\\/www.be-cool.nl\\\/it\\\/\",\"name\":\"Be-Cool\",\"description\":\"\",\"publisher\":{\"@id\":\"https:\\\/\\\/www.be-cool.nl\\\/it\\\/#organization\"},\"potentialAction\":[{\"@type\":\"SearchAction\",\"target\":{\"@type\":\"EntryPoint\",\"urlTemplate\":\"https:\\\/\\\/www.be-cool.nl\\\/it\\\/?s={search_term_string}\"},\"query-input\":{\"@type\":\"PropertyValueSpecification\",\"valueRequired\":true,\"valueName\":\"search_term_string\"}}],\"inLanguage\":\"it-IT\"},{\"@type\":\"Organization\",\"@id\":\"https:\\\/\\\/www.be-cool.nl\\\/it\\\/#organization\",\"name\":\"Be-Cool\",\"url\":\"https:\\\/\\\/www.be-cool.nl\\\/it\\\/\",\"logo\":{\"@type\":\"ImageObject\",\"inLanguage\":\"it-IT\",\"@id\":\"https:\\\/\\\/www.be-cool.nl\\\/it\\\/#\\\/schema\\\/logo\\\/image\\\/\",\"url\":\"https:\\\/\\\/www.be-cool.nl\\\/wp-content\\\/uploads\\\/Be-cool_Logo.png\",\"contentUrl\":\"https:\\\/\\\/www.be-cool.nl\\\/wp-content\\\/uploads\\\/Be-cool_Logo.png\",\"width\":426,\"height\":142,\"caption\":\"Be-Cool\"},\"image\":{\"@id\":\"https:\\\/\\\/www.be-cool.nl\\\/it\\\/#\\\/schema\\\/logo\\\/image\\\/\"}}]}<\/script>\n<!-- \/ Yoast SEO plugin. -->","yoast_head_json":{"title":"Raffreddamento mobile mediante evaporazione dell'acqua - Be-Cool","robots":{"index":"index","follow":"follow","max-snippet":"max-snippet:-1","max-image-preview":"max-image-preview:large","max-video-preview":"max-video-preview:-1"},"canonical":"https:\/\/www.be-cool.nl\/it\/raffreddamento-mobile-mediante-evaporazione-dellacqua\/","og_locale":"it_IT","og_type":"article","og_title":"Raffreddamento mobile mediante evaporazione dell'acqua - Be-Cool","og_description":"[vc_row][vc_column][vc_column_text] Raffreddamento mobile mediante evaporazione dell&#8217;acqua A causa della mobilit\u00e0 e del principio &#8220;plug-and-play&#8221; (solo per connettersi all&#8217;acqua e all&#8217;elettricit\u00e0) non si hanno alcun tubo...","og_url":"https:\/\/www.be-cool.nl\/it\/raffreddamento-mobile-mediante-evaporazione-dellacqua\/","og_site_name":"Be-Cool","article_modified_time":"2022-03-03T09:40:16+00:00","twitter_card":"summary_large_image","twitter_misc":{"Tempo di lettura stimato":"2 minuti"},"schema":{"@context":"https:\/\/schema.org","@graph":[{"@type":"WebPage","@id":"https:\/\/www.be-cool.nl\/it\/raffreddamento-mobile-mediante-evaporazione-dellacqua\/","url":"https:\/\/www.be-cool.nl\/it\/raffreddamento-mobile-mediante-evaporazione-dellacqua\/","name":"Raffreddamento mobile mediante evaporazione dell'acqua - Be-Cool","isPartOf":{"@id":"https:\/\/www.be-cool.nl\/it\/#website"},"datePublished":"2022-02-21T10:36:18+00:00","dateModified":"2022-03-03T09:40:16+00:00","breadcrumb":{"@id":"https:\/\/www.be-cool.nl\/it\/raffreddamento-mobile-mediante-evaporazione-dellacqua\/#breadcrumb"},"inLanguage":"it-IT","potentialAction":[{"@type":"ReadAction","target":["https:\/\/www.be-cool.nl\/it\/raffreddamento-mobile-mediante-evaporazione-dellacqua\/"]}]},{"@type":"BreadcrumbList","@id":"https:\/\/www.be-cool.nl\/it\/raffreddamento-mobile-mediante-evaporazione-dellacqua\/#breadcrumb","itemListElement":[{"@type":"ListItem","position":1,"name":"Home","item":"https:\/\/www.be-cool.nl\/it\/"},{"@type":"ListItem","position":2,"name":"Raffreddamento mobile mediante evaporazione dell&#8217;acqua"}]},{"@type":"WebSite","@id":"https:\/\/www.be-cool.nl\/it\/#website","url":"https:\/\/www.be-cool.nl\/it\/","name":"Be-Cool","description":"","publisher":{"@id":"https:\/\/www.be-cool.nl\/it\/#organization"},"potentialAction":[{"@type":"SearchAction","target":{"@type":"EntryPoint","urlTemplate":"https:\/\/www.be-cool.nl\/it\/?s={search_term_string}"},"query-input":{"@type":"PropertyValueSpecification","valueRequired":true,"valueName":"search_term_string"}}],"inLanguage":"it-IT"},{"@type":"Organization","@id":"https:\/\/www.be-cool.nl\/it\/#organization","name":"Be-Cool","url":"https:\/\/www.be-cool.nl\/it\/","logo":{"@type":"ImageObject","inLanguage":"it-IT","@id":"https:\/\/www.be-cool.nl\/it\/#\/schema\/logo\/image\/","url":"https:\/\/www.be-cool.nl\/wp-content\/uploads\/Be-cool_Logo.png","contentUrl":"https:\/\/www.be-cool.nl\/wp-content\/uploads\/Be-cool_Logo.png","width":426,"height":142,"caption":"Be-Cool"},"image":{"@id":"https:\/\/www.be-cool.nl\/it\/#\/schema\/logo\/image\/"}}]}},"_links":{"self":[{"href":"https:\/\/www.be-cool.nl\/it\/wp-json\/wp\/v2\/pages\/953","targetHints":{"allow":["GET"]}}],"collection":[{"href":"https:\/\/www.be-cool.nl\/it\/wp-json\/wp\/v2\/pages"}],"about":[{"href":"https:\/\/www.be-cool.nl\/it\/wp-json\/wp\/v2\/types\/page"}],"author":[{"embeddable":true,"href":"https:\/\/www.be-cool.nl\/it\/wp-json\/wp\/v2\/users\/1"}],"replies":[{"embeddable":true,"href":"https:\/\/www.be-cool.nl\/it\/wp-json\/wp\/v2\/comments?post=953"}],"version-history":[{"count":1,"href":"https:\/\/www.be-cool.nl\/it\/wp-json\/wp\/v2\/pages\/953\/revisions"}],"predecessor-version":[{"id":954,"href":"https:\/\/www.be-cool.nl\/it\/wp-json\/wp\/v2\/pages\/953\/revisions\/954"}],"wp:attachment":[{"href":"https:\/\/www.be-cool.nl\/it\/wp-json\/wp\/v2\/media?parent=953"}],"curies":[{"name":"wp","href":"https:\/\/api.w.org\/{rel}","templated":true}]}}