{"id":973,"date":"2022-02-21T11:37:30","date_gmt":"2022-02-21T10:37:30","guid":{"rendered":"https:\/\/www.be-cool.nl\/?page_id=973"},"modified":"2022-03-03T10:51:15","modified_gmt":"2022-03-03T09:51:15","slug":"raffreddatore-adiabatico-mobile","status":"publish","type":"page","link":"https:\/\/www.be-cool.nl\/it\/raffreddatore-adiabatico-mobile\/","title":{"rendered":"Raffreddatore adiabatico mobile"},"content":{"rendered":"<h2>Il dispositivo di raffreddamento adiabatico mobile a Be-Cool<\/h2>\n<p>Vuoi un dispositivo di raffreddamento adiabatico mobile per i tuoi locali? A Be-Cool siete arrivati nel posto giusto. Vendiamo un raffreddamento adatto per ogni situazione. Si pu\u00f2 pensare a un refrigeratore d&#8217;aria adiabatica, refrigeratore evaporativo e terrazza pi\u00f9 fresco. Si pu\u00f2 venire da noi per refrigeratori di ottima qualit\u00e0 e il miglior servizio. Hai bisogno di maggiori informazioni sui refrigeratori adiabatici? Poi continua a leggere o avvicinati direttamente a noi per acquistare un nuovo raffreddamento.<\/p>\n<h3>I vantaggi dei refrigeratori d&#8217;aria adiabatici<\/h3>\n<p>Vendiamo refrigeratori adiabatici del marchio Portacool. I refrigeratori adiabatici utilizzano uno speciale sistema di raffreddamento evaporativo. Ma cos&#8217;\u00e8 esattamente il raffreddamento evaporativo? Ottenere il dito bagnato in un secchio d&#8217;acqua e poi soffiare lungo il dito. L&#8217;evaporazione dell&#8217;acqua vi far\u00e0 sentire fresco. Questo \u00e8 anche chiamato raffreddamento adiabatico. Il sistema offre la possibilit\u00e0 di raffreddare grandi spazi aperti in modo ecologico ed economico. I nostri refrigeratori a basso consumo energetico rendono il raffreddamento di grandi spazi molto pi\u00f9 economico.  <\/p>\n<h3>Come funziona il raffreddamento mobile Portacool?<\/h3>\n<p>Un refrigeratore d&#8217;aria Portacool agisce come un raffreddamento autonomo in cui il calore viene estratto dall&#8217;aria dall&#8217;evaporazione dell&#8217;acqua. I cuscinetti brevettati sono uno dei componenti pi\u00f9 importanti delle unit\u00e0 adiabatiche di Portacool. Questi cuscinetti sono fatti di carta compressa. Tramite una pompa dell&#8217;acqua, l&#8217;acqua viene pompata dal serbatoio dell&#8217;acqua. L&#8217;acqua viene alimentata attraverso i canali nelle pastiglie, in modo che siano tenuti bagnati ovunque. Poi l&#8217;aria calda viene risucchiata attraverso le pastiglie. Di conseguenza, l&#8217;acqua evapora e l&#8217;aria viene raffreddata. Quest&#8217;aria viene spazzata via in modo potente. I cuscinetti K&#8217;l assicurano che l&#8217;aria calda venga raffreddata di un ulteriore 20%. Un ulteriore vantaggio \u00e8 che, a causa della struttura ingegnosa e del metodo di posizionamento dei cuscinetti di K\u00e0l, gli inquinanti vengono filtrati fuori dall&#8217;aria che scorre. Fornisce anche aria pi\u00f9 pulita.<\/p>\n<h3>I vantaggi di un Portacool<\/h3>\n<p>Vorremmo elencare i vantaggi di un Portacool per voi:<\/p>\n<ul>\n<li>Facile da spostare<\/li>\n<li>Basso<\/li>\n<li>Ecologico<\/li>\n<li>Nessun costo di installazione<\/li>\n<li>Fornitura di acqua tramite un tubo da giardino o riempimento<\/li>\n<li>Facilit\u00e0 d&#8217;uso spensierata e praticamente senza manutenzione<\/li>\n<li>Alloggiamento durevole di polietilene fuori da uno cast<\/li>\n<li>Ideale per il raffreddamento di grandi ambienti di lavoro per la polvere spaziale<\/li>\n<\/ul>\n<h3>Per ulteriori informazioni, si prega di<\/h3>\n<p>Sei diventato curioso di sapere un nuovo refrigeratore d&#8217;aria? Quindi contattaci via <a href=\"tel:0152002116\">015-2002116<\/a> o invia <a href=mailto:info@be-cool.nl> <\/a> un&#8217;e-info@be-cool.nl. Puoi anche lasciare un messaggio tramite il nostro modulo di contatto online. Siamo felici di essere l\u00ec per voi quando si desidera acquistare un dispositivo di raffreddamento adiabatico mobile.<\/p>\n","protected":false},"excerpt":{"rendered":"<p>Il dispositivo di raffreddamento adiabatico mobile a Be-Cool Vuoi un dispositivo di raffreddamento adiabatico mobile per i tuoi locali? A Be-Cool siete arrivati nel posto<a class=\"moretag\" href=\"https:\/\/www.be-cool.nl\/it\/raffreddatore-adiabatico-mobile\/\">&#8230;<\/a><\/p>\n","protected":false},"author":1,"featured_media":0,"parent":0,"menu_order":0,"comment_status":"closed","ping_status":"closed","template":"","meta":{"_glsr_average":0,"_glsr_ranking":0,"_glsr_reviews":0,"footnotes":""},"class_list":["post-973","page","type-page","status-publish","hentry"],"yoast_head":"<!-- This site is optimized with the Yoast SEO plugin v27.5 - https:\/\/yoast.com\/product\/yoast-seo-wordpress\/ -->\n<title>Raffreddatore adiabatico mobile - Be-Cool<\/title>\n<meta name=\"description\" content=\"Vuoi un dispositivo di raffreddamento adiabatico mobile per i tuoi locali? Si prega di contattare Be-Cool. Vendiamo refrigeratori d&#039;aria adiabatici di alta qualit\u00e0. Puoi anche contare sul miglior servizio con noi. Per maggiori informazioni chiamaci al numero di telefono 015-2002116.\" \/>\n<meta name=\"robots\" content=\"index, follow, max-snippet:-1, max-image-preview:large, max-video-preview:-1\" \/>\n<link rel=\"canonical\" href=\"https:\/\/www.be-cool.nl\/it\/raffreddatore-adiabatico-mobile\/\" \/>\n<meta property=\"og:locale\" content=\"it_IT\" \/>\n<meta property=\"og:type\" content=\"article\" \/>\n<meta property=\"og:title\" content=\"Raffreddatore adiabatico mobile - Be-Cool\" \/>\n<meta property=\"og:description\" content=\"Vuoi un dispositivo di raffreddamento adiabatico mobile per i tuoi locali? Si prega di contattare Be-Cool. Vendiamo refrigeratori d&#039;aria adiabatici di alta qualit\u00e0. Puoi anche contare sul miglior servizio con noi. Per maggiori informazioni chiamaci al numero di telefono 015-2002116.\" \/>\n<meta property=\"og:url\" content=\"https:\/\/www.be-cool.nl\/it\/raffreddatore-adiabatico-mobile\/\" \/>\n<meta property=\"og:site_name\" content=\"Be-Cool\" \/>\n<meta property=\"article:modified_time\" content=\"2022-03-03T09:51:15+00:00\" \/>\n<meta name=\"twitter:card\" content=\"summary_large_image\" \/>\n<meta name=\"twitter:label1\" content=\"Tempo di lettura stimato\" \/>\n\t<meta name=\"twitter:data1\" content=\"2 minuti\" \/>\n<script type=\"application\/ld+json\" class=\"yoast-schema-graph\">{\"@context\":\"https:\\\/\\\/schema.org\",\"@graph\":[{\"@type\":\"WebPage\",\"@id\":\"https:\\\/\\\/www.be-cool.nl\\\/it\\\/raffreddatore-adiabatico-mobile\\\/\",\"url\":\"https:\\\/\\\/www.be-cool.nl\\\/it\\\/raffreddatore-adiabatico-mobile\\\/\",\"name\":\"Raffreddatore adiabatico mobile - Be-Cool\",\"isPartOf\":{\"@id\":\"https:\\\/\\\/www.be-cool.nl\\\/it\\\/#website\"},\"datePublished\":\"2022-02-21T10:37:30+00:00\",\"dateModified\":\"2022-03-03T09:51:15+00:00\",\"description\":\"Vuoi un dispositivo di raffreddamento adiabatico mobile per i tuoi locali? Si prega di contattare Be-Cool. Vendiamo refrigeratori d'aria adiabatici di alta qualit\u00e0. Puoi anche contare sul miglior servizio con noi. Per maggiori informazioni chiamaci al numero di telefono 015-2002116.\",\"breadcrumb\":{\"@id\":\"https:\\\/\\\/www.be-cool.nl\\\/it\\\/raffreddatore-adiabatico-mobile\\\/#breadcrumb\"},\"inLanguage\":\"it-IT\",\"potentialAction\":[{\"@type\":\"ReadAction\",\"target\":[\"https:\\\/\\\/www.be-cool.nl\\\/it\\\/raffreddatore-adiabatico-mobile\\\/\"]}]},{\"@type\":\"BreadcrumbList\",\"@id\":\"https:\\\/\\\/www.be-cool.nl\\\/it\\\/raffreddatore-adiabatico-mobile\\\/#breadcrumb\",\"itemListElement\":[{\"@type\":\"ListItem\",\"position\":1,\"name\":\"Home\",\"item\":\"https:\\\/\\\/www.be-cool.nl\\\/it\\\/\"},{\"@type\":\"ListItem\",\"position\":2,\"name\":\"Raffreddatore adiabatico mobile\"}]},{\"@type\":\"WebSite\",\"@id\":\"https:\\\/\\\/www.be-cool.nl\\\/it\\\/#website\",\"url\":\"https:\\\/\\\/www.be-cool.nl\\\/it\\\/\",\"name\":\"Be-Cool\",\"description\":\"\",\"publisher\":{\"@id\":\"https:\\\/\\\/www.be-cool.nl\\\/it\\\/#organization\"},\"potentialAction\":[{\"@type\":\"SearchAction\",\"target\":{\"@type\":\"EntryPoint\",\"urlTemplate\":\"https:\\\/\\\/www.be-cool.nl\\\/it\\\/?s={search_term_string}\"},\"query-input\":{\"@type\":\"PropertyValueSpecification\",\"valueRequired\":true,\"valueName\":\"search_term_string\"}}],\"inLanguage\":\"it-IT\"},{\"@type\":\"Organization\",\"@id\":\"https:\\\/\\\/www.be-cool.nl\\\/it\\\/#organization\",\"name\":\"Be-Cool\",\"url\":\"https:\\\/\\\/www.be-cool.nl\\\/it\\\/\",\"logo\":{\"@type\":\"ImageObject\",\"inLanguage\":\"it-IT\",\"@id\":\"https:\\\/\\\/www.be-cool.nl\\\/it\\\/#\\\/schema\\\/logo\\\/image\\\/\",\"url\":\"https:\\\/\\\/www.be-cool.nl\\\/wp-content\\\/uploads\\\/Be-cool_Logo.png\",\"contentUrl\":\"https:\\\/\\\/www.be-cool.nl\\\/wp-content\\\/uploads\\\/Be-cool_Logo.png\",\"width\":426,\"height\":142,\"caption\":\"Be-Cool\"},\"image\":{\"@id\":\"https:\\\/\\\/www.be-cool.nl\\\/it\\\/#\\\/schema\\\/logo\\\/image\\\/\"}}]}<\/script>\n<!-- \/ Yoast SEO plugin. -->","yoast_head_json":{"title":"Raffreddatore adiabatico mobile - Be-Cool","description":"Vuoi un dispositivo di raffreddamento adiabatico mobile per i tuoi locali? Si prega di contattare Be-Cool. Vendiamo refrigeratori d'aria adiabatici di alta qualit\u00e0. Puoi anche contare sul miglior servizio con noi. Per maggiori informazioni chiamaci al numero di telefono 015-2002116.","robots":{"index":"index","follow":"follow","max-snippet":"max-snippet:-1","max-image-preview":"max-image-preview:large","max-video-preview":"max-video-preview:-1"},"canonical":"https:\/\/www.be-cool.nl\/it\/raffreddatore-adiabatico-mobile\/","og_locale":"it_IT","og_type":"article","og_title":"Raffreddatore adiabatico mobile - Be-Cool","og_description":"Vuoi un dispositivo di raffreddamento adiabatico mobile per i tuoi locali? Si prega di contattare Be-Cool. Vendiamo refrigeratori d'aria adiabatici di alta qualit\u00e0. Puoi anche contare sul miglior servizio con noi. Per maggiori informazioni chiamaci al numero di telefono 015-2002116.","og_url":"https:\/\/www.be-cool.nl\/it\/raffreddatore-adiabatico-mobile\/","og_site_name":"Be-Cool","article_modified_time":"2022-03-03T09:51:15+00:00","twitter_card":"summary_large_image","twitter_misc":{"Tempo di lettura stimato":"2 minuti"},"schema":{"@context":"https:\/\/schema.org","@graph":[{"@type":"WebPage","@id":"https:\/\/www.be-cool.nl\/it\/raffreddatore-adiabatico-mobile\/","url":"https:\/\/www.be-cool.nl\/it\/raffreddatore-adiabatico-mobile\/","name":"Raffreddatore adiabatico mobile - Be-Cool","isPartOf":{"@id":"https:\/\/www.be-cool.nl\/it\/#website"},"datePublished":"2022-02-21T10:37:30+00:00","dateModified":"2022-03-03T09:51:15+00:00","description":"Vuoi un dispositivo di raffreddamento adiabatico mobile per i tuoi locali? Si prega di contattare Be-Cool. Vendiamo refrigeratori d'aria adiabatici di alta qualit\u00e0. Puoi anche contare sul miglior servizio con noi. Per maggiori informazioni chiamaci al numero di telefono 015-2002116.","breadcrumb":{"@id":"https:\/\/www.be-cool.nl\/it\/raffreddatore-adiabatico-mobile\/#breadcrumb"},"inLanguage":"it-IT","potentialAction":[{"@type":"ReadAction","target":["https:\/\/www.be-cool.nl\/it\/raffreddatore-adiabatico-mobile\/"]}]},{"@type":"BreadcrumbList","@id":"https:\/\/www.be-cool.nl\/it\/raffreddatore-adiabatico-mobile\/#breadcrumb","itemListElement":[{"@type":"ListItem","position":1,"name":"Home","item":"https:\/\/www.be-cool.nl\/it\/"},{"@type":"ListItem","position":2,"name":"Raffreddatore adiabatico mobile"}]},{"@type":"WebSite","@id":"https:\/\/www.be-cool.nl\/it\/#website","url":"https:\/\/www.be-cool.nl\/it\/","name":"Be-Cool","description":"","publisher":{"@id":"https:\/\/www.be-cool.nl\/it\/#organization"},"potentialAction":[{"@type":"SearchAction","target":{"@type":"EntryPoint","urlTemplate":"https:\/\/www.be-cool.nl\/it\/?s={search_term_string}"},"query-input":{"@type":"PropertyValueSpecification","valueRequired":true,"valueName":"search_term_string"}}],"inLanguage":"it-IT"},{"@type":"Organization","@id":"https:\/\/www.be-cool.nl\/it\/#organization","name":"Be-Cool","url":"https:\/\/www.be-cool.nl\/it\/","logo":{"@type":"ImageObject","inLanguage":"it-IT","@id":"https:\/\/www.be-cool.nl\/it\/#\/schema\/logo\/image\/","url":"https:\/\/www.be-cool.nl\/wp-content\/uploads\/Be-cool_Logo.png","contentUrl":"https:\/\/www.be-cool.nl\/wp-content\/uploads\/Be-cool_Logo.png","width":426,"height":142,"caption":"Be-Cool"},"image":{"@id":"https:\/\/www.be-cool.nl\/it\/#\/schema\/logo\/image\/"}}]}},"_links":{"self":[{"href":"https:\/\/www.be-cool.nl\/it\/wp-json\/wp\/v2\/pages\/973","targetHints":{"allow":["GET"]}}],"collection":[{"href":"https:\/\/www.be-cool.nl\/it\/wp-json\/wp\/v2\/pages"}],"about":[{"href":"https:\/\/www.be-cool.nl\/it\/wp-json\/wp\/v2\/types\/page"}],"author":[{"embeddable":true,"href":"https:\/\/www.be-cool.nl\/it\/wp-json\/wp\/v2\/users\/1"}],"replies":[{"embeddable":true,"href":"https:\/\/www.be-cool.nl\/it\/wp-json\/wp\/v2\/comments?post=973"}],"version-history":[{"count":1,"href":"https:\/\/www.be-cool.nl\/it\/wp-json\/wp\/v2\/pages\/973\/revisions"}],"predecessor-version":[{"id":974,"href":"https:\/\/www.be-cool.nl\/it\/wp-json\/wp\/v2\/pages\/973\/revisions\/974"}],"wp:attachment":[{"href":"https:\/\/www.be-cool.nl\/it\/wp-json\/wp\/v2\/media?parent=973"}],"curies":[{"name":"wp","href":"https:\/\/api.w.org\/{rel}","templated":true}]}}