{"id":983,"date":"2022-02-21T11:37:59","date_gmt":"2022-02-21T10:37:59","guid":{"rendered":"https:\/\/www.be-cool.nl\/?page_id=983"},"modified":"2022-03-03T10:57:54","modified_gmt":"2022-03-03T09:57:54","slug":"sistemi-di-raffreddamento-mobili","status":"publish","type":"page","link":"https:\/\/www.be-cool.nl\/it\/sistemi-di-raffreddamento-mobili\/","title":{"rendered":"Sistemi di raffreddamento mobili"},"content":{"rendered":"<h2>Sistemi di raffreddamento mobile Be-Cool<\/h2>\n<p>Vuoi che i sistemi mobili di raffreddamento dell&#8217;aria raffreddno gli spazi nei tuoi locali? Scopri l&#8217;ampia gamma di sistemi di raffreddamento di Be-Cool. I sistemi sono del marchio Portacool e sono noti per la loro eccellente qualit\u00e0. Compri un refrigeratore d&#8217;aria da noi? Poi si pu\u00f2 contare su un bel servizio. Se hai bisogno di aiuto nella scelta del sistema giusto, siamo felici di darti consigli su misura.  <\/p>\n<h3>Approfitta dei nostri refrigeratori mobili<\/h3>\n<p>I sistemi di raffreddamento mobile Be-Cool sono dotati di un sistema di raffreddamento evaporativo unico. Si nota l&#8217;effetto del raffreddamento evaporativo quando si immerge il dito in un bicchiere d&#8217;acqua e soffiare passato. Si sente quindi la freddezza causata dall&#8217;evaporazione. Grandi spazi vengono raffreddati in modo efficiente dal punto di vista energetico con questo sistema. Raffreddamento con questi refrigeratori d&#8217;aria \u00e8 molto pi\u00f9 economico che con refrigeratori regolari. Il dispositivo non \u00e8 solo buono per il portafoglio, ma anche meglio per l&#8217;ambiente.  <\/p>\n<h3>Come funzionano i sistemi portacool mobili?<\/h3>\n<p>Come funzionano i sistemi di raffreddamento mobile di Portacool? I sistemi mobili di raffreddamento dell&#8217;aria utilizzano i cuscinetti brevettati di K&#8217;l per estrarre calore dall&#8217;aria. Le pastiglie sono fatte di carta appositamente compressa e contengono piccoli canali. La pompa dell&#8217;acqua nei sistemi mobili pompa l&#8217;acqua attraverso i canali delle pastiglie. Le pastiglie sono tenute uniformemente bagnate. Poi l&#8217;aria calda viene soffiata lungo le pastiglie. L&#8217;acqua nelle pastiglie evapora, creando l&#8217;aria fredda. Infine, l&#8217;aria fredda nella vostra stanza \u00e8 potentemente soffiato fuori. Con l&#8217;aiuto dei cuscinetti di K\u00e0l, l&#8217;aria calda viene raffreddata da un ulteriore 20%. I cuscinetti sono anche in grado di filtrare gli inquinanti dall&#8217;aria. Quale dispositivo di raffreddamento dell&#8217;aria scegli? Avvicinati a noi e ti aiuteremo a scegliere il dispositivo di raffreddamento giusto.  <\/p>\n<h3>Le caratteristiche dei sistemi di raffreddamento<\/h3>\n<p>Scegli i nostri sistemi mobili di raffreddamento dell&#8217;aria? Quindi si trarranno vantaggio dai seguenti vantaggi:<\/p>\n<ul>\n<li>Basso<\/li>\n<li>Ecologico<\/li>\n<li>Praticamente senza manutenzione<\/li>\n<li>Nessun costo di installazione<\/li>\n<li>Facile da spostare<\/li>\n<li>Fornitura di acqua tramite un tubo da giardino o riempimento<\/li>\n<li>Alloggiamento durevole del polietilene cast<\/li>\n<li>Ideale per spazi di lavoro ad alto spazio<\/li>\n<\/ul>\n<h3>Avvicinati a noi per i sistemi di raffreddamento<\/h3>\n<p>Avete bisogno di sistemi di raffreddamento mobili? Vi preghiamo di <a href=\"tel:0152002116\">contattarci al numero 015-2002116<\/a>. Puoi inviare <a href=mailto:info@be-cool.nl> un&#8217;e-info@be-cool.nl o lascerai un messaggio nel nostro modulo di contatto <\/a> online. Vorremmo informarvi ulteriormente sui nostri sistemi di raffreddamento ad aria mobile.  <\/p>\n","protected":false},"excerpt":{"rendered":"<p>Sistemi di raffreddamento mobile Be-Cool Vuoi che i sistemi mobili di raffreddamento dell&#8217;aria raffreddno gli spazi nei tuoi locali? Scopri l&#8217;ampia gamma di sistemi di<a class=\"moretag\" href=\"https:\/\/www.be-cool.nl\/it\/sistemi-di-raffreddamento-mobili\/\">&#8230;<\/a><\/p>\n","protected":false},"author":1,"featured_media":0,"parent":0,"menu_order":0,"comment_status":"closed","ping_status":"closed","template":"","meta":{"_glsr_average":0,"_glsr_ranking":0,"_glsr_reviews":0,"footnotes":""},"class_list":["post-983","page","type-page","status-publish","hentry"],"yoast_head":"<!-- This site is optimized with the Yoast SEO plugin v27.5 - https:\/\/yoast.com\/product\/yoast-seo-wordpress\/ -->\n<title>Sistemi di raffreddamento mobili - Be-Cool<\/title>\n<meta name=\"robots\" content=\"index, follow, max-snippet:-1, max-image-preview:large, max-video-preview:-1\" \/>\n<link rel=\"canonical\" href=\"https:\/\/www.be-cool.nl\/it\/sistemi-di-raffreddamento-mobili\/\" \/>\n<meta property=\"og:locale\" content=\"it_IT\" \/>\n<meta property=\"og:type\" content=\"article\" \/>\n<meta property=\"og:title\" content=\"Sistemi di raffreddamento mobili - Be-Cool\" \/>\n<meta property=\"og:description\" content=\"Sistemi di raffreddamento mobile Be-Cool Vuoi che i sistemi mobili di raffreddamento dell&#8217;aria raffreddno gli spazi nei tuoi locali? Scopri l&#8217;ampia gamma di sistemi di...\" \/>\n<meta property=\"og:url\" content=\"https:\/\/www.be-cool.nl\/it\/sistemi-di-raffreddamento-mobili\/\" \/>\n<meta property=\"og:site_name\" content=\"Be-Cool\" \/>\n<meta property=\"article:modified_time\" content=\"2022-03-03T09:57:54+00:00\" \/>\n<meta name=\"twitter:card\" content=\"summary_large_image\" \/>\n<meta name=\"twitter:label1\" content=\"Tempo di lettura stimato\" \/>\n\t<meta name=\"twitter:data1\" content=\"2 minuti\" \/>\n<script type=\"application\/ld+json\" class=\"yoast-schema-graph\">{\"@context\":\"https:\\\/\\\/schema.org\",\"@graph\":[{\"@type\":\"WebPage\",\"@id\":\"https:\\\/\\\/www.be-cool.nl\\\/it\\\/sistemi-di-raffreddamento-mobili\\\/\",\"url\":\"https:\\\/\\\/www.be-cool.nl\\\/it\\\/sistemi-di-raffreddamento-mobili\\\/\",\"name\":\"Sistemi di raffreddamento mobili - Be-Cool\",\"isPartOf\":{\"@id\":\"https:\\\/\\\/www.be-cool.nl\\\/it\\\/#website\"},\"datePublished\":\"2022-02-21T10:37:59+00:00\",\"dateModified\":\"2022-03-03T09:57:54+00:00\",\"breadcrumb\":{\"@id\":\"https:\\\/\\\/www.be-cool.nl\\\/it\\\/sistemi-di-raffreddamento-mobili\\\/#breadcrumb\"},\"inLanguage\":\"it-IT\",\"potentialAction\":[{\"@type\":\"ReadAction\",\"target\":[\"https:\\\/\\\/www.be-cool.nl\\\/it\\\/sistemi-di-raffreddamento-mobili\\\/\"]}]},{\"@type\":\"BreadcrumbList\",\"@id\":\"https:\\\/\\\/www.be-cool.nl\\\/it\\\/sistemi-di-raffreddamento-mobili\\\/#breadcrumb\",\"itemListElement\":[{\"@type\":\"ListItem\",\"position\":1,\"name\":\"Home\",\"item\":\"https:\\\/\\\/www.be-cool.nl\\\/it\\\/\"},{\"@type\":\"ListItem\",\"position\":2,\"name\":\"Sistemi di raffreddamento mobili\"}]},{\"@type\":\"WebSite\",\"@id\":\"https:\\\/\\\/www.be-cool.nl\\\/it\\\/#website\",\"url\":\"https:\\\/\\\/www.be-cool.nl\\\/it\\\/\",\"name\":\"Be-Cool\",\"description\":\"\",\"publisher\":{\"@id\":\"https:\\\/\\\/www.be-cool.nl\\\/it\\\/#organization\"},\"potentialAction\":[{\"@type\":\"SearchAction\",\"target\":{\"@type\":\"EntryPoint\",\"urlTemplate\":\"https:\\\/\\\/www.be-cool.nl\\\/it\\\/?s={search_term_string}\"},\"query-input\":{\"@type\":\"PropertyValueSpecification\",\"valueRequired\":true,\"valueName\":\"search_term_string\"}}],\"inLanguage\":\"it-IT\"},{\"@type\":\"Organization\",\"@id\":\"https:\\\/\\\/www.be-cool.nl\\\/it\\\/#organization\",\"name\":\"Be-Cool\",\"url\":\"https:\\\/\\\/www.be-cool.nl\\\/it\\\/\",\"logo\":{\"@type\":\"ImageObject\",\"inLanguage\":\"it-IT\",\"@id\":\"https:\\\/\\\/www.be-cool.nl\\\/it\\\/#\\\/schema\\\/logo\\\/image\\\/\",\"url\":\"https:\\\/\\\/www.be-cool.nl\\\/wp-content\\\/uploads\\\/Be-cool_Logo.png\",\"contentUrl\":\"https:\\\/\\\/www.be-cool.nl\\\/wp-content\\\/uploads\\\/Be-cool_Logo.png\",\"width\":426,\"height\":142,\"caption\":\"Be-Cool\"},\"image\":{\"@id\":\"https:\\\/\\\/www.be-cool.nl\\\/it\\\/#\\\/schema\\\/logo\\\/image\\\/\"}}]}<\/script>\n<!-- \/ Yoast SEO plugin. -->","yoast_head_json":{"title":"Sistemi di raffreddamento mobili - Be-Cool","robots":{"index":"index","follow":"follow","max-snippet":"max-snippet:-1","max-image-preview":"max-image-preview:large","max-video-preview":"max-video-preview:-1"},"canonical":"https:\/\/www.be-cool.nl\/it\/sistemi-di-raffreddamento-mobili\/","og_locale":"it_IT","og_type":"article","og_title":"Sistemi di raffreddamento mobili - Be-Cool","og_description":"Sistemi di raffreddamento mobile Be-Cool Vuoi che i sistemi mobili di raffreddamento dell&#8217;aria raffreddno gli spazi nei tuoi locali? Scopri l&#8217;ampia gamma di sistemi di...","og_url":"https:\/\/www.be-cool.nl\/it\/sistemi-di-raffreddamento-mobili\/","og_site_name":"Be-Cool","article_modified_time":"2022-03-03T09:57:54+00:00","twitter_card":"summary_large_image","twitter_misc":{"Tempo di lettura stimato":"2 minuti"},"schema":{"@context":"https:\/\/schema.org","@graph":[{"@type":"WebPage","@id":"https:\/\/www.be-cool.nl\/it\/sistemi-di-raffreddamento-mobili\/","url":"https:\/\/www.be-cool.nl\/it\/sistemi-di-raffreddamento-mobili\/","name":"Sistemi di raffreddamento mobili - Be-Cool","isPartOf":{"@id":"https:\/\/www.be-cool.nl\/it\/#website"},"datePublished":"2022-02-21T10:37:59+00:00","dateModified":"2022-03-03T09:57:54+00:00","breadcrumb":{"@id":"https:\/\/www.be-cool.nl\/it\/sistemi-di-raffreddamento-mobili\/#breadcrumb"},"inLanguage":"it-IT","potentialAction":[{"@type":"ReadAction","target":["https:\/\/www.be-cool.nl\/it\/sistemi-di-raffreddamento-mobili\/"]}]},{"@type":"BreadcrumbList","@id":"https:\/\/www.be-cool.nl\/it\/sistemi-di-raffreddamento-mobili\/#breadcrumb","itemListElement":[{"@type":"ListItem","position":1,"name":"Home","item":"https:\/\/www.be-cool.nl\/it\/"},{"@type":"ListItem","position":2,"name":"Sistemi di raffreddamento mobili"}]},{"@type":"WebSite","@id":"https:\/\/www.be-cool.nl\/it\/#website","url":"https:\/\/www.be-cool.nl\/it\/","name":"Be-Cool","description":"","publisher":{"@id":"https:\/\/www.be-cool.nl\/it\/#organization"},"potentialAction":[{"@type":"SearchAction","target":{"@type":"EntryPoint","urlTemplate":"https:\/\/www.be-cool.nl\/it\/?s={search_term_string}"},"query-input":{"@type":"PropertyValueSpecification","valueRequired":true,"valueName":"search_term_string"}}],"inLanguage":"it-IT"},{"@type":"Organization","@id":"https:\/\/www.be-cool.nl\/it\/#organization","name":"Be-Cool","url":"https:\/\/www.be-cool.nl\/it\/","logo":{"@type":"ImageObject","inLanguage":"it-IT","@id":"https:\/\/www.be-cool.nl\/it\/#\/schema\/logo\/image\/","url":"https:\/\/www.be-cool.nl\/wp-content\/uploads\/Be-cool_Logo.png","contentUrl":"https:\/\/www.be-cool.nl\/wp-content\/uploads\/Be-cool_Logo.png","width":426,"height":142,"caption":"Be-Cool"},"image":{"@id":"https:\/\/www.be-cool.nl\/it\/#\/schema\/logo\/image\/"}}]}},"_links":{"self":[{"href":"https:\/\/www.be-cool.nl\/it\/wp-json\/wp\/v2\/pages\/983","targetHints":{"allow":["GET"]}}],"collection":[{"href":"https:\/\/www.be-cool.nl\/it\/wp-json\/wp\/v2\/pages"}],"about":[{"href":"https:\/\/www.be-cool.nl\/it\/wp-json\/wp\/v2\/types\/page"}],"author":[{"embeddable":true,"href":"https:\/\/www.be-cool.nl\/it\/wp-json\/wp\/v2\/users\/1"}],"replies":[{"embeddable":true,"href":"https:\/\/www.be-cool.nl\/it\/wp-json\/wp\/v2\/comments?post=983"}],"version-history":[{"count":1,"href":"https:\/\/www.be-cool.nl\/it\/wp-json\/wp\/v2\/pages\/983\/revisions"}],"predecessor-version":[{"id":984,"href":"https:\/\/www.be-cool.nl\/it\/wp-json\/wp\/v2\/pages\/983\/revisions\/984"}],"wp:attachment":[{"href":"https:\/\/www.be-cool.nl\/it\/wp-json\/wp\/v2\/media?parent=983"}],"curies":[{"name":"wp","href":"https:\/\/api.w.org\/{rel}","templated":true}]}}