{"id":1414,"date":"2022-03-07T12:30:17","date_gmt":"2022-03-07T11:30:17","guid":{"rendered":"https:\/\/www.be-cool.nl\/?post_type=product&#038;p=1414"},"modified":"2022-06-08T08:41:05","modified_gmt":"2022-06-08T06:41:05","slug":"rtv-a300-uv-c-filtro-dellaria","status":"publish","type":"product","link":"https:\/\/www.be-cool.nl\/it\/winkel\/be-cool-serie-it\/rtv-a300-uv-c-filtro-dellaria\/","title":{"rendered":"RTV-A300 UV-C FILTRO DELL&#8217;ARIA"},"content":{"rendered":"<div class=\"wpb-content-wrapper\"><p>[vc_row full_width=&#8221;stretch_row&#8221; css=&#8221;.vc_custom_1644047158141{padding-top: 60px !important;padding-bottom: 60px !important;background-color: rgba(241,241,241,0.6) !important;*background-color: rgb(241,241,241) !important;}&#8221;][vc_column][vc_row_inner equal_height=&#8221;yes&#8221; content_placement=&#8221;middle&#8221;][vc_column_inner width=&#8221;2\/3&#8243;][vc_column_text]<\/p>\n<h3>Specifiche<\/h3>\n<p>L&#8217;unit\u00e0 offre una soluzione a vari problemi nell&#8217;aria: pollini, odori o microrganismi dannosi.<\/p>\n<p>L&#8217;unit\u00e0 ha una capacit\u00e0 unica in combinazione con un prezzo molto interessante. Anni di sviluppo hanno permesso di rendere l&#8217;unit\u00e0 molto compatta e leggera. Ci\u00f2 rende l&#8217;unit\u00e0 facile da spostare e occupa poco spazio.<\/p>\n<p>L&#8217;aria viene fornita da due lati dell&#8217;unit\u00e0. L&#8217;aria aspirata viene quindi fatta passare attraverso un modulo di disinfezione su entrambi i lati. La potente ventola espelle quindi l&#8217;aria pulita nella parte superiore dell&#8217;unit\u00e0 in 4 direzioni.[\/vc_column_text][vc_btn title=&#8221;Klik hier voor de presentatie&#8221; style=&#8221;custom&#8221; custom_background=&#8221;#0db42d&#8221; custom_text=&#8221;#ffffff&#8221; size=&#8221;lg&#8221; link=&#8221;url:%2Fwp-content%2Fuploads%2FBe-cool-Presentatie-ventilatie-luchtdesinfectie-2.pdf|target:_blank&#8221;][\/vc_column_inner][vc_column_inner width=&#8221;1\/3&#8243;][vc_single_image image=&#8221;1255&#8243; img_size=&#8221;full&#8221;][\/vc_column_inner][\/vc_row_inner][\/vc_column][\/vc_row][vc_row full_width=&#8221;stretch_row&#8221; el_class=&#8221;center black-bg&#8221; css=&#8221;.vc_custom_1644050982268{padding-bottom: 20px !important;background-color: #000000 !important;}&#8221;][vc_column][vc_column_text]<\/p>\n<h2>\nCurioso delle possibilit\u00e0?<\/h2>\n<p>[\/vc_column_text][vc_btn title=&#8221;015 \u2013 200 2116&#8243; style=&#8221;custom&#8221; custom_background=&#8221;&#8221; custom_text=&#8221;&#8221; i_icon_fontawesome=&#8221;fas fa-phone-alt&#8221; add_icon=&#8221;true&#8221; link=&#8221;url:tel%3A015%E2%80%932002116&#8243; el_class=&#8221;green-btn&#8221;][vc_btn title=&#8221;info@be-cool.nl&#8221; style=&#8221;custom&#8221; custom_background=&#8221;&#8221; custom_text=&#8221;&#8221; i_icon_fontawesome=&#8221;fas fa-envelope&#8221; add_icon=&#8221;true&#8221; link=&#8221;url:mailto%3Ainfo%40be-cool.nl&#8221; el_class=&#8221;border-green-btn&#8221;][\/vc_column][\/vc_row][vc_row full_width=&#8221;stretch_row&#8221; css=&#8221;.vc_custom_1644049437861{padding-top: 40px !important;padding-bottom: 40px !important;}&#8221;][vc_column offset=&#8221;vc_hidden-lg vc_hidden-md vc_hidden-sm vc_hidden-xs&#8221;][vc_row_inner][vc_column_inner][vc_column_text]<\/p>\n<h3>Kenmerken<\/h3>\n<ul class=\"check-icon\">\n<li>Deze effici\u00ebnte adiabatische koeler maakt gebruik van ongeveer dezelfde versterkers als een standaard stofzuiger<\/li>\n<li>Subsidie mogelijkheden<\/li>\n<li>Grotere afvoer zorgt voor eenvoudig en effectief onderhoud<\/li>\n<li>Uitgerust met Comfort verdamping K\u00fc\u00fcl pads , de hoogste kwaliteit K\u00fc\u00fcl pads beschikbaar en is gemaakt in de VS exclusief voor Port A Cool producten.<\/li>\n<li>Water indicator met automatische pomp uitschakeling beschermt uw product.<\/li>\n<li>Levenslange garantie op de omhulsel van de verdampingskoeler tegen fabrieksfouten en drie jaar garantie op alle elektrische componenten<\/li>\n<\/ul>\n<p>[\/vc_column_text][\/vc_column_inner][\/vc_row_inner][\/vc_column][\/vc_row]<\/p>\n<\/div>","protected":false},"excerpt":{"rendered":"<p>L&#8217;RTV-A300 \u00e8 un&#8217;unit\u00e0 mobile di disinfezione dell&#8217;aria di alta qualit\u00e0 per ambienti fino a circa 400 metri quadrati (1200 M3). L&#8217;RTV-A300 \u00e8 stato progettato e sviluppato nei Paesi Bassi ed \u00e8 prodotto nei Paesi Bassi.<\/p>\n","protected":false},"featured_media":1271,"template":"","meta":{"_glsr_average":0,"_glsr_ranking":0,"_glsr_reviews":0},"product_brand":[],"product_cat":[111],"product_tag":[],"class_list":{"0":"post-1414","1":"product","2":"type-product","3":"status-publish","4":"has-post-thumbnail","6":"product_cat-be-cool-serie-it","8":"first","9":"instock","10":"shipping-taxable","11":"product-type-simple"},"yoast_head":"<!-- This site is optimized with the Yoast SEO plugin v27.4 - https:\/\/yoast.com\/product\/yoast-seo-wordpress\/ -->\n<title>RTV-A300 UV-C FILTRO DELL&#039;ARIA - Be-Cool<\/title>\n<meta name=\"robots\" content=\"index, follow, max-snippet:-1, max-image-preview:large, max-video-preview:-1\" \/>\n<link rel=\"canonical\" href=\"https:\/\/www.be-cool.nl\/it\/winkel\/be-cool-serie-it\/rtv-a300-uv-c-filtro-dellaria\/\" \/>\n<meta property=\"og:locale\" content=\"it_IT\" \/>\n<meta property=\"og:type\" content=\"article\" \/>\n<meta property=\"og:title\" content=\"RTV-A300 UV-C FILTRO DELL&#039;ARIA - Be-Cool\" \/>\n<meta property=\"og:description\" content=\"L&#039;RTV-A300 \u00e8 un&#039;unit\u00e0 mobile di disinfezione dell&#039;aria di alta qualit\u00e0 per ambienti fino a circa 400 metri quadrati (1200 M3). L&#039;RTV-A300 \u00e8 stato progettato e sviluppato nei Paesi Bassi ed \u00e8 prodotto nei Paesi Bassi.\" \/>\n<meta property=\"og:url\" content=\"https:\/\/www.be-cool.nl\/it\/winkel\/be-cool-serie-it\/rtv-a300-uv-c-filtro-dellaria\/\" \/>\n<meta property=\"og:site_name\" content=\"Be-Cool\" \/>\n<meta property=\"article:modified_time\" content=\"2022-06-08T06:41:05+00:00\" \/>\n<meta property=\"og:image\" content=\"https:\/\/www.be-cool.nl\/wp-content\/uploads\/RTV-A300-UV-C-LUCHTREINIGER_1024x1024.jpg\" \/>\n\t<meta property=\"og:image:width\" content=\"1024\" \/>\n\t<meta property=\"og:image:height\" content=\"1024\" \/>\n\t<meta property=\"og:image:type\" content=\"image\/jpeg\" \/>\n<meta name=\"twitter:card\" content=\"summary_large_image\" \/>\n<meta name=\"twitter:label1\" content=\"Tempo di lettura stimato\" \/>\n\t<meta name=\"twitter:data1\" content=\"2 minuti\" \/>\n<script type=\"application\/ld+json\" class=\"yoast-schema-graph\">{\"@context\":\"https:\\\/\\\/schema.org\",\"@graph\":[{\"@type\":\"WebPage\",\"@id\":\"https:\\\/\\\/www.be-cool.nl\\\/it\\\/winkel\\\/be-cool-serie-it\\\/rtv-a300-uv-c-filtro-dellaria\\\/\",\"url\":\"https:\\\/\\\/www.be-cool.nl\\\/it\\\/winkel\\\/be-cool-serie-it\\\/rtv-a300-uv-c-filtro-dellaria\\\/\",\"name\":\"RTV-A300 UV-C FILTRO DELL'ARIA - Be-Cool\",\"isPartOf\":{\"@id\":\"https:\\\/\\\/www.be-cool.nl\\\/it\\\/#website\"},\"primaryImageOfPage\":{\"@id\":\"https:\\\/\\\/www.be-cool.nl\\\/it\\\/winkel\\\/be-cool-serie-it\\\/rtv-a300-uv-c-filtro-dellaria\\\/#primaryimage\"},\"image\":{\"@id\":\"https:\\\/\\\/www.be-cool.nl\\\/it\\\/winkel\\\/be-cool-serie-it\\\/rtv-a300-uv-c-filtro-dellaria\\\/#primaryimage\"},\"thumbnailUrl\":\"https:\\\/\\\/www.be-cool.nl\\\/wp-content\\\/uploads\\\/RTV-A300-UV-C-LUCHTREINIGER_1024x1024.jpg\",\"datePublished\":\"2022-03-07T11:30:17+00:00\",\"dateModified\":\"2022-06-08T06:41:05+00:00\",\"breadcrumb\":{\"@id\":\"https:\\\/\\\/www.be-cool.nl\\\/it\\\/winkel\\\/be-cool-serie-it\\\/rtv-a300-uv-c-filtro-dellaria\\\/#breadcrumb\"},\"inLanguage\":\"it-IT\",\"potentialAction\":[{\"@type\":\"ReadAction\",\"target\":[\"https:\\\/\\\/www.be-cool.nl\\\/it\\\/winkel\\\/be-cool-serie-it\\\/rtv-a300-uv-c-filtro-dellaria\\\/\"]}]},{\"@type\":\"ImageObject\",\"inLanguage\":\"it-IT\",\"@id\":\"https:\\\/\\\/www.be-cool.nl\\\/it\\\/winkel\\\/be-cool-serie-it\\\/rtv-a300-uv-c-filtro-dellaria\\\/#primaryimage\",\"url\":\"https:\\\/\\\/www.be-cool.nl\\\/wp-content\\\/uploads\\\/RTV-A300-UV-C-LUCHTREINIGER_1024x1024.jpg\",\"contentUrl\":\"https:\\\/\\\/www.be-cool.nl\\\/wp-content\\\/uploads\\\/RTV-A300-UV-C-LUCHTREINIGER_1024x1024.jpg\",\"width\":1024,\"height\":1024},{\"@type\":\"BreadcrumbList\",\"@id\":\"https:\\\/\\\/www.be-cool.nl\\\/it\\\/winkel\\\/be-cool-serie-it\\\/rtv-a300-uv-c-filtro-dellaria\\\/#breadcrumb\",\"itemListElement\":[{\"@type\":\"ListItem\",\"position\":1,\"name\":\"Home\",\"item\":\"https:\\\/\\\/www.be-cool.nl\\\/it\\\/\"},{\"@type\":\"ListItem\",\"position\":2,\"name\":\"Producten\",\"item\":\"https:\\\/\\\/www.be-cool.nl\\\/producten\\\/\"},{\"@type\":\"ListItem\",\"position\":3,\"name\":\"RTV-A300 UV-C FILTRO DELL&#8217;ARIA\"}]},{\"@type\":\"WebSite\",\"@id\":\"https:\\\/\\\/www.be-cool.nl\\\/it\\\/#website\",\"url\":\"https:\\\/\\\/www.be-cool.nl\\\/it\\\/\",\"name\":\"Be-Cool\",\"description\":\"\",\"publisher\":{\"@id\":\"https:\\\/\\\/www.be-cool.nl\\\/it\\\/#organization\"},\"potentialAction\":[{\"@type\":\"SearchAction\",\"target\":{\"@type\":\"EntryPoint\",\"urlTemplate\":\"https:\\\/\\\/www.be-cool.nl\\\/it\\\/?s={search_term_string}\"},\"query-input\":{\"@type\":\"PropertyValueSpecification\",\"valueRequired\":true,\"valueName\":\"search_term_string\"}}],\"inLanguage\":\"it-IT\"},{\"@type\":\"Organization\",\"@id\":\"https:\\\/\\\/www.be-cool.nl\\\/it\\\/#organization\",\"name\":\"Be-Cool\",\"url\":\"https:\\\/\\\/www.be-cool.nl\\\/it\\\/\",\"logo\":{\"@type\":\"ImageObject\",\"inLanguage\":\"it-IT\",\"@id\":\"https:\\\/\\\/www.be-cool.nl\\\/it\\\/#\\\/schema\\\/logo\\\/image\\\/\",\"url\":\"https:\\\/\\\/www.be-cool.nl\\\/wp-content\\\/uploads\\\/Be-cool_Logo.png\",\"contentUrl\":\"https:\\\/\\\/www.be-cool.nl\\\/wp-content\\\/uploads\\\/Be-cool_Logo.png\",\"width\":426,\"height\":142,\"caption\":\"Be-Cool\"},\"image\":{\"@id\":\"https:\\\/\\\/www.be-cool.nl\\\/it\\\/#\\\/schema\\\/logo\\\/image\\\/\"}}]}<\/script>\n<!-- \/ Yoast SEO plugin. -->","yoast_head_json":{"title":"RTV-A300 UV-C FILTRO DELL'ARIA - Be-Cool","robots":{"index":"index","follow":"follow","max-snippet":"max-snippet:-1","max-image-preview":"max-image-preview:large","max-video-preview":"max-video-preview:-1"},"canonical":"https:\/\/www.be-cool.nl\/it\/winkel\/be-cool-serie-it\/rtv-a300-uv-c-filtro-dellaria\/","og_locale":"it_IT","og_type":"article","og_title":"RTV-A300 UV-C FILTRO DELL'ARIA - Be-Cool","og_description":"L'RTV-A300 \u00e8 un'unit\u00e0 mobile di disinfezione dell'aria di alta qualit\u00e0 per ambienti fino a circa 400 metri quadrati (1200 M3). L'RTV-A300 \u00e8 stato progettato e sviluppato nei Paesi Bassi ed \u00e8 prodotto nei Paesi Bassi.","og_url":"https:\/\/www.be-cool.nl\/it\/winkel\/be-cool-serie-it\/rtv-a300-uv-c-filtro-dellaria\/","og_site_name":"Be-Cool","article_modified_time":"2022-06-08T06:41:05+00:00","og_image":[{"width":1024,"height":1024,"url":"https:\/\/www.be-cool.nl\/wp-content\/uploads\/RTV-A300-UV-C-LUCHTREINIGER_1024x1024.jpg","type":"image\/jpeg"}],"twitter_card":"summary_large_image","twitter_misc":{"Tempo di lettura stimato":"2 minuti"},"schema":{"@context":"https:\/\/schema.org","@graph":[{"@type":"WebPage","@id":"https:\/\/www.be-cool.nl\/it\/winkel\/be-cool-serie-it\/rtv-a300-uv-c-filtro-dellaria\/","url":"https:\/\/www.be-cool.nl\/it\/winkel\/be-cool-serie-it\/rtv-a300-uv-c-filtro-dellaria\/","name":"RTV-A300 UV-C FILTRO DELL'ARIA - Be-Cool","isPartOf":{"@id":"https:\/\/www.be-cool.nl\/it\/#website"},"primaryImageOfPage":{"@id":"https:\/\/www.be-cool.nl\/it\/winkel\/be-cool-serie-it\/rtv-a300-uv-c-filtro-dellaria\/#primaryimage"},"image":{"@id":"https:\/\/www.be-cool.nl\/it\/winkel\/be-cool-serie-it\/rtv-a300-uv-c-filtro-dellaria\/#primaryimage"},"thumbnailUrl":"https:\/\/www.be-cool.nl\/wp-content\/uploads\/RTV-A300-UV-C-LUCHTREINIGER_1024x1024.jpg","datePublished":"2022-03-07T11:30:17+00:00","dateModified":"2022-06-08T06:41:05+00:00","breadcrumb":{"@id":"https:\/\/www.be-cool.nl\/it\/winkel\/be-cool-serie-it\/rtv-a300-uv-c-filtro-dellaria\/#breadcrumb"},"inLanguage":"it-IT","potentialAction":[{"@type":"ReadAction","target":["https:\/\/www.be-cool.nl\/it\/winkel\/be-cool-serie-it\/rtv-a300-uv-c-filtro-dellaria\/"]}]},{"@type":"ImageObject","inLanguage":"it-IT","@id":"https:\/\/www.be-cool.nl\/it\/winkel\/be-cool-serie-it\/rtv-a300-uv-c-filtro-dellaria\/#primaryimage","url":"https:\/\/www.be-cool.nl\/wp-content\/uploads\/RTV-A300-UV-C-LUCHTREINIGER_1024x1024.jpg","contentUrl":"https:\/\/www.be-cool.nl\/wp-content\/uploads\/RTV-A300-UV-C-LUCHTREINIGER_1024x1024.jpg","width":1024,"height":1024},{"@type":"BreadcrumbList","@id":"https:\/\/www.be-cool.nl\/it\/winkel\/be-cool-serie-it\/rtv-a300-uv-c-filtro-dellaria\/#breadcrumb","itemListElement":[{"@type":"ListItem","position":1,"name":"Home","item":"https:\/\/www.be-cool.nl\/it\/"},{"@type":"ListItem","position":2,"name":"Producten","item":"https:\/\/www.be-cool.nl\/producten\/"},{"@type":"ListItem","position":3,"name":"RTV-A300 UV-C FILTRO DELL&#8217;ARIA"}]},{"@type":"WebSite","@id":"https:\/\/www.be-cool.nl\/it\/#website","url":"https:\/\/www.be-cool.nl\/it\/","name":"Be-Cool","description":"","publisher":{"@id":"https:\/\/www.be-cool.nl\/it\/#organization"},"potentialAction":[{"@type":"SearchAction","target":{"@type":"EntryPoint","urlTemplate":"https:\/\/www.be-cool.nl\/it\/?s={search_term_string}"},"query-input":{"@type":"PropertyValueSpecification","valueRequired":true,"valueName":"search_term_string"}}],"inLanguage":"it-IT"},{"@type":"Organization","@id":"https:\/\/www.be-cool.nl\/it\/#organization","name":"Be-Cool","url":"https:\/\/www.be-cool.nl\/it\/","logo":{"@type":"ImageObject","inLanguage":"it-IT","@id":"https:\/\/www.be-cool.nl\/it\/#\/schema\/logo\/image\/","url":"https:\/\/www.be-cool.nl\/wp-content\/uploads\/Be-cool_Logo.png","contentUrl":"https:\/\/www.be-cool.nl\/wp-content\/uploads\/Be-cool_Logo.png","width":426,"height":142,"caption":"Be-Cool"},"image":{"@id":"https:\/\/www.be-cool.nl\/it\/#\/schema\/logo\/image\/"}}]}},"_links":{"self":[{"href":"https:\/\/www.be-cool.nl\/it\/wp-json\/wp\/v2\/product\/1414","targetHints":{"allow":["GET"]}}],"collection":[{"href":"https:\/\/www.be-cool.nl\/it\/wp-json\/wp\/v2\/product"}],"about":[{"href":"https:\/\/www.be-cool.nl\/it\/wp-json\/wp\/v2\/types\/product"}],"wp:featuredmedia":[{"embeddable":true,"href":"https:\/\/www.be-cool.nl\/it\/wp-json\/wp\/v2\/media\/1271"}],"wp:attachment":[{"href":"https:\/\/www.be-cool.nl\/it\/wp-json\/wp\/v2\/media?parent=1414"}],"wp:term":[{"taxonomy":"product_brand","embeddable":true,"href":"https:\/\/www.be-cool.nl\/it\/wp-json\/wp\/v2\/product_brand?post=1414"},{"taxonomy":"product_cat","embeddable":true,"href":"https:\/\/www.be-cool.nl\/it\/wp-json\/wp\/v2\/product_cat?post=1414"},{"taxonomy":"product_tag","embeddable":true,"href":"https:\/\/www.be-cool.nl\/it\/wp-json\/wp\/v2\/product_tag?post=1414"}],"curies":[{"name":"wp","href":"https:\/\/api.w.org\/{rel}","templated":true}]}}