{"id":1458,"date":"2022-03-07T12:03:57","date_gmt":"2022-03-07T11:03:57","guid":{"rendered":"https:\/\/www.be-cool.nl\/?post_type=product&#038;p=1458"},"modified":"2022-06-08T08:41:07","modified_gmt":"2022-06-08T06:41:07","slug":"jetstream-240","status":"publish","type":"product","link":"https:\/\/www.be-cool.nl\/it\/winkel\/be-cool-jetstream-it\/jetstream-240\/","title":{"rendered":"Jetstream 240"},"content":{"rendered":"<div class=\"wpb-content-wrapper\"><p>[vc_row full_width=&#8221;stretch_row&#8221; css=&#8221;.vc_custom_1644047158141{padding-top: 60px !important;padding-bottom: 60px !important;background-color: rgba(241,241,241,0.6) !important;*background-color: rgb(241,241,241) !important;}&#8221;][vc_column][vc_row_inner equal_height=&#8221;yes&#8221; content_placement=&#8221;middle&#8221;][vc_column_inner width=&#8221;1\/2&#8243;][vc_column_text]<\/p>\n<h3>Specifiche<\/h3>\n<ul class=\"check-icon\">\n<li>Portata d&#8217;aria: 7.645 m3\/h<\/li>\n<li>Serbatoio dell&#8217;acqua: 189 L<\/li>\n<li>Dimensioni: 155 H x 107 L x 62 P cm<\/li>\n<li>Peso: 69 kg<\/li>\n<li>Capacit\u00e0 di raffreddamento: 104 m2<\/li>\n<li>Consumo energetico: 550 Watt<\/li>\n<li>Opzioni di sussidio<\/li>\n<li>Variabile di impostazione della velocit\u00e0<\/li>\n<li>Garanzia: 3 anni<\/li>\n<\/ul>\n<p>[\/vc_column_text][\/vc_column_inner][vc_column_inner width=&#8221;1\/2&#8243;][vc_video link=&#8221;https:\/\/www.youtube.com\/watch?v=EcHbHU6LMHg&#8221;][\/vc_column_inner][\/vc_row_inner][\/vc_column][\/vc_row][vc_row full_width=&#8221;stretch_row&#8221; el_class=&#8221;center black-bg&#8221; css=&#8221;.vc_custom_1644050982268{padding-bottom: 20px !important;background-color: #000000 !important;}&#8221;][vc_column][vc_column_text]<\/p>\n<h2>Curiosit\u00e0 delle possibilit\u00e0?<\/h2>\n<p>[\/vc_column_text][vc_btn title=&#8221;015 \u2013 200 2116&#8243; style=&#8221;custom&#8221; custom_background=&#8221;&#8221; custom_text=&#8221;&#8221; i_icon_fontawesome=&#8221;fas fa-phone-alt&#8221; add_icon=&#8221;true&#8221; link=&#8221;url:tel%3A015%E2%80%932002116&#8243; el_class=&#8221;green-btn&#8221;][vc_btn title=&#8221;info@be-cool.nl&#8221; style=&#8221;custom&#8221; custom_background=&#8221;&#8221; custom_text=&#8221;&#8221; i_icon_fontawesome=&#8221;fas fa-envelope&#8221; add_icon=&#8221;true&#8221; link=&#8221;url:mailto%3Ainfo%40be-cool.nl&#8221; el_class=&#8221;border-green-btn&#8221;][\/vc_column][\/vc_row][vc_row full_width=&#8221;stretch_row&#8221; css=&#8221;.vc_custom_1644049437861{padding-top: 40px !important;padding-bottom: 40px !important;}&#8221;][vc_column][vc_row_inner][vc_column_inner][vc_column_text]<\/p>\n<h3>Caratteristiche<\/h3>\n<ul class=\"check-icon\">\n<li>Questa soluzione di raffreddamento a risparmio energetico utilizza meno energia rispetto a un tostapane domestico standard.<\/li>\n<li>Lo scarico pi\u00f9 grande consente una manutenzione facile ed efficace<\/li>\n<li>Dotato di pastiglie K\u00fc\u00fcl Comfort Evaporation, pastiglie K\u00fc\u00fcl di altissima qualit\u00e0 disponibile ed \u00e8 prodotto negli Stati Uniti esclusivamente per i prodotti Port A Cool.<\/li>\n<li>L&#8217;indicatore dell&#8217;acqua con spegnimento automatico della pompa protegge il tuo prodotto.<\/li>\n<li>Garanzia a vita sull&#8217;alloggiamento del raffreddatore evaporativo contro i difetti di fabbricazione e tre anni di garanzia su tutti i componenti elettrici<\/li>\n<\/ul>\n<p>[\/vc_column_text][\/vc_column_inner][\/vc_row_inner][\/vc_column][\/vc_row]<\/p>\n<\/div>","protected":false},"excerpt":{"rendered":"<p>Questo frigorifero \u00e8 in affitto<\/p>\n<p>Il Jetstream 240 offre la massima adattabilit\u00e0 per il raffreddamento dove \u00e8 necessario. Con l&#8217;ingombro pi\u00f9 piccolo della serie Jetstream, Jetstream 240 non \u00e8 solo facile da spostare, ma pu\u00f2 adattarsi allo spazio pi\u00f9 piccolo. L&#8217;indicatore del livello dell&#8217;acqua e il pannello di controllo di facile utilizzo rendono il funzionamento semplice per tutti.<\/p>\n","protected":false},"featured_media":1230,"template":"","meta":{"_glsr_average":0,"_glsr_ranking":0,"_glsr_reviews":0},"product_brand":[],"product_cat":[118,100],"product_tag":[],"class_list":{"0":"post-1458","1":"product","2":"type-product","3":"status-publish","4":"has-post-thumbnail","6":"product_cat-affitto","7":"product_cat-be-cool-jetstream-it","9":"first","10":"instock","11":"shipping-taxable","12":"product-type-simple"},"yoast_head":"<!-- This site is optimized with the Yoast SEO plugin v27.5 - https:\/\/yoast.com\/product\/yoast-seo-wordpress\/ -->\n<title>Jetstream 240 - Be-Cool<\/title>\n<meta name=\"robots\" content=\"index, follow, max-snippet:-1, max-image-preview:large, max-video-preview:-1\" \/>\n<link rel=\"canonical\" href=\"https:\/\/www.be-cool.nl\/it\/winkel\/be-cool-jetstream-it\/jetstream-240\/\" \/>\n<meta property=\"og:locale\" content=\"it_IT\" \/>\n<meta property=\"og:type\" content=\"article\" \/>\n<meta property=\"og:title\" content=\"Jetstream 240 - Be-Cool\" \/>\n<meta property=\"og:description\" content=\"Questo frigorifero \u00e8 in affitto  Il Jetstream 240 offre la massima adattabilit\u00e0 per il raffreddamento dove \u00e8 necessario. Con l&#039;ingombro pi\u00f9 piccolo della serie Jetstream, Jetstream 240 non \u00e8 solo facile da spostare, ma pu\u00f2 adattarsi allo spazio pi\u00f9 piccolo. L&#039;indicatore del livello dell&#039;acqua e il pannello di controllo di facile utilizzo rendono il funzionamento semplice per tutti.\" \/>\n<meta property=\"og:url\" content=\"https:\/\/www.be-cool.nl\/it\/winkel\/be-cool-jetstream-it\/jetstream-240\/\" \/>\n<meta property=\"og:site_name\" content=\"Be-Cool\" \/>\n<meta property=\"article:modified_time\" content=\"2022-06-08T06:41:07+00:00\" \/>\n<meta property=\"og:image\" content=\"https:\/\/www.be-cool.nl\/wp-content\/uploads\/Portacool-Jetstream-240-Nederlands-104.jpg\" \/>\n\t<meta property=\"og:image:width\" content=\"800\" \/>\n\t<meta property=\"og:image:height\" content=\"800\" \/>\n\t<meta property=\"og:image:type\" content=\"image\/jpeg\" \/>\n<meta name=\"twitter:card\" content=\"summary_large_image\" \/>\n<meta name=\"twitter:label1\" content=\"Tempo di lettura stimato\" \/>\n\t<meta name=\"twitter:data1\" content=\"2 minuti\" \/>\n<script type=\"application\/ld+json\" class=\"yoast-schema-graph\">{\"@context\":\"https:\\\/\\\/schema.org\",\"@graph\":[{\"@type\":\"WebPage\",\"@id\":\"https:\\\/\\\/www.be-cool.nl\\\/it\\\/winkel\\\/be-cool-jetstream-it\\\/jetstream-240\\\/\",\"url\":\"https:\\\/\\\/www.be-cool.nl\\\/it\\\/winkel\\\/be-cool-jetstream-it\\\/jetstream-240\\\/\",\"name\":\"Jetstream 240 - Be-Cool\",\"isPartOf\":{\"@id\":\"https:\\\/\\\/www.be-cool.nl\\\/it\\\/#website\"},\"primaryImageOfPage\":{\"@id\":\"https:\\\/\\\/www.be-cool.nl\\\/it\\\/winkel\\\/be-cool-jetstream-it\\\/jetstream-240\\\/#primaryimage\"},\"image\":{\"@id\":\"https:\\\/\\\/www.be-cool.nl\\\/it\\\/winkel\\\/be-cool-jetstream-it\\\/jetstream-240\\\/#primaryimage\"},\"thumbnailUrl\":\"https:\\\/\\\/www.be-cool.nl\\\/wp-content\\\/uploads\\\/Portacool-Jetstream-240-Nederlands-104.jpg\",\"datePublished\":\"2022-03-07T11:03:57+00:00\",\"dateModified\":\"2022-06-08T06:41:07+00:00\",\"breadcrumb\":{\"@id\":\"https:\\\/\\\/www.be-cool.nl\\\/it\\\/winkel\\\/be-cool-jetstream-it\\\/jetstream-240\\\/#breadcrumb\"},\"inLanguage\":\"it-IT\",\"potentialAction\":[{\"@type\":\"ReadAction\",\"target\":[\"https:\\\/\\\/www.be-cool.nl\\\/it\\\/winkel\\\/be-cool-jetstream-it\\\/jetstream-240\\\/\"]}]},{\"@type\":\"ImageObject\",\"inLanguage\":\"it-IT\",\"@id\":\"https:\\\/\\\/www.be-cool.nl\\\/it\\\/winkel\\\/be-cool-jetstream-it\\\/jetstream-240\\\/#primaryimage\",\"url\":\"https:\\\/\\\/www.be-cool.nl\\\/wp-content\\\/uploads\\\/Portacool-Jetstream-240-Nederlands-104.jpg\",\"contentUrl\":\"https:\\\/\\\/www.be-cool.nl\\\/wp-content\\\/uploads\\\/Portacool-Jetstream-240-Nederlands-104.jpg\",\"width\":800,\"height\":800},{\"@type\":\"BreadcrumbList\",\"@id\":\"https:\\\/\\\/www.be-cool.nl\\\/it\\\/winkel\\\/be-cool-jetstream-it\\\/jetstream-240\\\/#breadcrumb\",\"itemListElement\":[{\"@type\":\"ListItem\",\"position\":1,\"name\":\"Home\",\"item\":\"https:\\\/\\\/www.be-cool.nl\\\/it\\\/\"},{\"@type\":\"ListItem\",\"position\":2,\"name\":\"Producten\",\"item\":\"https:\\\/\\\/www.be-cool.nl\\\/producten\\\/\"},{\"@type\":\"ListItem\",\"position\":3,\"name\":\"Jetstream 240\"}]},{\"@type\":\"WebSite\",\"@id\":\"https:\\\/\\\/www.be-cool.nl\\\/it\\\/#website\",\"url\":\"https:\\\/\\\/www.be-cool.nl\\\/it\\\/\",\"name\":\"Be-Cool\",\"description\":\"\",\"publisher\":{\"@id\":\"https:\\\/\\\/www.be-cool.nl\\\/it\\\/#organization\"},\"potentialAction\":[{\"@type\":\"SearchAction\",\"target\":{\"@type\":\"EntryPoint\",\"urlTemplate\":\"https:\\\/\\\/www.be-cool.nl\\\/it\\\/?s={search_term_string}\"},\"query-input\":{\"@type\":\"PropertyValueSpecification\",\"valueRequired\":true,\"valueName\":\"search_term_string\"}}],\"inLanguage\":\"it-IT\"},{\"@type\":\"Organization\",\"@id\":\"https:\\\/\\\/www.be-cool.nl\\\/it\\\/#organization\",\"name\":\"Be-Cool\",\"url\":\"https:\\\/\\\/www.be-cool.nl\\\/it\\\/\",\"logo\":{\"@type\":\"ImageObject\",\"inLanguage\":\"it-IT\",\"@id\":\"https:\\\/\\\/www.be-cool.nl\\\/it\\\/#\\\/schema\\\/logo\\\/image\\\/\",\"url\":\"https:\\\/\\\/www.be-cool.nl\\\/wp-content\\\/uploads\\\/Be-cool_Logo.png\",\"contentUrl\":\"https:\\\/\\\/www.be-cool.nl\\\/wp-content\\\/uploads\\\/Be-cool_Logo.png\",\"width\":426,\"height\":142,\"caption\":\"Be-Cool\"},\"image\":{\"@id\":\"https:\\\/\\\/www.be-cool.nl\\\/it\\\/#\\\/schema\\\/logo\\\/image\\\/\"}}]}<\/script>\n<!-- \/ Yoast SEO plugin. -->","yoast_head_json":{"title":"Jetstream 240 - Be-Cool","robots":{"index":"index","follow":"follow","max-snippet":"max-snippet:-1","max-image-preview":"max-image-preview:large","max-video-preview":"max-video-preview:-1"},"canonical":"https:\/\/www.be-cool.nl\/it\/winkel\/be-cool-jetstream-it\/jetstream-240\/","og_locale":"it_IT","og_type":"article","og_title":"Jetstream 240 - Be-Cool","og_description":"Questo frigorifero \u00e8 in affitto  Il Jetstream 240 offre la massima adattabilit\u00e0 per il raffreddamento dove \u00e8 necessario. Con l'ingombro pi\u00f9 piccolo della serie Jetstream, Jetstream 240 non \u00e8 solo facile da spostare, ma pu\u00f2 adattarsi allo spazio pi\u00f9 piccolo. L'indicatore del livello dell'acqua e il pannello di controllo di facile utilizzo rendono il funzionamento semplice per tutti.","og_url":"https:\/\/www.be-cool.nl\/it\/winkel\/be-cool-jetstream-it\/jetstream-240\/","og_site_name":"Be-Cool","article_modified_time":"2022-06-08T06:41:07+00:00","og_image":[{"width":800,"height":800,"url":"https:\/\/www.be-cool.nl\/wp-content\/uploads\/Portacool-Jetstream-240-Nederlands-104.jpg","type":"image\/jpeg"}],"twitter_card":"summary_large_image","twitter_misc":{"Tempo di lettura stimato":"2 minuti"},"schema":{"@context":"https:\/\/schema.org","@graph":[{"@type":"WebPage","@id":"https:\/\/www.be-cool.nl\/it\/winkel\/be-cool-jetstream-it\/jetstream-240\/","url":"https:\/\/www.be-cool.nl\/it\/winkel\/be-cool-jetstream-it\/jetstream-240\/","name":"Jetstream 240 - Be-Cool","isPartOf":{"@id":"https:\/\/www.be-cool.nl\/it\/#website"},"primaryImageOfPage":{"@id":"https:\/\/www.be-cool.nl\/it\/winkel\/be-cool-jetstream-it\/jetstream-240\/#primaryimage"},"image":{"@id":"https:\/\/www.be-cool.nl\/it\/winkel\/be-cool-jetstream-it\/jetstream-240\/#primaryimage"},"thumbnailUrl":"https:\/\/www.be-cool.nl\/wp-content\/uploads\/Portacool-Jetstream-240-Nederlands-104.jpg","datePublished":"2022-03-07T11:03:57+00:00","dateModified":"2022-06-08T06:41:07+00:00","breadcrumb":{"@id":"https:\/\/www.be-cool.nl\/it\/winkel\/be-cool-jetstream-it\/jetstream-240\/#breadcrumb"},"inLanguage":"it-IT","potentialAction":[{"@type":"ReadAction","target":["https:\/\/www.be-cool.nl\/it\/winkel\/be-cool-jetstream-it\/jetstream-240\/"]}]},{"@type":"ImageObject","inLanguage":"it-IT","@id":"https:\/\/www.be-cool.nl\/it\/winkel\/be-cool-jetstream-it\/jetstream-240\/#primaryimage","url":"https:\/\/www.be-cool.nl\/wp-content\/uploads\/Portacool-Jetstream-240-Nederlands-104.jpg","contentUrl":"https:\/\/www.be-cool.nl\/wp-content\/uploads\/Portacool-Jetstream-240-Nederlands-104.jpg","width":800,"height":800},{"@type":"BreadcrumbList","@id":"https:\/\/www.be-cool.nl\/it\/winkel\/be-cool-jetstream-it\/jetstream-240\/#breadcrumb","itemListElement":[{"@type":"ListItem","position":1,"name":"Home","item":"https:\/\/www.be-cool.nl\/it\/"},{"@type":"ListItem","position":2,"name":"Producten","item":"https:\/\/www.be-cool.nl\/producten\/"},{"@type":"ListItem","position":3,"name":"Jetstream 240"}]},{"@type":"WebSite","@id":"https:\/\/www.be-cool.nl\/it\/#website","url":"https:\/\/www.be-cool.nl\/it\/","name":"Be-Cool","description":"","publisher":{"@id":"https:\/\/www.be-cool.nl\/it\/#organization"},"potentialAction":[{"@type":"SearchAction","target":{"@type":"EntryPoint","urlTemplate":"https:\/\/www.be-cool.nl\/it\/?s={search_term_string}"},"query-input":{"@type":"PropertyValueSpecification","valueRequired":true,"valueName":"search_term_string"}}],"inLanguage":"it-IT"},{"@type":"Organization","@id":"https:\/\/www.be-cool.nl\/it\/#organization","name":"Be-Cool","url":"https:\/\/www.be-cool.nl\/it\/","logo":{"@type":"ImageObject","inLanguage":"it-IT","@id":"https:\/\/www.be-cool.nl\/it\/#\/schema\/logo\/image\/","url":"https:\/\/www.be-cool.nl\/wp-content\/uploads\/Be-cool_Logo.png","contentUrl":"https:\/\/www.be-cool.nl\/wp-content\/uploads\/Be-cool_Logo.png","width":426,"height":142,"caption":"Be-Cool"},"image":{"@id":"https:\/\/www.be-cool.nl\/it\/#\/schema\/logo\/image\/"}}]}},"_links":{"self":[{"href":"https:\/\/www.be-cool.nl\/it\/wp-json\/wp\/v2\/product\/1458","targetHints":{"allow":["GET"]}}],"collection":[{"href":"https:\/\/www.be-cool.nl\/it\/wp-json\/wp\/v2\/product"}],"about":[{"href":"https:\/\/www.be-cool.nl\/it\/wp-json\/wp\/v2\/types\/product"}],"wp:featuredmedia":[{"embeddable":true,"href":"https:\/\/www.be-cool.nl\/it\/wp-json\/wp\/v2\/media\/1230"}],"wp:attachment":[{"href":"https:\/\/www.be-cool.nl\/it\/wp-json\/wp\/v2\/media?parent=1458"}],"wp:term":[{"taxonomy":"product_brand","embeddable":true,"href":"https:\/\/www.be-cool.nl\/it\/wp-json\/wp\/v2\/product_brand?post=1458"},{"taxonomy":"product_cat","embeddable":true,"href":"https:\/\/www.be-cool.nl\/it\/wp-json\/wp\/v2\/product_cat?post=1458"},{"taxonomy":"product_tag","embeddable":true,"href":"https:\/\/www.be-cool.nl\/it\/wp-json\/wp\/v2\/product_tag?post=1458"}],"curies":[{"name":"wp","href":"https:\/\/api.w.org\/{rel}","templated":true}]}}