{"id":1462,"date":"2022-02-02T11:46:00","date_gmt":"2022-02-02T10:46:00","guid":{"rendered":"https:\/\/www.be-cool.nl\/?post_type=product&#038;p=1462"},"modified":"2024-05-24T10:48:42","modified_gmt":"2024-05-24T08:48:42","slug":"be-cool-230","status":"publish","type":"product","link":"https:\/\/www.be-cool.nl\/it\/winkel\/be-cool-serie-it\/be-cool-230\/","title":{"rendered":"Be-cool 230"},"content":{"rendered":"","protected":false},"excerpt":{"rendered":"<p>Questo frigorifero \u00e8 in affitto.<\/p>\n<ul class=\"check-icon\">\n<li>Portata d&#8217;aria: 18000 m3\/h<\/li>\n<li>Velocit\u00e0: variabile<\/li>\n<li>Capacit\u00e0 di raffreddamento: 160 m2<\/li>\n<li>Serbatoio dell&#8217;acqua: 120 L<\/li>\n<li>Suono: 40db~70db<\/li>\n<li>Dimensioni (cm): 141(H)\u00d798(W)\u00d770(D)cm<\/li>\n<li>Peso: 80 kg<\/li>\n<li>Consumo energetico: 0,67 kW (650Watt)<\/li>\n<\/ul>\n","protected":false},"featured_media":578,"template":"","meta":{"_glsr_average":0,"_glsr_ranking":0,"_glsr_reviews":0},"product_brand":[],"product_cat":[118,111],"product_tag":[],"class_list":{"0":"post-1462","1":"product","2":"type-product","3":"status-publish","4":"has-post-thumbnail","6":"product_cat-affitto","7":"product_cat-be-cool-serie-it","9":"first","10":"instock","11":"shipping-taxable","12":"product-type-simple"},"yoast_head":"<!-- This site is optimized with the Yoast SEO plugin v27.4 - https:\/\/yoast.com\/product\/yoast-seo-wordpress\/ -->\n<title>Be-cool 230 - Be-Cool<\/title>\n<meta name=\"robots\" content=\"index, follow, max-snippet:-1, max-image-preview:large, max-video-preview:-1\" \/>\n<link rel=\"canonical\" href=\"https:\/\/www.be-cool.nl\/it\/winkel\/be-cool-serie-it\/be-cool-230\/\" \/>\n<meta property=\"og:locale\" content=\"it_IT\" \/>\n<meta property=\"og:type\" content=\"article\" \/>\n<meta property=\"og:title\" content=\"Be-cool 230 - Be-Cool\" \/>\n<meta property=\"og:description\" content=\"Questo frigorifero \u00e8 in affitto.    Portata d&#039;aria: 18000 m3\/h  Velocit\u00e0: variabile  Capacit\u00e0 di raffreddamento: 160 m2  Serbatoio dell&#039;acqua: 120 L  Suono: 40db~70db  Dimensioni (cm): 141(H)\u00d798(W)\u00d770(D)cm  Peso: 80 kg  Consumo energetico: 0,67 kW (650Watt)\" \/>\n<meta property=\"og:url\" content=\"https:\/\/www.be-cool.nl\/it\/winkel\/be-cool-serie-it\/be-cool-230\/\" \/>\n<meta property=\"og:site_name\" content=\"Be-Cool\" \/>\n<meta property=\"article:modified_time\" content=\"2024-05-24T08:48:42+00:00\" \/>\n<meta property=\"og:image\" content=\"https:\/\/www.be-cool.nl\/wp-content\/uploads\/Be-cool_340.png\" \/>\n\t<meta property=\"og:image:width\" content=\"498\" \/>\n\t<meta property=\"og:image:height\" content=\"376\" \/>\n\t<meta property=\"og:image:type\" content=\"image\/png\" \/>\n<meta name=\"twitter:card\" content=\"summary_large_image\" \/>\n<meta name=\"twitter:label1\" content=\"Tempo di lettura stimato\" \/>\n\t<meta name=\"twitter:data1\" content=\"1 minuto\" \/>\n<script type=\"application\/ld+json\" class=\"yoast-schema-graph\">{\"@context\":\"https:\\\/\\\/schema.org\",\"@graph\":[{\"@type\":\"WebPage\",\"@id\":\"https:\\\/\\\/www.be-cool.nl\\\/it\\\/winkel\\\/be-cool-serie-it\\\/be-cool-230\\\/\",\"url\":\"https:\\\/\\\/www.be-cool.nl\\\/it\\\/winkel\\\/be-cool-serie-it\\\/be-cool-230\\\/\",\"name\":\"Be-cool 230 - Be-Cool\",\"isPartOf\":{\"@id\":\"https:\\\/\\\/www.be-cool.nl\\\/it\\\/#website\"},\"primaryImageOfPage\":{\"@id\":\"https:\\\/\\\/www.be-cool.nl\\\/it\\\/winkel\\\/be-cool-serie-it\\\/be-cool-230\\\/#primaryimage\"},\"image\":{\"@id\":\"https:\\\/\\\/www.be-cool.nl\\\/it\\\/winkel\\\/be-cool-serie-it\\\/be-cool-230\\\/#primaryimage\"},\"thumbnailUrl\":\"https:\\\/\\\/www.be-cool.nl\\\/wp-content\\\/uploads\\\/Be-cool_340.png\",\"datePublished\":\"2022-02-02T10:46:00+00:00\",\"dateModified\":\"2024-05-24T08:48:42+00:00\",\"breadcrumb\":{\"@id\":\"https:\\\/\\\/www.be-cool.nl\\\/it\\\/winkel\\\/be-cool-serie-it\\\/be-cool-230\\\/#breadcrumb\"},\"inLanguage\":\"it-IT\",\"potentialAction\":[{\"@type\":\"ReadAction\",\"target\":[\"https:\\\/\\\/www.be-cool.nl\\\/it\\\/winkel\\\/be-cool-serie-it\\\/be-cool-230\\\/\"]}]},{\"@type\":\"ImageObject\",\"inLanguage\":\"it-IT\",\"@id\":\"https:\\\/\\\/www.be-cool.nl\\\/it\\\/winkel\\\/be-cool-serie-it\\\/be-cool-230\\\/#primaryimage\",\"url\":\"https:\\\/\\\/www.be-cool.nl\\\/wp-content\\\/uploads\\\/Be-cool_340.png\",\"contentUrl\":\"https:\\\/\\\/www.be-cool.nl\\\/wp-content\\\/uploads\\\/Be-cool_340.png\",\"width\":498,\"height\":376},{\"@type\":\"BreadcrumbList\",\"@id\":\"https:\\\/\\\/www.be-cool.nl\\\/it\\\/winkel\\\/be-cool-serie-it\\\/be-cool-230\\\/#breadcrumb\",\"itemListElement\":[{\"@type\":\"ListItem\",\"position\":1,\"name\":\"Home\",\"item\":\"https:\\\/\\\/www.be-cool.nl\\\/it\\\/\"},{\"@type\":\"ListItem\",\"position\":2,\"name\":\"Producten\",\"item\":\"https:\\\/\\\/www.be-cool.nl\\\/producten\\\/\"},{\"@type\":\"ListItem\",\"position\":3,\"name\":\"Be-cool 230\"}]},{\"@type\":\"WebSite\",\"@id\":\"https:\\\/\\\/www.be-cool.nl\\\/it\\\/#website\",\"url\":\"https:\\\/\\\/www.be-cool.nl\\\/it\\\/\",\"name\":\"Be-Cool\",\"description\":\"\",\"publisher\":{\"@id\":\"https:\\\/\\\/www.be-cool.nl\\\/it\\\/#organization\"},\"potentialAction\":[{\"@type\":\"SearchAction\",\"target\":{\"@type\":\"EntryPoint\",\"urlTemplate\":\"https:\\\/\\\/www.be-cool.nl\\\/it\\\/?s={search_term_string}\"},\"query-input\":{\"@type\":\"PropertyValueSpecification\",\"valueRequired\":true,\"valueName\":\"search_term_string\"}}],\"inLanguage\":\"it-IT\"},{\"@type\":\"Organization\",\"@id\":\"https:\\\/\\\/www.be-cool.nl\\\/it\\\/#organization\",\"name\":\"Be-Cool\",\"url\":\"https:\\\/\\\/www.be-cool.nl\\\/it\\\/\",\"logo\":{\"@type\":\"ImageObject\",\"inLanguage\":\"it-IT\",\"@id\":\"https:\\\/\\\/www.be-cool.nl\\\/it\\\/#\\\/schema\\\/logo\\\/image\\\/\",\"url\":\"https:\\\/\\\/www.be-cool.nl\\\/wp-content\\\/uploads\\\/Be-cool_Logo.png\",\"contentUrl\":\"https:\\\/\\\/www.be-cool.nl\\\/wp-content\\\/uploads\\\/Be-cool_Logo.png\",\"width\":426,\"height\":142,\"caption\":\"Be-Cool\"},\"image\":{\"@id\":\"https:\\\/\\\/www.be-cool.nl\\\/it\\\/#\\\/schema\\\/logo\\\/image\\\/\"}}]}<\/script>\n<!-- \/ Yoast SEO plugin. -->","yoast_head_json":{"title":"Be-cool 230 - Be-Cool","robots":{"index":"index","follow":"follow","max-snippet":"max-snippet:-1","max-image-preview":"max-image-preview:large","max-video-preview":"max-video-preview:-1"},"canonical":"https:\/\/www.be-cool.nl\/it\/winkel\/be-cool-serie-it\/be-cool-230\/","og_locale":"it_IT","og_type":"article","og_title":"Be-cool 230 - Be-Cool","og_description":"Questo frigorifero \u00e8 in affitto.    Portata d'aria: 18000 m3\/h  Velocit\u00e0: variabile  Capacit\u00e0 di raffreddamento: 160 m2  Serbatoio dell'acqua: 120 L  Suono: 40db~70db  Dimensioni (cm): 141(H)\u00d798(W)\u00d770(D)cm  Peso: 80 kg  Consumo energetico: 0,67 kW (650Watt)","og_url":"https:\/\/www.be-cool.nl\/it\/winkel\/be-cool-serie-it\/be-cool-230\/","og_site_name":"Be-Cool","article_modified_time":"2024-05-24T08:48:42+00:00","og_image":[{"width":498,"height":376,"url":"https:\/\/www.be-cool.nl\/wp-content\/uploads\/Be-cool_340.png","type":"image\/png"}],"twitter_card":"summary_large_image","twitter_misc":{"Tempo di lettura stimato":"1 minuto"},"schema":{"@context":"https:\/\/schema.org","@graph":[{"@type":"WebPage","@id":"https:\/\/www.be-cool.nl\/it\/winkel\/be-cool-serie-it\/be-cool-230\/","url":"https:\/\/www.be-cool.nl\/it\/winkel\/be-cool-serie-it\/be-cool-230\/","name":"Be-cool 230 - Be-Cool","isPartOf":{"@id":"https:\/\/www.be-cool.nl\/it\/#website"},"primaryImageOfPage":{"@id":"https:\/\/www.be-cool.nl\/it\/winkel\/be-cool-serie-it\/be-cool-230\/#primaryimage"},"image":{"@id":"https:\/\/www.be-cool.nl\/it\/winkel\/be-cool-serie-it\/be-cool-230\/#primaryimage"},"thumbnailUrl":"https:\/\/www.be-cool.nl\/wp-content\/uploads\/Be-cool_340.png","datePublished":"2022-02-02T10:46:00+00:00","dateModified":"2024-05-24T08:48:42+00:00","breadcrumb":{"@id":"https:\/\/www.be-cool.nl\/it\/winkel\/be-cool-serie-it\/be-cool-230\/#breadcrumb"},"inLanguage":"it-IT","potentialAction":[{"@type":"ReadAction","target":["https:\/\/www.be-cool.nl\/it\/winkel\/be-cool-serie-it\/be-cool-230\/"]}]},{"@type":"ImageObject","inLanguage":"it-IT","@id":"https:\/\/www.be-cool.nl\/it\/winkel\/be-cool-serie-it\/be-cool-230\/#primaryimage","url":"https:\/\/www.be-cool.nl\/wp-content\/uploads\/Be-cool_340.png","contentUrl":"https:\/\/www.be-cool.nl\/wp-content\/uploads\/Be-cool_340.png","width":498,"height":376},{"@type":"BreadcrumbList","@id":"https:\/\/www.be-cool.nl\/it\/winkel\/be-cool-serie-it\/be-cool-230\/#breadcrumb","itemListElement":[{"@type":"ListItem","position":1,"name":"Home","item":"https:\/\/www.be-cool.nl\/it\/"},{"@type":"ListItem","position":2,"name":"Producten","item":"https:\/\/www.be-cool.nl\/producten\/"},{"@type":"ListItem","position":3,"name":"Be-cool 230"}]},{"@type":"WebSite","@id":"https:\/\/www.be-cool.nl\/it\/#website","url":"https:\/\/www.be-cool.nl\/it\/","name":"Be-Cool","description":"","publisher":{"@id":"https:\/\/www.be-cool.nl\/it\/#organization"},"potentialAction":[{"@type":"SearchAction","target":{"@type":"EntryPoint","urlTemplate":"https:\/\/www.be-cool.nl\/it\/?s={search_term_string}"},"query-input":{"@type":"PropertyValueSpecification","valueRequired":true,"valueName":"search_term_string"}}],"inLanguage":"it-IT"},{"@type":"Organization","@id":"https:\/\/www.be-cool.nl\/it\/#organization","name":"Be-Cool","url":"https:\/\/www.be-cool.nl\/it\/","logo":{"@type":"ImageObject","inLanguage":"it-IT","@id":"https:\/\/www.be-cool.nl\/it\/#\/schema\/logo\/image\/","url":"https:\/\/www.be-cool.nl\/wp-content\/uploads\/Be-cool_Logo.png","contentUrl":"https:\/\/www.be-cool.nl\/wp-content\/uploads\/Be-cool_Logo.png","width":426,"height":142,"caption":"Be-Cool"},"image":{"@id":"https:\/\/www.be-cool.nl\/it\/#\/schema\/logo\/image\/"}}]}},"_links":{"self":[{"href":"https:\/\/www.be-cool.nl\/it\/wp-json\/wp\/v2\/product\/1462","targetHints":{"allow":["GET"]}}],"collection":[{"href":"https:\/\/www.be-cool.nl\/it\/wp-json\/wp\/v2\/product"}],"about":[{"href":"https:\/\/www.be-cool.nl\/it\/wp-json\/wp\/v2\/types\/product"}],"wp:featuredmedia":[{"embeddable":true,"href":"https:\/\/www.be-cool.nl\/it\/wp-json\/wp\/v2\/media\/578"}],"wp:attachment":[{"href":"https:\/\/www.be-cool.nl\/it\/wp-json\/wp\/v2\/media?parent=1462"}],"wp:term":[{"taxonomy":"product_brand","embeddable":true,"href":"https:\/\/www.be-cool.nl\/it\/wp-json\/wp\/v2\/product_brand?post=1462"},{"taxonomy":"product_cat","embeddable":true,"href":"https:\/\/www.be-cool.nl\/it\/wp-json\/wp\/v2\/product_cat?post=1462"},{"taxonomy":"product_tag","embeddable":true,"href":"https:\/\/www.be-cool.nl\/it\/wp-json\/wp\/v2\/product_tag?post=1462"}],"curies":[{"name":"wp","href":"https:\/\/api.w.org\/{rel}","templated":true}]}}